{"id":927,"date":"2022-09-14T17:45:53","date_gmt":"2022-09-14T17:45:53","guid":{"rendered":"https:\/\/www.foodbanking.org\/?page_id=927"},"modified":"2025-11-26T16:04:07","modified_gmt":"2025-11-26T16:04:07","slug":"donate","status":"publish","type":"page","link":"https:\/\/www.foodbanking.org\/vi\/donate\/","title":{"rendered":"Quy\u00ean t\u1eb7ng"},"content":{"rendered":"","protected":false},"excerpt":{"rendered":"","protected":false},"author":1,"featured_media":0,"parent":0,"menu_order":0,"comment_status":"closed","ping_status":"closed","template":"page-templates\/donate-responsive-blv.php","meta":{"inline_featured_image":false,"footnotes":""},"class_list":["post-927","page","type-page","status-publish","hentry"],"acf":[],"yoast_head":"<title>Donate Today | The Global FoodBanking Network<\/title>\n<meta name=\"description\" content=\"Millions of people need access to safe, wholesome food. With your help, we can alleviate hunger through locally led food banks.\" \/>\n<meta name=\"robots\" content=\"index, follow, max-snippet:-1, max-image-preview:large, max-video-preview:-1\" \/>\n<link rel=\"canonical\" href=\"https:\/\/www.foodbanking.org\/vi\/donate\/\" \/>\n<meta property=\"og:locale\" content=\"vi_VN\" \/>\n<meta property=\"og:type\" content=\"article\" \/>\n<meta property=\"og:title\" content=\"Donate Today: The Global FoodBanking Network\" \/>\n<meta property=\"og:description\" content=\"Millions of people need access to safe, wholesome food. With your help, we can make it happen!\" \/>\n<meta property=\"og:url\" content=\"https:\/\/www.foodbanking.org\/vi\/donate\/\" \/>\n<meta property=\"og:site_name\" content=\"The Global FoodBanking Network\" \/>\n<meta property=\"article:publisher\" content=\"https:\/\/www.facebook.com\/foodbanking\" \/>\n<meta property=\"article:modified_time\" content=\"2025-11-26T16:04:07+00:00\" \/>\n<meta property=\"og:image\" content=\"https:\/\/www.foodbanking.org\/wp-content\/uploads\/2023\/06\/50814134583_34844a5a25_k-2.jpg\" \/>\n\t<meta property=\"og:image:width\" content=\"2048\" \/>\n\t<meta property=\"og:image:height\" content=\"1365\" \/>\n\t<meta property=\"og:image:type\" content=\"image\/jpeg\" \/>\n<meta name=\"twitter:card\" content=\"summary_large_image\" \/>\n<meta name=\"twitter:title\" content=\"Donate Today: The Global FoodBanking Network\" \/>\n<meta name=\"twitter:description\" content=\"Millions of people need access to safe, wholesome food. With your help, we can make it happen!\" \/>\n<meta name=\"twitter:image\" content=\"https:\/\/www.foodbanking.org\/wp-content\/uploads\/2023\/06\/50814134583_34844a5a25_k-2.jpg\" \/>\n<meta name=\"twitter:site\" content=\"@foodbanking\" \/>\n<meta name=\"twitter:label1\" content=\"\u01af\u1edbc t\u00ednh th\u1eddi gian \u0111\u1ecdc\" \/>\n\t<meta name=\"twitter:data1\" content=\"2 ph\u00fat\" \/>\n<script type=\"application\/ld+json\" class=\"yoast-schema-graph\">{\"@context\":\"https:\\\/\\\/schema.org\",\"@graph\":[{\"@type\":\"WebPage\",\"@id\":\"https:\\\/\\\/www.foodbanking.org\\\/donate\\\/\",\"url\":\"https:\\\/\\\/www.foodbanking.org\\\/donate\\\/\",\"name\":\"Donate Today | The Global FoodBanking Network\",\"isPartOf\":{\"@id\":\"https:\\\/\\\/www.foodbanking.org\\\/#website\"},\"datePublished\":\"2022-09-14T17:45:53+00:00\",\"dateModified\":\"2025-11-26T16:04:07+00:00\",\"description\":\"Millions of people need access to safe, wholesome food. With your help, we can alleviate hunger through locally led food banks.\",\"breadcrumb\":{\"@id\":\"https:\\\/\\\/www.foodbanking.org\\\/donate\\\/#breadcrumb\"},\"inLanguage\":\"vi\",\"potentialAction\":[{\"@type\":\"ReadAction\",\"target\":[\"https:\\\/\\\/www.foodbanking.org\\\/donate\\\/\"]}]},{\"@type\":\"BreadcrumbList\",\"@id\":\"https:\\\/\\\/www.foodbanking.org\\\/donate\\\/#breadcrumb\",\"itemListElement\":[{\"@type\":\"ListItem\",\"position\":1,\"name\":\"Home\",\"item\":\"https:\\\/\\\/www.foodbanking.org\\\/\"},{\"@type\":\"ListItem\",\"position\":2,\"name\":\"Donate\"}]},{\"@type\":\"WebSite\",\"@id\":\"https:\\\/\\\/www.foodbanking.org\\\/#website\",\"url\":\"https:\\\/\\\/www.foodbanking.org\\\/\",\"name\":\"The Global FoodBanking Network\",\"description\":\"\",\"publisher\":{\"@id\":\"https:\\\/\\\/www.foodbanking.org\\\/#organization\"},\"alternateName\":\"GFN\",\"potentialAction\":[{\"@type\":\"SearchAction\",\"target\":{\"@type\":\"EntryPoint\",\"urlTemplate\":\"https:\\\/\\\/www.foodbanking.org\\\/?s={search_term_string}\"},\"query-input\":{\"@type\":\"PropertyValueSpecification\",\"valueRequired\":true,\"valueName\":\"search_term_string\"}}],\"inLanguage\":\"vi\"},{\"@type\":\"Organization\",\"@id\":\"https:\\\/\\\/www.foodbanking.org\\\/#organization\",\"name\":\"The Global FoodBanking Network\",\"alternateName\":\"GFN\",\"url\":\"https:\\\/\\\/www.foodbanking.org\\\/\",\"logo\":{\"@type\":\"ImageObject\",\"inLanguage\":\"vi\",\"@id\":\"https:\\\/\\\/www.foodbanking.org\\\/#\\\/schema\\\/logo\\\/image\\\/\",\"url\":\"https:\\\/\\\/www.foodbanking.org\\\/wp-content\\\/uploads\\\/2023\\\/05\\\/GFN_Logo_Teal.png\",\"contentUrl\":\"https:\\\/\\\/www.foodbanking.org\\\/wp-content\\\/uploads\\\/2023\\\/05\\\/GFN_Logo_Teal.png\",\"width\":1000,\"height\":296,\"caption\":\"The Global FoodBanking Network\"},\"image\":{\"@id\":\"https:\\\/\\\/www.foodbanking.org\\\/#\\\/schema\\\/logo\\\/image\\\/\"},\"sameAs\":[\"https:\\\/\\\/www.facebook.com\\\/foodbanking\",\"https:\\\/\\\/x.com\\\/foodbanking\",\"https:\\\/\\\/www.instagram.com\\\/foodbanking\",\"https:\\\/\\\/www.linkedin.com\\\/company\\\/the-global-foodbanking-network\\\/\"],\"ownershipFundingInfo\":\"https:\\\/\\\/www.foodbanking.org\\\/annual-reports-and-financials\\\/\",\"actionableFeedbackPolicy\":\"https:\\\/\\\/www.foodbanking.org\\\/contact-us\\\/\"}]}<\/script>","yoast_head_json":{"title":"Quy\u00ean g\u00f3p ngay h\u00f4m nay | M\u1ea1ng l\u01b0\u1edbi Ng\u00e2n h\u00e0ng Th\u1ef1c ph\u1ea9m To\u00e0n c\u1ea7u","description":"H\u00e0ng tri\u1ec7u ng\u01b0\u1eddi c\u1ea7n \u0111\u01b0\u1ee3c ti\u1ebfp c\u1eadn v\u1edbi th\u1ef1c ph\u1ea9m an to\u00e0n v\u00e0 l\u00e0nh m\u1ea1nh. V\u1edbi s\u1ef1 gi\u00fap \u0111\u1ee1 c\u1ee7a b\u1ea1n, ch\u00fang ta c\u00f3 th\u1ec3 gi\u1ea3m b\u1edbt n\u1ea1n \u0111\u00f3i th\u00f4ng qua c\u00e1c ng\u00e2n h\u00e0ng th\u1ef1c ph\u1ea9m do c\u1ed9ng \u0111\u1ed3ng \u0111\u1ecba ph\u01b0\u01a1ng \u0111i\u1ec1u h\u00e0nh.","robots":{"index":"index","follow":"follow","max-snippet":"max-snippet:-1","max-image-preview":"max-image-preview:large","max-video-preview":"max-video-preview:-1"},"canonical":"https:\/\/www.foodbanking.org\/vi\/donate\/","og_locale":"vi_VN","og_type":"article","og_title":"Donate Today: The Global FoodBanking Network","og_description":"Millions of people need access to safe, wholesome food. With your help, we can make it happen!","og_url":"https:\/\/www.foodbanking.org\/vi\/donate\/","og_site_name":"The Global FoodBanking Network","article_publisher":"https:\/\/www.facebook.com\/foodbanking","article_modified_time":"2025-11-26T16:04:07+00:00","og_image":[{"width":2048,"height":1365,"url":"https:\/\/www.foodbanking.org\/wp-content\/uploads\/2023\/06\/50814134583_34844a5a25_k-2.jpg","type":"image\/jpeg"}],"twitter_card":"summary_large_image","twitter_title":"Donate Today: The Global FoodBanking Network","twitter_description":"Millions of people need access to safe, wholesome food. With your help, we can make it happen!","twitter_image":"https:\/\/www.foodbanking.org\/wp-content\/uploads\/2023\/06\/50814134583_34844a5a25_k-2.jpg","twitter_site":"@foodbanking","twitter_misc":{"\u01af\u1edbc t\u00ednh th\u1eddi gian \u0111\u1ecdc":"2 ph\u00fat"},"schema":{"@context":"https:\/\/schema.org","@graph":[{"@type":"WebPage","@id":"https:\/\/www.foodbanking.org\/donate\/","url":"https:\/\/www.foodbanking.org\/donate\/","name":"Quy\u00ean g\u00f3p ngay h\u00f4m nay | M\u1ea1ng l\u01b0\u1edbi Ng\u00e2n h\u00e0ng Th\u1ef1c ph\u1ea9m To\u00e0n c\u1ea7u","isPartOf":{"@id":"https:\/\/www.foodbanking.org\/#website"},"datePublished":"2022-09-14T17:45:53+00:00","dateModified":"2025-11-26T16:04:07+00:00","description":"H\u00e0ng tri\u1ec7u ng\u01b0\u1eddi c\u1ea7n \u0111\u01b0\u1ee3c ti\u1ebfp c\u1eadn v\u1edbi th\u1ef1c ph\u1ea9m an to\u00e0n v\u00e0 l\u00e0nh m\u1ea1nh. V\u1edbi s\u1ef1 gi\u00fap \u0111\u1ee1 c\u1ee7a b\u1ea1n, ch\u00fang ta c\u00f3 th\u1ec3 gi\u1ea3m b\u1edbt n\u1ea1n \u0111\u00f3i th\u00f4ng qua c\u00e1c ng\u00e2n h\u00e0ng th\u1ef1c ph\u1ea9m do c\u1ed9ng \u0111\u1ed3ng \u0111\u1ecba ph\u01b0\u01a1ng \u0111i\u1ec1u h\u00e0nh.","breadcrumb":{"@id":"https:\/\/www.foodbanking.org\/donate\/#breadcrumb"},"inLanguage":"vi","potentialAction":[{"@type":"ReadAction","target":["https:\/\/www.foodbanking.org\/donate\/"]}]},{"@type":"BreadcrumbList","@id":"https:\/\/www.foodbanking.org\/donate\/#breadcrumb","itemListElement":[{"@type":"ListItem","position":1,"name":"Home","item":"https:\/\/www.foodbanking.org\/"},{"@type":"ListItem","position":2,"name":"Donate"}]},{"@type":"WebSite","@id":"https:\/\/www.foodbanking.org\/#website","url":"https:\/\/www.foodbanking.org\/","name":"M\u1ea1ng l\u01b0\u1edbi Ng\u00e2n h\u00e0ng Th\u1ef1c ph\u1ea9m To\u00e0n c\u1ea7u","description":"","publisher":{"@id":"https:\/\/www.foodbanking.org\/#organization"},"alternateName":"GFN","potentialAction":[{"@type":"SearchAction","target":{"@type":"EntryPoint","urlTemplate":"https:\/\/www.foodbanking.org\/?s={search_term_string}"},"query-input":{"@type":"PropertyValueSpecification","valueRequired":true,"valueName":"search_term_string"}}],"inLanguage":"vi"},{"@type":"Organization","@id":"https:\/\/www.foodbanking.org\/#organization","name":"M\u1ea1ng l\u01b0\u1edbi Ng\u00e2n h\u00e0ng Th\u1ef1c ph\u1ea9m To\u00e0n c\u1ea7u","alternateName":"GFN","url":"https:\/\/www.foodbanking.org\/","logo":{"@type":"ImageObject","inLanguage":"vi","@id":"https:\/\/www.foodbanking.org\/#\/schema\/logo\/image\/","url":"https:\/\/www.foodbanking.org\/wp-content\/uploads\/2023\/05\/GFN_Logo_Teal.png","contentUrl":"https:\/\/www.foodbanking.org\/wp-content\/uploads\/2023\/05\/GFN_Logo_Teal.png","width":1000,"height":296,"caption":"The Global FoodBanking Network"},"image":{"@id":"https:\/\/www.foodbanking.org\/#\/schema\/logo\/image\/"},"sameAs":["https:\/\/www.facebook.com\/foodbanking","https:\/\/x.com\/foodbanking","https:\/\/www.instagram.com\/foodbanking","https:\/\/www.linkedin.com\/company\/the-global-foodbanking-network\/"],"ownershipFundingInfo":"https:\/\/www.foodbanking.org\/annual-reports-and-financials\/","actionableFeedbackPolicy":"https:\/\/www.foodbanking.org\/contact-us\/"}]}},"_links":{"self":[{"href":"https:\/\/www.foodbanking.org\/vi\/wp-json\/wp\/v2\/pages\/927","targetHints":{"allow":["GET"]}}],"collection":[{"href":"https:\/\/www.foodbanking.org\/vi\/wp-json\/wp\/v2\/pages"}],"about":[{"href":"https:\/\/www.foodbanking.org\/vi\/wp-json\/wp\/v2\/types\/page"}],"author":[{"embeddable":true,"href":"https:\/\/www.foodbanking.org\/vi\/wp-json\/wp\/v2\/users\/1"}],"replies":[{"embeddable":true,"href":"https:\/\/www.foodbanking.org\/vi\/wp-json\/wp\/v2\/comments?post=927"}],"version-history":[{"count":0,"href":"https:\/\/www.foodbanking.org\/vi\/wp-json\/wp\/v2\/pages\/927\/revisions"}],"wp:attachment":[{"href":"https:\/\/www.foodbanking.org\/vi\/wp-json\/wp\/v2\/media?parent=927"}],"curies":[{"name":"trang web","href":"https:\/\/api.w.org\/{rel}","templated":true}]}}