{"id":793,"date":"2022-09-13T23:39:47","date_gmt":"2022-09-13T23:39:47","guid":{"rendered":"https:\/\/www.foodbanking.org\/?page_id=793"},"modified":"2024-04-12T01:31:36","modified_gmt":"2024-04-12T01:31:36","slug":"preparing-for-and-responding-to-crises","status":"publish","type":"page","link":"https:\/\/www.foodbanking.org\/vi\/preparing-for-and-responding-to-crises\/","title":{"rendered":"Chu\u1ea9n b\u1ecb v\u00e0 \u1ee9ng ph\u00f3 v\u1edbi kh\u1ee7ng ho\u1ea3ng"},"content":{"rendered":"","protected":false},"excerpt":{"rendered":"","protected":false},"author":1,"featured_media":0,"parent":0,"menu_order":0,"comment_status":"closed","ping_status":"closed","template":"","meta":{"inline_featured_image":false,"footnotes":""},"class_list":["post-793","page","type-page","status-publish","hentry"],"acf":[],"yoast_head":"<title>How Food Banks Respond to Crises | The Global FoodBanking Network<\/title>\n<meta name=\"description\" content=\"Food banks are crucial to disaster response and recovery. Because food banks are woven into the fabric of their communities, they\u2019re positioned to respond when disasters and other crises hit.\" \/>\n<meta name=\"robots\" content=\"index, follow, max-snippet:-1, max-image-preview:large, max-video-preview:-1\" \/>\n<link rel=\"canonical\" href=\"https:\/\/www.foodbanking.org\/vi\/preparing-for-and-responding-to-crises\/\" \/>\n<meta property=\"og:locale\" content=\"vi_VN\" \/>\n<meta property=\"og:type\" content=\"article\" \/>\n<meta property=\"og:title\" content=\"How Food Banks Respond to Crises\" \/>\n<meta property=\"og:description\" content=\"Food banks are crucial to disaster response and recovery. Because food banks are woven into the fabric of their communities, they\u2019re positioned to respond when disasters and other crises hit.\" \/>\n<meta property=\"og:url\" content=\"https:\/\/www.foodbanking.org\/vi\/preparing-for-and-responding-to-crises\/\" \/>\n<meta property=\"og:site_name\" content=\"The Global FoodBanking Network\" \/>\n<meta property=\"article:publisher\" content=\"https:\/\/www.facebook.com\/foodbanking\" \/>\n<meta property=\"article:modified_time\" content=\"2024-04-12T01:31:36+00:00\" \/>\n<meta property=\"og:image\" content=\"https:\/\/www.foodbanking.org\/wp-content\/uploads\/2022\/11\/Crisis-Response-Header-1024x576.png\" \/>\n\t<meta property=\"og:image:width\" content=\"1024\" \/>\n\t<meta property=\"og:image:height\" content=\"576\" \/>\n\t<meta property=\"og:image:type\" content=\"image\/png\" \/>\n<meta name=\"twitter:card\" content=\"summary_large_image\" \/>\n<meta name=\"twitter:title\" content=\"How Food Banks Respond to Crises\" \/>\n<meta name=\"twitter:description\" content=\"Food banks are crucial to disaster response and recovery. Because food banks are woven into the fabric of their communities, they\u2019re positioned to respond when disasters and other crises hit.\" \/>\n<meta name=\"twitter:image\" content=\"https:\/\/www.foodbanking.org\/wp-content\/uploads\/2022\/11\/Crisis-Response-Header.png\" \/>\n<meta name=\"twitter:site\" content=\"@foodbanking\" \/>\n<meta name=\"twitter:label1\" content=\"\u01af\u1edbc t\u00ednh th\u1eddi gian \u0111\u1ecdc\" \/>\n\t<meta name=\"twitter:data1\" content=\"2 ph\u00fat\" \/>\n<script type=\"application\/ld+json\" class=\"yoast-schema-graph\">{\"@context\":\"https:\\\/\\\/schema.org\",\"@graph\":[{\"@type\":\"WebPage\",\"@id\":\"https:\\\/\\\/www.foodbanking.org\\\/preparing-for-and-responding-to-crises\\\/\",\"url\":\"https:\\\/\\\/www.foodbanking.org\\\/preparing-for-and-responding-to-crises\\\/\",\"name\":\"How Food Banks Respond to Crises | The Global FoodBanking Network\",\"isPartOf\":{\"@id\":\"https:\\\/\\\/www.foodbanking.org\\\/#website\"},\"datePublished\":\"2022-09-13T23:39:47+00:00\",\"dateModified\":\"2024-04-12T01:31:36+00:00\",\"description\":\"Food banks are crucial to disaster response and recovery. Because food banks are woven into the fabric of their communities, they\u2019re positioned to respond when disasters and other crises hit.\",\"breadcrumb\":{\"@id\":\"https:\\\/\\\/www.foodbanking.org\\\/preparing-for-and-responding-to-crises\\\/#breadcrumb\"},\"inLanguage\":\"vi\",\"potentialAction\":[{\"@type\":\"ReadAction\",\"target\":[\"https:\\\/\\\/www.foodbanking.org\\\/preparing-for-and-responding-to-crises\\\/\"]}]},{\"@type\":\"BreadcrumbList\",\"@id\":\"https:\\\/\\\/www.foodbanking.org\\\/preparing-for-and-responding-to-crises\\\/#breadcrumb\",\"itemListElement\":[{\"@type\":\"ListItem\",\"position\":1,\"name\":\"Home\",\"item\":\"https:\\\/\\\/www.foodbanking.org\\\/\"},{\"@type\":\"ListItem\",\"position\":2,\"name\":\"Preparing for and Responding to Crises\"}]},{\"@type\":\"WebSite\",\"@id\":\"https:\\\/\\\/www.foodbanking.org\\\/#website\",\"url\":\"https:\\\/\\\/www.foodbanking.org\\\/\",\"name\":\"The Global FoodBanking Network\",\"description\":\"\",\"publisher\":{\"@id\":\"https:\\\/\\\/www.foodbanking.org\\\/#organization\"},\"alternateName\":\"GFN\",\"potentialAction\":[{\"@type\":\"SearchAction\",\"target\":{\"@type\":\"EntryPoint\",\"urlTemplate\":\"https:\\\/\\\/www.foodbanking.org\\\/?s={search_term_string}\"},\"query-input\":{\"@type\":\"PropertyValueSpecification\",\"valueRequired\":true,\"valueName\":\"search_term_string\"}}],\"inLanguage\":\"vi\"},{\"@type\":\"Organization\",\"@id\":\"https:\\\/\\\/www.foodbanking.org\\\/#organization\",\"name\":\"The Global FoodBanking Network\",\"alternateName\":\"GFN\",\"url\":\"https:\\\/\\\/www.foodbanking.org\\\/\",\"logo\":{\"@type\":\"ImageObject\",\"inLanguage\":\"vi\",\"@id\":\"https:\\\/\\\/www.foodbanking.org\\\/#\\\/schema\\\/logo\\\/image\\\/\",\"url\":\"https:\\\/\\\/www.foodbanking.org\\\/wp-content\\\/uploads\\\/2023\\\/05\\\/GFN_Logo_Teal.png\",\"contentUrl\":\"https:\\\/\\\/www.foodbanking.org\\\/wp-content\\\/uploads\\\/2023\\\/05\\\/GFN_Logo_Teal.png\",\"width\":1000,\"height\":296,\"caption\":\"The Global FoodBanking Network\"},\"image\":{\"@id\":\"https:\\\/\\\/www.foodbanking.org\\\/#\\\/schema\\\/logo\\\/image\\\/\"},\"sameAs\":[\"https:\\\/\\\/www.facebook.com\\\/foodbanking\",\"https:\\\/\\\/x.com\\\/foodbanking\",\"https:\\\/\\\/www.instagram.com\\\/foodbanking\",\"https:\\\/\\\/www.linkedin.com\\\/company\\\/the-global-foodbanking-network\\\/\"],\"ownershipFundingInfo\":\"https:\\\/\\\/www.foodbanking.org\\\/annual-reports-and-financials\\\/\",\"actionableFeedbackPolicy\":\"https:\\\/\\\/www.foodbanking.org\\\/contact-us\\\/\"}]}<\/script>","yoast_head_json":{"title":"C\u00e1c ng\u00e2n h\u00e0ng th\u1ef1c ph\u1ea9m \u1ee9ng ph\u00f3 v\u1edbi kh\u1ee7ng ho\u1ea3ng nh\u01b0 th\u1ebf n\u00e0o | M\u1ea1ng l\u01b0\u1edbi Ng\u00e2n h\u00e0ng Th\u1ef1c ph\u1ea9m To\u00e0n c\u1ea7u","description":"C\u00e1c ng\u00e2n h\u00e0ng th\u1ef1c ph\u1ea9m \u0111\u00f3ng vai tr\u00f2 thi\u1ebft y\u1ebfu trong c\u00f4ng t\u00e1c \u1ee9ng ph\u00f3 v\u00e0 ph\u1ee5c h\u1ed3i sau th\u1ea3m h\u1ecda. V\u00ec c\u00e1c ng\u00e2n h\u00e0ng th\u1ef1c ph\u1ea9m g\u1eafn b\u00f3 m\u1eadt thi\u1ebft v\u1edbi c\u1ed9ng \u0111\u1ed3ng, ch\u00fang c\u00f3 v\u1ecb th\u1ebf thu\u1eadn l\u1ee3i \u0111\u1ec3 \u1ee9ng ph\u00f3 khi th\u1ea3m h\u1ecda v\u00e0 c\u00e1c cu\u1ed9c kh\u1ee7ng ho\u1ea3ng kh\u00e1c x\u1ea3y ra.","robots":{"index":"index","follow":"follow","max-snippet":"max-snippet:-1","max-image-preview":"max-image-preview:large","max-video-preview":"max-video-preview:-1"},"canonical":"https:\/\/www.foodbanking.org\/vi\/preparing-for-and-responding-to-crises\/","og_locale":"vi_VN","og_type":"article","og_title":"How Food Banks Respond to Crises","og_description":"Food banks are crucial to disaster response and recovery. Because food banks are woven into the fabric of their communities, they\u2019re positioned to respond when disasters and other crises hit.","og_url":"https:\/\/www.foodbanking.org\/vi\/preparing-for-and-responding-to-crises\/","og_site_name":"The Global FoodBanking Network","article_publisher":"https:\/\/www.facebook.com\/foodbanking","article_modified_time":"2024-04-12T01:31:36+00:00","og_image":[{"width":1024,"height":576,"url":"https:\/\/www.foodbanking.org\/wp-content\/uploads\/2022\/11\/Crisis-Response-Header-1024x576.png","type":"image\/png"}],"twitter_card":"summary_large_image","twitter_title":"How Food Banks Respond to Crises","twitter_description":"Food banks are crucial to disaster response and recovery. Because food banks are woven into the fabric of their communities, they\u2019re positioned to respond when disasters and other crises hit.","twitter_image":"https:\/\/www.foodbanking.org\/wp-content\/uploads\/2022\/11\/Crisis-Response-Header.png","twitter_site":"@foodbanking","twitter_misc":{"\u01af\u1edbc t\u00ednh th\u1eddi gian \u0111\u1ecdc":"2 ph\u00fat"},"schema":{"@context":"https:\/\/schema.org","@graph":[{"@type":"WebPage","@id":"https:\/\/www.foodbanking.org\/preparing-for-and-responding-to-crises\/","url":"https:\/\/www.foodbanking.org\/preparing-for-and-responding-to-crises\/","name":"C\u00e1c ng\u00e2n h\u00e0ng th\u1ef1c ph\u1ea9m \u1ee9ng ph\u00f3 v\u1edbi kh\u1ee7ng ho\u1ea3ng nh\u01b0 th\u1ebf n\u00e0o | M\u1ea1ng l\u01b0\u1edbi Ng\u00e2n h\u00e0ng Th\u1ef1c ph\u1ea9m To\u00e0n c\u1ea7u","isPartOf":{"@id":"https:\/\/www.foodbanking.org\/#website"},"datePublished":"2022-09-13T23:39:47+00:00","dateModified":"2024-04-12T01:31:36+00:00","description":"C\u00e1c ng\u00e2n h\u00e0ng th\u1ef1c ph\u1ea9m \u0111\u00f3ng vai tr\u00f2 thi\u1ebft y\u1ebfu trong c\u00f4ng t\u00e1c \u1ee9ng ph\u00f3 v\u00e0 ph\u1ee5c h\u1ed3i sau th\u1ea3m h\u1ecda. V\u00ec c\u00e1c ng\u00e2n h\u00e0ng th\u1ef1c ph\u1ea9m g\u1eafn b\u00f3 m\u1eadt thi\u1ebft v\u1edbi c\u1ed9ng \u0111\u1ed3ng, ch\u00fang c\u00f3 v\u1ecb th\u1ebf thu\u1eadn l\u1ee3i \u0111\u1ec3 \u1ee9ng ph\u00f3 khi th\u1ea3m h\u1ecda v\u00e0 c\u00e1c cu\u1ed9c kh\u1ee7ng ho\u1ea3ng kh\u00e1c x\u1ea3y ra.","breadcrumb":{"@id":"https:\/\/www.foodbanking.org\/preparing-for-and-responding-to-crises\/#breadcrumb"},"inLanguage":"vi","potentialAction":[{"@type":"ReadAction","target":["https:\/\/www.foodbanking.org\/preparing-for-and-responding-to-crises\/"]}]},{"@type":"BreadcrumbList","@id":"https:\/\/www.foodbanking.org\/preparing-for-and-responding-to-crises\/#breadcrumb","itemListElement":[{"@type":"ListItem","position":1,"name":"Home","item":"https:\/\/www.foodbanking.org\/"},{"@type":"ListItem","position":2,"name":"Preparing for and Responding to Crises"}]},{"@type":"WebSite","@id":"https:\/\/www.foodbanking.org\/#website","url":"https:\/\/www.foodbanking.org\/","name":"M\u1ea1ng l\u01b0\u1edbi Ng\u00e2n h\u00e0ng Th\u1ef1c ph\u1ea9m To\u00e0n c\u1ea7u","description":"","publisher":{"@id":"https:\/\/www.foodbanking.org\/#organization"},"alternateName":"GFN","potentialAction":[{"@type":"SearchAction","target":{"@type":"EntryPoint","urlTemplate":"https:\/\/www.foodbanking.org\/?s={search_term_string}"},"query-input":{"@type":"PropertyValueSpecification","valueRequired":true,"valueName":"search_term_string"}}],"inLanguage":"vi"},{"@type":"Organization","@id":"https:\/\/www.foodbanking.org\/#organization","name":"M\u1ea1ng l\u01b0\u1edbi Ng\u00e2n h\u00e0ng Th\u1ef1c ph\u1ea9m To\u00e0n c\u1ea7u","alternateName":"GFN","url":"https:\/\/www.foodbanking.org\/","logo":{"@type":"ImageObject","inLanguage":"vi","@id":"https:\/\/www.foodbanking.org\/#\/schema\/logo\/image\/","url":"https:\/\/www.foodbanking.org\/wp-content\/uploads\/2023\/05\/GFN_Logo_Teal.png","contentUrl":"https:\/\/www.foodbanking.org\/wp-content\/uploads\/2023\/05\/GFN_Logo_Teal.png","width":1000,"height":296,"caption":"The Global FoodBanking Network"},"image":{"@id":"https:\/\/www.foodbanking.org\/#\/schema\/logo\/image\/"},"sameAs":["https:\/\/www.facebook.com\/foodbanking","https:\/\/x.com\/foodbanking","https:\/\/www.instagram.com\/foodbanking","https:\/\/www.linkedin.com\/company\/the-global-foodbanking-network\/"],"ownershipFundingInfo":"https:\/\/www.foodbanking.org\/annual-reports-and-financials\/","actionableFeedbackPolicy":"https:\/\/www.foodbanking.org\/contact-us\/"}]}},"_links":{"self":[{"href":"https:\/\/www.foodbanking.org\/vi\/wp-json\/wp\/v2\/pages\/793","targetHints":{"allow":["GET"]}}],"collection":[{"href":"https:\/\/www.foodbanking.org\/vi\/wp-json\/wp\/v2\/pages"}],"about":[{"href":"https:\/\/www.foodbanking.org\/vi\/wp-json\/wp\/v2\/types\/page"}],"author":[{"embeddable":true,"href":"https:\/\/www.foodbanking.org\/vi\/wp-json\/wp\/v2\/users\/1"}],"replies":[{"embeddable":true,"href":"https:\/\/www.foodbanking.org\/vi\/wp-json\/wp\/v2\/comments?post=793"}],"version-history":[{"count":0,"href":"https:\/\/www.foodbanking.org\/vi\/wp-json\/wp\/v2\/pages\/793\/revisions"}],"wp:attachment":[{"href":"https:\/\/www.foodbanking.org\/vi\/wp-json\/wp\/v2\/media?parent=793"}],"curies":[{"name":"trang web","href":"https:\/\/api.w.org\/{rel}","templated":true}]}}