{"id":778,"date":"2022-09-13T23:22:20","date_gmt":"2022-09-13T23:22:20","guid":{"rendered":"https:\/\/www.foodbanking.org\/?page_id=778"},"modified":"2025-06-05T16:21:23","modified_gmt":"2025-06-05T16:21:23","slug":"employee-engagement-programs","status":"publish","type":"page","link":"https:\/\/www.foodbanking.org\/vi\/employee-engagement-programs\/","title":{"rendered":"Ch\u01b0\u01a1ng tr\u00ecnh g\u1eafn k\u1ebft nh\u00e2n vi\u00ean"},"content":{"rendered":"","protected":false},"excerpt":{"rendered":"","protected":false},"author":1,"featured_media":0,"parent":0,"menu_order":0,"comment_status":"closed","ping_status":"closed","template":"","meta":{"inline_featured_image":false,"footnotes":""},"class_list":["post-778","page","type-page","status-publish","hentry"],"acf":[],"yoast_head":"<title>Employee Engagement Programs | The Global FoodBanking Network<\/title>\n<meta name=\"description\" content=\"Inspire your team and multiply your impact in the communities where you work through our custom employee giving and volunteer opportunities.\" \/>\n<meta name=\"robots\" content=\"index, follow, max-snippet:-1, max-image-preview:large, max-video-preview:-1\" \/>\n<link rel=\"canonical\" href=\"https:\/\/www.foodbanking.org\/vi\/employee-engagement-programs\/\" \/>\n<meta property=\"og:locale\" content=\"vi_VN\" \/>\n<meta property=\"og:type\" content=\"article\" \/>\n<meta property=\"og:title\" content=\"Employee Engagement Programs with The Global FoodBanking Network\" \/>\n<meta property=\"og:description\" content=\"Inspire your team and multiply your impact in the communities where you work through our custom employee giving and volunteer opportunities.\" \/>\n<meta property=\"og:url\" content=\"https:\/\/www.foodbanking.org\/vi\/employee-engagement-programs\/\" \/>\n<meta property=\"og:site_name\" content=\"The Global FoodBanking Network\" \/>\n<meta property=\"article:publisher\" content=\"https:\/\/www.facebook.com\/foodbanking\" \/>\n<meta property=\"article:modified_time\" content=\"2025-06-05T16:21:23+00:00\" \/>\n<meta property=\"og:image\" content=\"https:\/\/www.foodbanking.org\/wp-content\/uploads\/2022\/11\/Employee-Engagement-Header.png\" \/>\n\t<meta property=\"og:image:width\" content=\"1600\" \/>\n\t<meta property=\"og:image:height\" content=\"900\" \/>\n\t<meta property=\"og:image:type\" content=\"image\/png\" \/>\n<meta name=\"twitter:card\" content=\"summary_large_image\" \/>\n<meta name=\"twitter:title\" content=\"Employee Engagement Programs with The Global FoodBanking Network\" \/>\n<meta name=\"twitter:description\" content=\"Inspire your team and multiply your impact in the communities where you work through our custom employee giving and volunteer opportunities.\" \/>\n<meta name=\"twitter:image\" content=\"https:\/\/www.foodbanking.org\/wp-content\/uploads\/2022\/11\/Employee-Engagement-Header.png\" \/>\n<meta name=\"twitter:site\" content=\"@foodbanking\" \/>\n<meta name=\"twitter:label1\" content=\"\u01af\u1edbc t\u00ednh th\u1eddi gian \u0111\u1ecdc\" \/>\n\t<meta name=\"twitter:data1\" content=\"4 ph\u00fat\" \/>\n<script type=\"application\/ld+json\" class=\"yoast-schema-graph\">{\"@context\":\"https:\\\/\\\/schema.org\",\"@graph\":[{\"@type\":\"WebPage\",\"@id\":\"https:\\\/\\\/www.foodbanking.org\\\/employee-engagement-programs\\\/\",\"url\":\"https:\\\/\\\/www.foodbanking.org\\\/employee-engagement-programs\\\/\",\"name\":\"Employee Engagement Programs | The Global FoodBanking Network\",\"isPartOf\":{\"@id\":\"https:\\\/\\\/www.foodbanking.org\\\/#website\"},\"datePublished\":\"2022-09-13T23:22:20+00:00\",\"dateModified\":\"2025-06-05T16:21:23+00:00\",\"description\":\"Inspire your team and multiply your impact in the communities where you work through our custom employee giving and volunteer opportunities.\",\"breadcrumb\":{\"@id\":\"https:\\\/\\\/www.foodbanking.org\\\/employee-engagement-programs\\\/#breadcrumb\"},\"inLanguage\":\"vi\",\"potentialAction\":[{\"@type\":\"ReadAction\",\"target\":[\"https:\\\/\\\/www.foodbanking.org\\\/employee-engagement-programs\\\/\"]}]},{\"@type\":\"BreadcrumbList\",\"@id\":\"https:\\\/\\\/www.foodbanking.org\\\/employee-engagement-programs\\\/#breadcrumb\",\"itemListElement\":[{\"@type\":\"ListItem\",\"position\":1,\"name\":\"Home\",\"item\":\"https:\\\/\\\/www.foodbanking.org\\\/\"},{\"@type\":\"ListItem\",\"position\":2,\"name\":\"Employee Engagement Programs\"}]},{\"@type\":\"WebSite\",\"@id\":\"https:\\\/\\\/www.foodbanking.org\\\/#website\",\"url\":\"https:\\\/\\\/www.foodbanking.org\\\/\",\"name\":\"The Global FoodBanking Network\",\"description\":\"\",\"publisher\":{\"@id\":\"https:\\\/\\\/www.foodbanking.org\\\/#organization\"},\"alternateName\":\"GFN\",\"potentialAction\":[{\"@type\":\"SearchAction\",\"target\":{\"@type\":\"EntryPoint\",\"urlTemplate\":\"https:\\\/\\\/www.foodbanking.org\\\/?s={search_term_string}\"},\"query-input\":{\"@type\":\"PropertyValueSpecification\",\"valueRequired\":true,\"valueName\":\"search_term_string\"}}],\"inLanguage\":\"vi\"},{\"@type\":\"Organization\",\"@id\":\"https:\\\/\\\/www.foodbanking.org\\\/#organization\",\"name\":\"The Global FoodBanking Network\",\"alternateName\":\"GFN\",\"url\":\"https:\\\/\\\/www.foodbanking.org\\\/\",\"logo\":{\"@type\":\"ImageObject\",\"inLanguage\":\"vi\",\"@id\":\"https:\\\/\\\/www.foodbanking.org\\\/#\\\/schema\\\/logo\\\/image\\\/\",\"url\":\"https:\\\/\\\/www.foodbanking.org\\\/wp-content\\\/uploads\\\/2023\\\/05\\\/GFN_Logo_Teal.png\",\"contentUrl\":\"https:\\\/\\\/www.foodbanking.org\\\/wp-content\\\/uploads\\\/2023\\\/05\\\/GFN_Logo_Teal.png\",\"width\":1000,\"height\":296,\"caption\":\"The Global FoodBanking Network\"},\"image\":{\"@id\":\"https:\\\/\\\/www.foodbanking.org\\\/#\\\/schema\\\/logo\\\/image\\\/\"},\"sameAs\":[\"https:\\\/\\\/www.facebook.com\\\/foodbanking\",\"https:\\\/\\\/x.com\\\/foodbanking\",\"https:\\\/\\\/www.instagram.com\\\/foodbanking\",\"https:\\\/\\\/www.linkedin.com\\\/company\\\/the-global-foodbanking-network\\\/\"],\"ownershipFundingInfo\":\"https:\\\/\\\/www.foodbanking.org\\\/annual-reports-and-financials\\\/\",\"actionableFeedbackPolicy\":\"https:\\\/\\\/www.foodbanking.org\\\/contact-us\\\/\"}]}<\/script>","yoast_head_json":{"title":"C\u00e1c ch\u01b0\u01a1ng tr\u00ecnh g\u1eafn k\u1ebft nh\u00e2n vi\u00ean | M\u1ea1ng l\u01b0\u1edbi Ng\u00e2n h\u00e0ng Th\u1ef1c ph\u1ea9m To\u00e0n c\u1ea7u","description":"Truy\u1ec1n c\u1ea3m h\u1ee9ng cho nh\u00f3m c\u1ee7a b\u1ea1n v\u00e0 nh\u00e2n r\u1ed9ng t\u00e1c \u0111\u1ed9ng c\u1ee7a b\u1ea1n trong c\u1ed9ng \u0111\u1ed3ng n\u01a1i b\u1ea1n l\u00e0m vi\u1ec7c th\u00f4ng qua c\u00e1c c\u01a1 h\u1ed9i t\u00ecnh nguy\u1ec7n v\u00e0 c\u1ed1ng hi\u1ebfn cho nh\u00e2n vi\u00ean t\u00f9y ch\u1ec9nh c\u1ee7a ch\u00fang t\u00f4i.","robots":{"index":"index","follow":"follow","max-snippet":"max-snippet:-1","max-image-preview":"max-image-preview:large","max-video-preview":"max-video-preview:-1"},"canonical":"https:\/\/www.foodbanking.org\/vi\/employee-engagement-programs\/","og_locale":"vi_VN","og_type":"article","og_title":"Employee Engagement Programs with The Global FoodBanking Network","og_description":"Inspire your team and multiply your impact in the communities where you work through our custom employee giving and volunteer opportunities.","og_url":"https:\/\/www.foodbanking.org\/vi\/employee-engagement-programs\/","og_site_name":"The Global FoodBanking Network","article_publisher":"https:\/\/www.facebook.com\/foodbanking","article_modified_time":"2025-06-05T16:21:23+00:00","og_image":[{"width":1600,"height":900,"url":"https:\/\/www.foodbanking.org\/wp-content\/uploads\/2022\/11\/Employee-Engagement-Header.png","type":"image\/png"}],"twitter_card":"summary_large_image","twitter_title":"Employee Engagement Programs with The Global FoodBanking Network","twitter_description":"Inspire your team and multiply your impact in the communities where you work through our custom employee giving and volunteer opportunities.","twitter_image":"https:\/\/www.foodbanking.org\/wp-content\/uploads\/2022\/11\/Employee-Engagement-Header.png","twitter_site":"@foodbanking","twitter_misc":{"\u01af\u1edbc t\u00ednh th\u1eddi gian \u0111\u1ecdc":"4 ph\u00fat"},"schema":{"@context":"https:\/\/schema.org","@graph":[{"@type":"WebPage","@id":"https:\/\/www.foodbanking.org\/employee-engagement-programs\/","url":"https:\/\/www.foodbanking.org\/employee-engagement-programs\/","name":"C\u00e1c ch\u01b0\u01a1ng tr\u00ecnh g\u1eafn k\u1ebft nh\u00e2n vi\u00ean | M\u1ea1ng l\u01b0\u1edbi Ng\u00e2n h\u00e0ng Th\u1ef1c ph\u1ea9m To\u00e0n c\u1ea7u","isPartOf":{"@id":"https:\/\/www.foodbanking.org\/#website"},"datePublished":"2022-09-13T23:22:20+00:00","dateModified":"2025-06-05T16:21:23+00:00","description":"Truy\u1ec1n c\u1ea3m h\u1ee9ng cho nh\u00f3m c\u1ee7a b\u1ea1n v\u00e0 nh\u00e2n r\u1ed9ng t\u00e1c \u0111\u1ed9ng c\u1ee7a b\u1ea1n trong c\u1ed9ng \u0111\u1ed3ng n\u01a1i b\u1ea1n l\u00e0m vi\u1ec7c th\u00f4ng qua c\u00e1c c\u01a1 h\u1ed9i t\u00ecnh nguy\u1ec7n v\u00e0 c\u1ed1ng hi\u1ebfn cho nh\u00e2n vi\u00ean t\u00f9y ch\u1ec9nh c\u1ee7a ch\u00fang t\u00f4i.","breadcrumb":{"@id":"https:\/\/www.foodbanking.org\/employee-engagement-programs\/#breadcrumb"},"inLanguage":"vi","potentialAction":[{"@type":"ReadAction","target":["https:\/\/www.foodbanking.org\/employee-engagement-programs\/"]}]},{"@type":"BreadcrumbList","@id":"https:\/\/www.foodbanking.org\/employee-engagement-programs\/#breadcrumb","itemListElement":[{"@type":"ListItem","position":1,"name":"Home","item":"https:\/\/www.foodbanking.org\/"},{"@type":"ListItem","position":2,"name":"Employee Engagement Programs"}]},{"@type":"WebSite","@id":"https:\/\/www.foodbanking.org\/#website","url":"https:\/\/www.foodbanking.org\/","name":"M\u1ea1ng l\u01b0\u1edbi Ng\u00e2n h\u00e0ng Th\u1ef1c ph\u1ea9m To\u00e0n c\u1ea7u","description":"","publisher":{"@id":"https:\/\/www.foodbanking.org\/#organization"},"alternateName":"GFN","potentialAction":[{"@type":"SearchAction","target":{"@type":"EntryPoint","urlTemplate":"https:\/\/www.foodbanking.org\/?s={search_term_string}"},"query-input":{"@type":"PropertyValueSpecification","valueRequired":true,"valueName":"search_term_string"}}],"inLanguage":"vi"},{"@type":"Organization","@id":"https:\/\/www.foodbanking.org\/#organization","name":"M\u1ea1ng l\u01b0\u1edbi Ng\u00e2n h\u00e0ng Th\u1ef1c ph\u1ea9m To\u00e0n c\u1ea7u","alternateName":"GFN","url":"https:\/\/www.foodbanking.org\/","logo":{"@type":"ImageObject","inLanguage":"vi","@id":"https:\/\/www.foodbanking.org\/#\/schema\/logo\/image\/","url":"https:\/\/www.foodbanking.org\/wp-content\/uploads\/2023\/05\/GFN_Logo_Teal.png","contentUrl":"https:\/\/www.foodbanking.org\/wp-content\/uploads\/2023\/05\/GFN_Logo_Teal.png","width":1000,"height":296,"caption":"The Global FoodBanking Network"},"image":{"@id":"https:\/\/www.foodbanking.org\/#\/schema\/logo\/image\/"},"sameAs":["https:\/\/www.facebook.com\/foodbanking","https:\/\/x.com\/foodbanking","https:\/\/www.instagram.com\/foodbanking","https:\/\/www.linkedin.com\/company\/the-global-foodbanking-network\/"],"ownershipFundingInfo":"https:\/\/www.foodbanking.org\/annual-reports-and-financials\/","actionableFeedbackPolicy":"https:\/\/www.foodbanking.org\/contact-us\/"}]}},"_links":{"self":[{"href":"https:\/\/www.foodbanking.org\/vi\/wp-json\/wp\/v2\/pages\/778","targetHints":{"allow":["GET"]}}],"collection":[{"href":"https:\/\/www.foodbanking.org\/vi\/wp-json\/wp\/v2\/pages"}],"about":[{"href":"https:\/\/www.foodbanking.org\/vi\/wp-json\/wp\/v2\/types\/page"}],"author":[{"embeddable":true,"href":"https:\/\/www.foodbanking.org\/vi\/wp-json\/wp\/v2\/users\/1"}],"replies":[{"embeddable":true,"href":"https:\/\/www.foodbanking.org\/vi\/wp-json\/wp\/v2\/comments?post=778"}],"version-history":[{"count":0,"href":"https:\/\/www.foodbanking.org\/vi\/wp-json\/wp\/v2\/pages\/778\/revisions"}],"wp:attachment":[{"href":"https:\/\/www.foodbanking.org\/vi\/wp-json\/wp\/v2\/media?parent=778"}],"curies":[{"name":"trang web","href":"https:\/\/api.w.org\/{rel}","templated":true}]}}