{"id":774,"date":"2022-09-13T23:16:00","date_gmt":"2022-09-13T23:16:00","guid":{"rendered":"https:\/\/www.foodbanking.org\/?page_id=774"},"modified":"2024-04-12T13:36:36","modified_gmt":"2024-04-12T13:36:36","slug":"philanthropic-giving","status":"publish","type":"page","link":"https:\/\/www.foodbanking.org\/vi\/ways-to-partner\/philanthropic-giving\/","title":{"rendered":"T\u1eeb thi\u1ec7n"},"content":{"rendered":"","protected":false},"excerpt":{"rendered":"","protected":false},"author":1,"featured_media":0,"parent":770,"menu_order":0,"comment_status":"closed","ping_status":"closed","template":"","meta":{"inline_featured_image":false,"footnotes":""},"class_list":["post-774","page","type-page","status-publish","hentry"],"acf":[],"yoast_head":"<title>Corporate Partnerships with The Global FoodBanking Network<\/title>\n<meta name=\"description\" content=\"Financial contributions lead to long-term impact on the issues that mean the most to you, your employees, your customers, and our food systems.\" \/>\n<meta name=\"robots\" content=\"index, follow, max-snippet:-1, max-image-preview:large, max-video-preview:-1\" \/>\n<link rel=\"canonical\" href=\"https:\/\/www.foodbanking.org\/vi\/ways-to-partner\/philanthropic-giving\/\" \/>\n<meta property=\"og:locale\" content=\"vi_VN\" \/>\n<meta property=\"og:type\" content=\"article\" \/>\n<meta property=\"og:title\" content=\"Corporate Partnerships with The Global FoodBanking Network\" \/>\n<meta property=\"og:description\" content=\"Financial contributions lead to long-term impact on the issues that mean the most to you, your employees, your customers, and our food systems.\" \/>\n<meta property=\"og:url\" content=\"https:\/\/www.foodbanking.org\/vi\/ways-to-partner\/philanthropic-giving\/\" \/>\n<meta property=\"og:site_name\" content=\"The Global FoodBanking Network\" \/>\n<meta property=\"article:publisher\" content=\"https:\/\/www.facebook.com\/foodbanking\" \/>\n<meta property=\"article:modified_time\" content=\"2024-04-12T13:36:36+00:00\" \/>\n<meta property=\"og:image\" content=\"https:\/\/www.foodbanking.org\/wp-content\/uploads\/2022\/11\/Philanthropic-Giving-1024x576.png\" \/>\n\t<meta property=\"og:image:width\" content=\"1024\" \/>\n\t<meta property=\"og:image:height\" content=\"576\" \/>\n\t<meta property=\"og:image:type\" content=\"image\/png\" \/>\n<meta name=\"twitter:card\" content=\"summary_large_image\" \/>\n<meta name=\"twitter:title\" content=\"Corporate Partnerships with The Global FoodBanking Network\" \/>\n<meta name=\"twitter:description\" content=\"Financial contributions lead to long-term impact on the issues that mean the most to you, your employees, your customers, and our food systems.\" \/>\n<meta name=\"twitter:image\" content=\"https:\/\/www.foodbanking.org\/wp-content\/uploads\/2022\/11\/Philanthropic-Giving.png\" \/>\n<meta name=\"twitter:site\" content=\"@foodbanking\" \/>\n<meta name=\"twitter:label1\" content=\"\u01af\u1edbc t\u00ednh th\u1eddi gian \u0111\u1ecdc\" \/>\n\t<meta name=\"twitter:data1\" content=\"2 ph\u00fat\" \/>\n<script type=\"application\/ld+json\" class=\"yoast-schema-graph\">{\"@context\":\"https:\\\/\\\/schema.org\",\"@graph\":[{\"@type\":\"WebPage\",\"@id\":\"https:\\\/\\\/www.foodbanking.org\\\/ways-to-partner\\\/philanthropic-giving\\\/\",\"url\":\"https:\\\/\\\/www.foodbanking.org\\\/ways-to-partner\\\/philanthropic-giving\\\/\",\"name\":\"Corporate Partnerships with The Global FoodBanking Network\",\"isPartOf\":{\"@id\":\"https:\\\/\\\/www.foodbanking.org\\\/#website\"},\"datePublished\":\"2022-09-13T23:16:00+00:00\",\"dateModified\":\"2024-04-12T13:36:36+00:00\",\"description\":\"Financial contributions lead to long-term impact on the issues that mean the most to you, your employees, your customers, and our food systems.\",\"breadcrumb\":{\"@id\":\"https:\\\/\\\/www.foodbanking.org\\\/ways-to-partner\\\/philanthropic-giving\\\/#breadcrumb\"},\"inLanguage\":\"vi\",\"potentialAction\":[{\"@type\":\"ReadAction\",\"target\":[\"https:\\\/\\\/www.foodbanking.org\\\/ways-to-partner\\\/philanthropic-giving\\\/\"]}]},{\"@type\":\"BreadcrumbList\",\"@id\":\"https:\\\/\\\/www.foodbanking.org\\\/ways-to-partner\\\/philanthropic-giving\\\/#breadcrumb\",\"itemListElement\":[{\"@type\":\"ListItem\",\"position\":1,\"name\":\"Home\",\"item\":\"https:\\\/\\\/www.foodbanking.org\\\/\"},{\"@type\":\"ListItem\",\"position\":2,\"name\":\"Ways to Partner\",\"item\":\"https:\\\/\\\/www.foodbanking.org\\\/ways-to-partner\\\/\"},{\"@type\":\"ListItem\",\"position\":3,\"name\":\"Philanthropic Giving\"}]},{\"@type\":\"WebSite\",\"@id\":\"https:\\\/\\\/www.foodbanking.org\\\/#website\",\"url\":\"https:\\\/\\\/www.foodbanking.org\\\/\",\"name\":\"The Global FoodBanking Network\",\"description\":\"\",\"publisher\":{\"@id\":\"https:\\\/\\\/www.foodbanking.org\\\/#organization\"},\"alternateName\":\"GFN\",\"potentialAction\":[{\"@type\":\"SearchAction\",\"target\":{\"@type\":\"EntryPoint\",\"urlTemplate\":\"https:\\\/\\\/www.foodbanking.org\\\/?s={search_term_string}\"},\"query-input\":{\"@type\":\"PropertyValueSpecification\",\"valueRequired\":true,\"valueName\":\"search_term_string\"}}],\"inLanguage\":\"vi\"},{\"@type\":\"Organization\",\"@id\":\"https:\\\/\\\/www.foodbanking.org\\\/#organization\",\"name\":\"The Global FoodBanking Network\",\"alternateName\":\"GFN\",\"url\":\"https:\\\/\\\/www.foodbanking.org\\\/\",\"logo\":{\"@type\":\"ImageObject\",\"inLanguage\":\"vi\",\"@id\":\"https:\\\/\\\/www.foodbanking.org\\\/#\\\/schema\\\/logo\\\/image\\\/\",\"url\":\"https:\\\/\\\/www.foodbanking.org\\\/wp-content\\\/uploads\\\/2023\\\/05\\\/GFN_Logo_Teal.png\",\"contentUrl\":\"https:\\\/\\\/www.foodbanking.org\\\/wp-content\\\/uploads\\\/2023\\\/05\\\/GFN_Logo_Teal.png\",\"width\":1000,\"height\":296,\"caption\":\"The Global FoodBanking Network\"},\"image\":{\"@id\":\"https:\\\/\\\/www.foodbanking.org\\\/#\\\/schema\\\/logo\\\/image\\\/\"},\"sameAs\":[\"https:\\\/\\\/www.facebook.com\\\/foodbanking\",\"https:\\\/\\\/x.com\\\/foodbanking\",\"https:\\\/\\\/www.instagram.com\\\/foodbanking\",\"https:\\\/\\\/www.linkedin.com\\\/company\\\/the-global-foodbanking-network\\\/\"],\"ownershipFundingInfo\":\"https:\\\/\\\/www.foodbanking.org\\\/annual-reports-and-financials\\\/\",\"actionableFeedbackPolicy\":\"https:\\\/\\\/www.foodbanking.org\\\/contact-us\\\/\"}]}<\/script>","yoast_head_json":{"title":"Quan h\u1ec7 \u0111\u1ed1i t\u00e1c doanh nghi\u1ec7p v\u1edbi M\u1ea1ng l\u01b0\u1edbi Ng\u00e2n h\u00e0ng Th\u1ef1c ph\u1ea9m To\u00e0n c\u1ea7u","description":"\u0110\u00f3ng g\u00f3p t\u00e0i ch\u00ednh d\u1eabn \u0111\u1ebfn t\u00e1c \u0111\u1ed9ng l\u00e2u d\u00e0i \u0111\u1ebfn c\u00e1c v\u1ea5n \u0111\u1ec1 c\u00f3 \u00fd ngh\u0129a nh\u1ea5t \u0111\u1ed1i v\u1edbi b\u1ea1n, nh\u00e2n vi\u00ean, kh\u00e1ch h\u00e0ng c\u1ee7a b\u1ea1n v\u00e0 h\u1ec7 th\u1ed1ng th\u1ef1c ph\u1ea9m c\u1ee7a ch\u00fang t\u00f4i.","robots":{"index":"index","follow":"follow","max-snippet":"max-snippet:-1","max-image-preview":"max-image-preview:large","max-video-preview":"max-video-preview:-1"},"canonical":"https:\/\/www.foodbanking.org\/vi\/ways-to-partner\/philanthropic-giving\/","og_locale":"vi_VN","og_type":"article","og_title":"Corporate Partnerships with The Global FoodBanking Network","og_description":"Financial contributions lead to long-term impact on the issues that mean the most to you, your employees, your customers, and our food systems.","og_url":"https:\/\/www.foodbanking.org\/vi\/ways-to-partner\/philanthropic-giving\/","og_site_name":"The Global FoodBanking Network","article_publisher":"https:\/\/www.facebook.com\/foodbanking","article_modified_time":"2024-04-12T13:36:36+00:00","og_image":[{"width":1024,"height":576,"url":"https:\/\/www.foodbanking.org\/wp-content\/uploads\/2022\/11\/Philanthropic-Giving-1024x576.png","type":"image\/png"}],"twitter_card":"summary_large_image","twitter_title":"Corporate Partnerships with The Global FoodBanking Network","twitter_description":"Financial contributions lead to long-term impact on the issues that mean the most to you, your employees, your customers, and our food systems.","twitter_image":"https:\/\/www.foodbanking.org\/wp-content\/uploads\/2022\/11\/Philanthropic-Giving.png","twitter_site":"@foodbanking","twitter_misc":{"\u01af\u1edbc t\u00ednh th\u1eddi gian \u0111\u1ecdc":"2 ph\u00fat"},"schema":{"@context":"https:\/\/schema.org","@graph":[{"@type":"WebPage","@id":"https:\/\/www.foodbanking.org\/ways-to-partner\/philanthropic-giving\/","url":"https:\/\/www.foodbanking.org\/ways-to-partner\/philanthropic-giving\/","name":"Quan h\u1ec7 \u0111\u1ed1i t\u00e1c doanh nghi\u1ec7p v\u1edbi M\u1ea1ng l\u01b0\u1edbi Ng\u00e2n h\u00e0ng Th\u1ef1c ph\u1ea9m To\u00e0n c\u1ea7u","isPartOf":{"@id":"https:\/\/www.foodbanking.org\/#website"},"datePublished":"2022-09-13T23:16:00+00:00","dateModified":"2024-04-12T13:36:36+00:00","description":"\u0110\u00f3ng g\u00f3p t\u00e0i ch\u00ednh d\u1eabn \u0111\u1ebfn t\u00e1c \u0111\u1ed9ng l\u00e2u d\u00e0i \u0111\u1ebfn c\u00e1c v\u1ea5n \u0111\u1ec1 c\u00f3 \u00fd ngh\u0129a nh\u1ea5t \u0111\u1ed1i v\u1edbi b\u1ea1n, nh\u00e2n vi\u00ean, kh\u00e1ch h\u00e0ng c\u1ee7a b\u1ea1n v\u00e0 h\u1ec7 th\u1ed1ng th\u1ef1c ph\u1ea9m c\u1ee7a ch\u00fang t\u00f4i.","breadcrumb":{"@id":"https:\/\/www.foodbanking.org\/ways-to-partner\/philanthropic-giving\/#breadcrumb"},"inLanguage":"vi","potentialAction":[{"@type":"ReadAction","target":["https:\/\/www.foodbanking.org\/ways-to-partner\/philanthropic-giving\/"]}]},{"@type":"BreadcrumbList","@id":"https:\/\/www.foodbanking.org\/ways-to-partner\/philanthropic-giving\/#breadcrumb","itemListElement":[{"@type":"ListItem","position":1,"name":"Home","item":"https:\/\/www.foodbanking.org\/"},{"@type":"ListItem","position":2,"name":"Ways to Partner","item":"https:\/\/www.foodbanking.org\/ways-to-partner\/"},{"@type":"ListItem","position":3,"name":"Philanthropic Giving"}]},{"@type":"WebSite","@id":"https:\/\/www.foodbanking.org\/#website","url":"https:\/\/www.foodbanking.org\/","name":"M\u1ea1ng l\u01b0\u1edbi Ng\u00e2n h\u00e0ng Th\u1ef1c ph\u1ea9m To\u00e0n c\u1ea7u","description":"","publisher":{"@id":"https:\/\/www.foodbanking.org\/#organization"},"alternateName":"GFN","potentialAction":[{"@type":"SearchAction","target":{"@type":"EntryPoint","urlTemplate":"https:\/\/www.foodbanking.org\/?s={search_term_string}"},"query-input":{"@type":"PropertyValueSpecification","valueRequired":true,"valueName":"search_term_string"}}],"inLanguage":"vi"},{"@type":"Organization","@id":"https:\/\/www.foodbanking.org\/#organization","name":"M\u1ea1ng l\u01b0\u1edbi Ng\u00e2n h\u00e0ng Th\u1ef1c ph\u1ea9m To\u00e0n c\u1ea7u","alternateName":"GFN","url":"https:\/\/www.foodbanking.org\/","logo":{"@type":"ImageObject","inLanguage":"vi","@id":"https:\/\/www.foodbanking.org\/#\/schema\/logo\/image\/","url":"https:\/\/www.foodbanking.org\/wp-content\/uploads\/2023\/05\/GFN_Logo_Teal.png","contentUrl":"https:\/\/www.foodbanking.org\/wp-content\/uploads\/2023\/05\/GFN_Logo_Teal.png","width":1000,"height":296,"caption":"The Global FoodBanking Network"},"image":{"@id":"https:\/\/www.foodbanking.org\/#\/schema\/logo\/image\/"},"sameAs":["https:\/\/www.facebook.com\/foodbanking","https:\/\/x.com\/foodbanking","https:\/\/www.instagram.com\/foodbanking","https:\/\/www.linkedin.com\/company\/the-global-foodbanking-network\/"],"ownershipFundingInfo":"https:\/\/www.foodbanking.org\/annual-reports-and-financials\/","actionableFeedbackPolicy":"https:\/\/www.foodbanking.org\/contact-us\/"}]}},"_links":{"self":[{"href":"https:\/\/www.foodbanking.org\/vi\/wp-json\/wp\/v2\/pages\/774","targetHints":{"allow":["GET"]}}],"collection":[{"href":"https:\/\/www.foodbanking.org\/vi\/wp-json\/wp\/v2\/pages"}],"about":[{"href":"https:\/\/www.foodbanking.org\/vi\/wp-json\/wp\/v2\/types\/page"}],"author":[{"embeddable":true,"href":"https:\/\/www.foodbanking.org\/vi\/wp-json\/wp\/v2\/users\/1"}],"replies":[{"embeddable":true,"href":"https:\/\/www.foodbanking.org\/vi\/wp-json\/wp\/v2\/comments?post=774"}],"version-history":[{"count":0,"href":"https:\/\/www.foodbanking.org\/vi\/wp-json\/wp\/v2\/pages\/774\/revisions"}],"up":[{"embeddable":true,"href":"https:\/\/www.foodbanking.org\/vi\/wp-json\/wp\/v2\/pages\/770"}],"wp:attachment":[{"href":"https:\/\/www.foodbanking.org\/vi\/wp-json\/wp\/v2\/media?parent=774"}],"curies":[{"name":"trang web","href":"https:\/\/api.w.org\/{rel}","templated":true}]}}