{"id":732,"date":"2022-09-13T20:47:03","date_gmt":"2022-09-13T20:47:03","guid":{"rendered":"https:\/\/www.foodbanking.org\/?page_id=732"},"modified":"2024-04-12T01:22:01","modified_gmt":"2024-04-12T01:22:01","slug":"addressing-child-hunger","status":"publish","type":"page","link":"https:\/\/www.foodbanking.org\/vi\/addressing-child-hunger\/","title":{"rendered":"Gi\u1ea3i quy\u1ebft n\u1ea1n \u0111\u00f3i \u1edf tr\u1ebb em"},"content":{"rendered":"","protected":false},"excerpt":{"rendered":"","protected":false},"author":1,"featured_media":0,"parent":0,"menu_order":0,"comment_status":"closed","ping_status":"closed","template":"","meta":{"inline_featured_image":false,"footnotes":""},"class_list":["post-732","page","type-page","status-publish","hentry"],"acf":[],"yoast_head":"<title>How Food Banks Address Child Hunger | The Global FoodBanking Network<\/title>\n<meta name=\"description\" content=\"Child hunger programs are a proven way to improve the lives of millions of children, families, and their communities\" \/>\n<meta name=\"robots\" content=\"index, follow, max-snippet:-1, max-image-preview:large, max-video-preview:-1\" \/>\n<link rel=\"canonical\" href=\"https:\/\/www.foodbanking.org\/vi\/addressing-child-hunger\/\" \/>\n<meta property=\"og:locale\" content=\"vi_VN\" \/>\n<meta property=\"og:type\" content=\"article\" \/>\n<meta property=\"og:title\" content=\"How Food Banks Address Child Hunger\" \/>\n<meta property=\"og:description\" content=\"Child hunger programs are a proven way to improve the lives of millions of children, families, and their communities\" \/>\n<meta property=\"og:url\" content=\"https:\/\/www.foodbanking.org\/vi\/addressing-child-hunger\/\" \/>\n<meta property=\"og:site_name\" content=\"The Global FoodBanking Network\" \/>\n<meta property=\"article:publisher\" content=\"https:\/\/www.facebook.com\/foodbanking\" \/>\n<meta property=\"article:modified_time\" content=\"2024-04-12T01:22:01+00:00\" \/>\n<meta property=\"og:image\" content=\"https:\/\/www.foodbanking.org\/wp-content\/uploads\/2022\/11\/51925974407_2a5348d02f_k.jpg\" \/>\n\t<meta property=\"og:image:width\" content=\"2048\" \/>\n\t<meta property=\"og:image:height\" content=\"1365\" \/>\n\t<meta property=\"og:image:type\" content=\"image\/jpeg\" \/>\n<meta name=\"twitter:card\" content=\"summary_large_image\" \/>\n<meta name=\"twitter:title\" content=\"How Food Banks Address Child Hunger\" \/>\n<meta name=\"twitter:description\" content=\"Child hunger programs are a proven way to improve the lives of millions of children, families, and their communities\" \/>\n<meta name=\"twitter:image\" content=\"https:\/\/www.foodbanking.org\/wp-content\/uploads\/2022\/11\/51925974407_2a5348d02f_k.jpg\" \/>\n<meta name=\"twitter:site\" content=\"@foodbanking\" \/>\n<meta name=\"twitter:label1\" content=\"\u01af\u1edbc t\u00ednh th\u1eddi gian \u0111\u1ecdc\" \/>\n\t<meta name=\"twitter:data1\" content=\"3 ph\u00fat\" \/>\n<script type=\"application\/ld+json\" class=\"yoast-schema-graph\">{\"@context\":\"https:\\\/\\\/schema.org\",\"@graph\":[{\"@type\":\"WebPage\",\"@id\":\"https:\\\/\\\/www.foodbanking.org\\\/addressing-child-hunger\\\/\",\"url\":\"https:\\\/\\\/www.foodbanking.org\\\/addressing-child-hunger\\\/\",\"name\":\"How Food Banks Address Child Hunger | The Global FoodBanking Network\",\"isPartOf\":{\"@id\":\"https:\\\/\\\/www.foodbanking.org\\\/#website\"},\"datePublished\":\"2022-09-13T20:47:03+00:00\",\"dateModified\":\"2024-04-12T01:22:01+00:00\",\"description\":\"Child hunger programs are a proven way to improve the lives of millions of children, families, and their communities\",\"breadcrumb\":{\"@id\":\"https:\\\/\\\/www.foodbanking.org\\\/addressing-child-hunger\\\/#breadcrumb\"},\"inLanguage\":\"vi\",\"potentialAction\":[{\"@type\":\"ReadAction\",\"target\":[\"https:\\\/\\\/www.foodbanking.org\\\/addressing-child-hunger\\\/\"]}]},{\"@type\":\"BreadcrumbList\",\"@id\":\"https:\\\/\\\/www.foodbanking.org\\\/addressing-child-hunger\\\/#breadcrumb\",\"itemListElement\":[{\"@type\":\"ListItem\",\"position\":1,\"name\":\"Home\",\"item\":\"https:\\\/\\\/www.foodbanking.org\\\/\"},{\"@type\":\"ListItem\",\"position\":2,\"name\":\"Addressing Child Hunger\"}]},{\"@type\":\"WebSite\",\"@id\":\"https:\\\/\\\/www.foodbanking.org\\\/#website\",\"url\":\"https:\\\/\\\/www.foodbanking.org\\\/\",\"name\":\"The Global FoodBanking Network\",\"description\":\"\",\"publisher\":{\"@id\":\"https:\\\/\\\/www.foodbanking.org\\\/#organization\"},\"alternateName\":\"GFN\",\"potentialAction\":[{\"@type\":\"SearchAction\",\"target\":{\"@type\":\"EntryPoint\",\"urlTemplate\":\"https:\\\/\\\/www.foodbanking.org\\\/?s={search_term_string}\"},\"query-input\":{\"@type\":\"PropertyValueSpecification\",\"valueRequired\":true,\"valueName\":\"search_term_string\"}}],\"inLanguage\":\"vi\"},{\"@type\":\"Organization\",\"@id\":\"https:\\\/\\\/www.foodbanking.org\\\/#organization\",\"name\":\"The Global FoodBanking Network\",\"alternateName\":\"GFN\",\"url\":\"https:\\\/\\\/www.foodbanking.org\\\/\",\"logo\":{\"@type\":\"ImageObject\",\"inLanguage\":\"vi\",\"@id\":\"https:\\\/\\\/www.foodbanking.org\\\/#\\\/schema\\\/logo\\\/image\\\/\",\"url\":\"https:\\\/\\\/www.foodbanking.org\\\/wp-content\\\/uploads\\\/2023\\\/05\\\/GFN_Logo_Teal.png\",\"contentUrl\":\"https:\\\/\\\/www.foodbanking.org\\\/wp-content\\\/uploads\\\/2023\\\/05\\\/GFN_Logo_Teal.png\",\"width\":1000,\"height\":296,\"caption\":\"The Global FoodBanking Network\"},\"image\":{\"@id\":\"https:\\\/\\\/www.foodbanking.org\\\/#\\\/schema\\\/logo\\\/image\\\/\"},\"sameAs\":[\"https:\\\/\\\/www.facebook.com\\\/foodbanking\",\"https:\\\/\\\/x.com\\\/foodbanking\",\"https:\\\/\\\/www.instagram.com\\\/foodbanking\",\"https:\\\/\\\/www.linkedin.com\\\/company\\\/the-global-foodbanking-network\\\/\"],\"ownershipFundingInfo\":\"https:\\\/\\\/www.foodbanking.org\\\/annual-reports-and-financials\\\/\",\"actionableFeedbackPolicy\":\"https:\\\/\\\/www.foodbanking.org\\\/contact-us\\\/\"}]}<\/script>","yoast_head_json":{"title":"C\u00e1c ng\u00e2n h\u00e0ng th\u1ef1c ph\u1ea9m gi\u1ea3i quy\u1ebft n\u1ea1n \u0111\u00f3i \u1edf tr\u1ebb em nh\u01b0 th\u1ebf n\u00e0o | M\u1ea1ng l\u01b0\u1edbi Ng\u00e2n h\u00e0ng Th\u1ef1c ph\u1ea9m To\u00e0n c\u1ea7u","description":"C\u00e1c ch\u01b0\u01a1ng tr\u00ecnh ch\u1ed1ng \u0111\u00f3i cho tr\u1ebb em l\u00e0 m\u1ed9t ph\u01b0\u01a1ng ph\u00e1p \u0111\u00e3 \u0111\u01b0\u1ee3c ch\u1ee9ng minh nh\u1eb1m c\u1ea3i thi\u1ec7n cu\u1ed9c s\u1ed1ng c\u1ee7a h\u00e0ng tri\u1ec7u tr\u1ebb em, gia \u0111\u00ecnh v\u00e0 c\u1ed9ng \u0111\u1ed3ng c\u1ee7a h\u1ecd","robots":{"index":"index","follow":"follow","max-snippet":"max-snippet:-1","max-image-preview":"max-image-preview:large","max-video-preview":"max-video-preview:-1"},"canonical":"https:\/\/www.foodbanking.org\/vi\/addressing-child-hunger\/","og_locale":"vi_VN","og_type":"article","og_title":"How Food Banks Address Child Hunger","og_description":"Child hunger programs are a proven way to improve the lives of millions of children, families, and their communities","og_url":"https:\/\/www.foodbanking.org\/vi\/addressing-child-hunger\/","og_site_name":"The Global FoodBanking Network","article_publisher":"https:\/\/www.facebook.com\/foodbanking","article_modified_time":"2024-04-12T01:22:01+00:00","og_image":[{"width":2048,"height":1365,"url":"https:\/\/www.foodbanking.org\/wp-content\/uploads\/2022\/11\/51925974407_2a5348d02f_k.jpg","type":"image\/jpeg"}],"twitter_card":"summary_large_image","twitter_title":"How Food Banks Address Child Hunger","twitter_description":"Child hunger programs are a proven way to improve the lives of millions of children, families, and their communities","twitter_image":"https:\/\/www.foodbanking.org\/wp-content\/uploads\/2022\/11\/51925974407_2a5348d02f_k.jpg","twitter_site":"@foodbanking","twitter_misc":{"\u01af\u1edbc t\u00ednh th\u1eddi gian \u0111\u1ecdc":"3 ph\u00fat"},"schema":{"@context":"https:\/\/schema.org","@graph":[{"@type":"WebPage","@id":"https:\/\/www.foodbanking.org\/addressing-child-hunger\/","url":"https:\/\/www.foodbanking.org\/addressing-child-hunger\/","name":"C\u00e1c ng\u00e2n h\u00e0ng th\u1ef1c ph\u1ea9m gi\u1ea3i quy\u1ebft n\u1ea1n \u0111\u00f3i \u1edf tr\u1ebb em nh\u01b0 th\u1ebf n\u00e0o | M\u1ea1ng l\u01b0\u1edbi Ng\u00e2n h\u00e0ng Th\u1ef1c ph\u1ea9m To\u00e0n c\u1ea7u","isPartOf":{"@id":"https:\/\/www.foodbanking.org\/#website"},"datePublished":"2022-09-13T20:47:03+00:00","dateModified":"2024-04-12T01:22:01+00:00","description":"C\u00e1c ch\u01b0\u01a1ng tr\u00ecnh ch\u1ed1ng \u0111\u00f3i cho tr\u1ebb em l\u00e0 m\u1ed9t ph\u01b0\u01a1ng ph\u00e1p \u0111\u00e3 \u0111\u01b0\u1ee3c ch\u1ee9ng minh nh\u1eb1m c\u1ea3i thi\u1ec7n cu\u1ed9c s\u1ed1ng c\u1ee7a h\u00e0ng tri\u1ec7u tr\u1ebb em, gia \u0111\u00ecnh v\u00e0 c\u1ed9ng \u0111\u1ed3ng c\u1ee7a h\u1ecd","breadcrumb":{"@id":"https:\/\/www.foodbanking.org\/addressing-child-hunger\/#breadcrumb"},"inLanguage":"vi","potentialAction":[{"@type":"ReadAction","target":["https:\/\/www.foodbanking.org\/addressing-child-hunger\/"]}]},{"@type":"BreadcrumbList","@id":"https:\/\/www.foodbanking.org\/addressing-child-hunger\/#breadcrumb","itemListElement":[{"@type":"ListItem","position":1,"name":"Home","item":"https:\/\/www.foodbanking.org\/"},{"@type":"ListItem","position":2,"name":"Addressing Child Hunger"}]},{"@type":"WebSite","@id":"https:\/\/www.foodbanking.org\/#website","url":"https:\/\/www.foodbanking.org\/","name":"M\u1ea1ng l\u01b0\u1edbi Ng\u00e2n h\u00e0ng Th\u1ef1c ph\u1ea9m To\u00e0n c\u1ea7u","description":"","publisher":{"@id":"https:\/\/www.foodbanking.org\/#organization"},"alternateName":"GFN","potentialAction":[{"@type":"SearchAction","target":{"@type":"EntryPoint","urlTemplate":"https:\/\/www.foodbanking.org\/?s={search_term_string}"},"query-input":{"@type":"PropertyValueSpecification","valueRequired":true,"valueName":"search_term_string"}}],"inLanguage":"vi"},{"@type":"Organization","@id":"https:\/\/www.foodbanking.org\/#organization","name":"M\u1ea1ng l\u01b0\u1edbi Ng\u00e2n h\u00e0ng Th\u1ef1c ph\u1ea9m To\u00e0n c\u1ea7u","alternateName":"GFN","url":"https:\/\/www.foodbanking.org\/","logo":{"@type":"ImageObject","inLanguage":"vi","@id":"https:\/\/www.foodbanking.org\/#\/schema\/logo\/image\/","url":"https:\/\/www.foodbanking.org\/wp-content\/uploads\/2023\/05\/GFN_Logo_Teal.png","contentUrl":"https:\/\/www.foodbanking.org\/wp-content\/uploads\/2023\/05\/GFN_Logo_Teal.png","width":1000,"height":296,"caption":"The Global FoodBanking Network"},"image":{"@id":"https:\/\/www.foodbanking.org\/#\/schema\/logo\/image\/"},"sameAs":["https:\/\/www.facebook.com\/foodbanking","https:\/\/x.com\/foodbanking","https:\/\/www.instagram.com\/foodbanking","https:\/\/www.linkedin.com\/company\/the-global-foodbanking-network\/"],"ownershipFundingInfo":"https:\/\/www.foodbanking.org\/annual-reports-and-financials\/","actionableFeedbackPolicy":"https:\/\/www.foodbanking.org\/contact-us\/"}]}},"_links":{"self":[{"href":"https:\/\/www.foodbanking.org\/vi\/wp-json\/wp\/v2\/pages\/732","targetHints":{"allow":["GET"]}}],"collection":[{"href":"https:\/\/www.foodbanking.org\/vi\/wp-json\/wp\/v2\/pages"}],"about":[{"href":"https:\/\/www.foodbanking.org\/vi\/wp-json\/wp\/v2\/types\/page"}],"author":[{"embeddable":true,"href":"https:\/\/www.foodbanking.org\/vi\/wp-json\/wp\/v2\/users\/1"}],"replies":[{"embeddable":true,"href":"https:\/\/www.foodbanking.org\/vi\/wp-json\/wp\/v2\/comments?post=732"}],"version-history":[{"count":0,"href":"https:\/\/www.foodbanking.org\/vi\/wp-json\/wp\/v2\/pages\/732\/revisions"}],"wp:attachment":[{"href":"https:\/\/www.foodbanking.org\/vi\/wp-json\/wp\/v2\/media?parent=732"}],"curies":[{"name":"trang web","href":"https:\/\/api.w.org\/{rel}","templated":true}]}}