{"id":730,"date":"2022-09-13T20:41:22","date_gmt":"2022-09-13T20:41:22","guid":{"rendered":"https:\/\/www.foodbanking.org\/?page_id=730"},"modified":"2024-04-12T01:18:45","modified_gmt":"2024-04-12T01:18:45","slug":"advancing-the-sustainable-development-goals","status":"publish","type":"page","link":"https:\/\/www.foodbanking.org\/vi\/advancing-the-sustainable-development-goals\/","title":{"rendered":"Th\u00fac \u0111\u1ea9y c\u00e1c m\u1ee5c ti\u00eau ph\u00e1t tri\u1ec3n b\u1ec1n v\u1eefng"},"content":{"rendered":"","protected":false},"excerpt":{"rendered":"","protected":false},"author":1,"featured_media":0,"parent":0,"menu_order":0,"comment_status":"closed","ping_status":"closed","template":"","meta":{"inline_featured_image":false,"footnotes":""},"class_list":["post-730","page","type-page","status-publish","hentry"],"acf":[],"yoast_head":"<title>How Food Banks Advance the SDGs | The Global FoodBanking Network<\/title>\n<meta name=\"description\" content=\"The bold ambitions of the international community are captured in the Sustainable Development Goals\u2013and food banks help advance progress across all 17 goals.\" \/>\n<meta name=\"robots\" content=\"index, follow, max-snippet:-1, max-image-preview:large, max-video-preview:-1\" \/>\n<link rel=\"canonical\" href=\"https:\/\/www.foodbanking.org\/vi\/advancing-the-sustainable-development-goals\/\" \/>\n<meta property=\"og:locale\" content=\"vi_VN\" \/>\n<meta property=\"og:type\" content=\"article\" \/>\n<meta property=\"og:title\" content=\"Advancing the Sustainable Development Goals\" \/>\n<meta property=\"og:description\" content=\"The bold ambitions of the international community are captured in the Sustainable Development Goals\u2013and food banks help advance progress across all 17 goals.\" \/>\n<meta property=\"og:url\" content=\"https:\/\/www.foodbanking.org\/vi\/advancing-the-sustainable-development-goals\/\" \/>\n<meta property=\"og:site_name\" content=\"The Global FoodBanking Network\" \/>\n<meta property=\"article:publisher\" content=\"https:\/\/www.facebook.com\/foodbanking\" \/>\n<meta property=\"article:modified_time\" content=\"2024-04-12T01:18:45+00:00\" \/>\n<meta property=\"og:image\" content=\"https:\/\/www.foodbanking.org\/wp-content\/uploads\/2022\/09\/Featured-Photo-option-1-Advancing-the-SDGs-scaled.jpg\" \/>\n\t<meta property=\"og:image:width\" content=\"2560\" \/>\n\t<meta property=\"og:image:height\" content=\"1707\" \/>\n\t<meta property=\"og:image:type\" content=\"image\/jpeg\" \/>\n<meta name=\"twitter:card\" content=\"summary_large_image\" \/>\n<meta name=\"twitter:description\" content=\"The bold ambitions of the international community are captured in the Sustainable Development Goals\u2013and food banks help advance progress across all 17 goals.\" \/>\n<meta name=\"twitter:image\" content=\"https:\/\/www.foodbanking.org\/wp-content\/uploads\/2022\/09\/Featured-Photo-option-1-Advancing-the-SDGs-scaled.jpg\" \/>\n<meta name=\"twitter:site\" content=\"@foodbanking\" \/>\n<meta name=\"twitter:label1\" content=\"\u01af\u1edbc t\u00ednh th\u1eddi gian \u0111\u1ecdc\" \/>\n\t<meta name=\"twitter:data1\" content=\"3 ph\u00fat\" \/>\n<script type=\"application\/ld+json\" class=\"yoast-schema-graph\">{\"@context\":\"https:\\\/\\\/schema.org\",\"@graph\":[{\"@type\":\"WebPage\",\"@id\":\"https:\\\/\\\/www.foodbanking.org\\\/advancing-the-sustainable-development-goals\\\/\",\"url\":\"https:\\\/\\\/www.foodbanking.org\\\/advancing-the-sustainable-development-goals\\\/\",\"name\":\"How Food Banks Advance the SDGs | The Global FoodBanking Network\",\"isPartOf\":{\"@id\":\"https:\\\/\\\/www.foodbanking.org\\\/#website\"},\"datePublished\":\"2022-09-13T20:41:22+00:00\",\"dateModified\":\"2024-04-12T01:18:45+00:00\",\"description\":\"The bold ambitions of the international community are captured in the Sustainable Development Goals\u2013and food banks help advance progress across all 17 goals.\",\"breadcrumb\":{\"@id\":\"https:\\\/\\\/www.foodbanking.org\\\/advancing-the-sustainable-development-goals\\\/#breadcrumb\"},\"inLanguage\":\"vi\",\"potentialAction\":[{\"@type\":\"ReadAction\",\"target\":[\"https:\\\/\\\/www.foodbanking.org\\\/advancing-the-sustainable-development-goals\\\/\"]}]},{\"@type\":\"BreadcrumbList\",\"@id\":\"https:\\\/\\\/www.foodbanking.org\\\/advancing-the-sustainable-development-goals\\\/#breadcrumb\",\"itemListElement\":[{\"@type\":\"ListItem\",\"position\":1,\"name\":\"Home\",\"item\":\"https:\\\/\\\/www.foodbanking.org\\\/\"},{\"@type\":\"ListItem\",\"position\":2,\"name\":\"Advancing the Sustainable Development Goals\"}]},{\"@type\":\"WebSite\",\"@id\":\"https:\\\/\\\/www.foodbanking.org\\\/#website\",\"url\":\"https:\\\/\\\/www.foodbanking.org\\\/\",\"name\":\"The Global FoodBanking Network\",\"description\":\"\",\"publisher\":{\"@id\":\"https:\\\/\\\/www.foodbanking.org\\\/#organization\"},\"alternateName\":\"GFN\",\"potentialAction\":[{\"@type\":\"SearchAction\",\"target\":{\"@type\":\"EntryPoint\",\"urlTemplate\":\"https:\\\/\\\/www.foodbanking.org\\\/?s={search_term_string}\"},\"query-input\":{\"@type\":\"PropertyValueSpecification\",\"valueRequired\":true,\"valueName\":\"search_term_string\"}}],\"inLanguage\":\"vi\"},{\"@type\":\"Organization\",\"@id\":\"https:\\\/\\\/www.foodbanking.org\\\/#organization\",\"name\":\"The Global FoodBanking Network\",\"alternateName\":\"GFN\",\"url\":\"https:\\\/\\\/www.foodbanking.org\\\/\",\"logo\":{\"@type\":\"ImageObject\",\"inLanguage\":\"vi\",\"@id\":\"https:\\\/\\\/www.foodbanking.org\\\/#\\\/schema\\\/logo\\\/image\\\/\",\"url\":\"https:\\\/\\\/www.foodbanking.org\\\/wp-content\\\/uploads\\\/2023\\\/05\\\/GFN_Logo_Teal.png\",\"contentUrl\":\"https:\\\/\\\/www.foodbanking.org\\\/wp-content\\\/uploads\\\/2023\\\/05\\\/GFN_Logo_Teal.png\",\"width\":1000,\"height\":296,\"caption\":\"The Global FoodBanking Network\"},\"image\":{\"@id\":\"https:\\\/\\\/www.foodbanking.org\\\/#\\\/schema\\\/logo\\\/image\\\/\"},\"sameAs\":[\"https:\\\/\\\/www.facebook.com\\\/foodbanking\",\"https:\\\/\\\/x.com\\\/foodbanking\",\"https:\\\/\\\/www.instagram.com\\\/foodbanking\",\"https:\\\/\\\/www.linkedin.com\\\/company\\\/the-global-foodbanking-network\\\/\"],\"ownershipFundingInfo\":\"https:\\\/\\\/www.foodbanking.org\\\/annual-reports-and-financials\\\/\",\"actionableFeedbackPolicy\":\"https:\\\/\\\/www.foodbanking.org\\\/contact-us\\\/\"}]}<\/script>","yoast_head_json":{"title":"C\u00e1c ng\u00e2n h\u00e0ng th\u1ef1c ph\u1ea9m \u0111\u00f3ng g\u00f3p nh\u01b0 th\u1ebf n\u00e0o v\u00e0o vi\u1ec7c \u0111\u1ea1t \u0111\u01b0\u1ee3c c\u00e1c M\u1ee5c ti\u00eau Ph\u00e1t tri\u1ec3n B\u1ec1n v\u1eefng | M\u1ea1ng l\u01b0\u1edbi Ng\u00e2n h\u00e0ng Th\u1ef1c ph\u1ea9m To\u00e0n c\u1ea7u","description":"Tham v\u1ecdng t\u00e1o b\u1ea1o c\u1ee7a c\u1ed9ng \u0111\u1ed3ng qu\u1ed1c t\u1ebf \u0111\u01b0\u1ee3c th\u1ec3 hi\u1ec7n trong c\u00e1c M\u1ee5c ti\u00eau Ph\u00e1t tri\u1ec3n B\u1ec1n v\u1eefng \u2013 v\u00e0 c\u00e1c ng\u00e2n h\u00e0ng th\u1ef1c ph\u1ea9m gi\u00fap th\u00fac \u0111\u1ea9y ti\u1ebfn \u0111\u1ed9 c\u1ee7a t\u1ea5t c\u1ea3 17 m\u1ee5c ti\u00eau.","robots":{"index":"index","follow":"follow","max-snippet":"max-snippet:-1","max-image-preview":"max-image-preview:large","max-video-preview":"max-video-preview:-1"},"canonical":"https:\/\/www.foodbanking.org\/vi\/advancing-the-sustainable-development-goals\/","og_locale":"vi_VN","og_type":"article","og_title":"Advancing the Sustainable Development Goals","og_description":"The bold ambitions of the international community are captured in the Sustainable Development Goals\u2013and food banks help advance progress across all 17 goals.","og_url":"https:\/\/www.foodbanking.org\/vi\/advancing-the-sustainable-development-goals\/","og_site_name":"The Global FoodBanking Network","article_publisher":"https:\/\/www.facebook.com\/foodbanking","article_modified_time":"2024-04-12T01:18:45+00:00","og_image":[{"width":2560,"height":1707,"url":"https:\/\/www.foodbanking.org\/wp-content\/uploads\/2022\/09\/Featured-Photo-option-1-Advancing-the-SDGs-scaled.jpg","type":"image\/jpeg"}],"twitter_card":"summary_large_image","twitter_description":"The bold ambitions of the international community are captured in the Sustainable Development Goals\u2013and food banks help advance progress across all 17 goals.","twitter_image":"https:\/\/www.foodbanking.org\/wp-content\/uploads\/2022\/09\/Featured-Photo-option-1-Advancing-the-SDGs-scaled.jpg","twitter_site":"@foodbanking","twitter_misc":{"\u01af\u1edbc t\u00ednh th\u1eddi gian \u0111\u1ecdc":"3 ph\u00fat"},"schema":{"@context":"https:\/\/schema.org","@graph":[{"@type":"WebPage","@id":"https:\/\/www.foodbanking.org\/advancing-the-sustainable-development-goals\/","url":"https:\/\/www.foodbanking.org\/advancing-the-sustainable-development-goals\/","name":"C\u00e1c ng\u00e2n h\u00e0ng th\u1ef1c ph\u1ea9m \u0111\u00f3ng g\u00f3p nh\u01b0 th\u1ebf n\u00e0o v\u00e0o vi\u1ec7c \u0111\u1ea1t \u0111\u01b0\u1ee3c c\u00e1c M\u1ee5c ti\u00eau Ph\u00e1t tri\u1ec3n B\u1ec1n v\u1eefng | M\u1ea1ng l\u01b0\u1edbi Ng\u00e2n h\u00e0ng Th\u1ef1c ph\u1ea9m To\u00e0n c\u1ea7u","isPartOf":{"@id":"https:\/\/www.foodbanking.org\/#website"},"datePublished":"2022-09-13T20:41:22+00:00","dateModified":"2024-04-12T01:18:45+00:00","description":"Tham v\u1ecdng t\u00e1o b\u1ea1o c\u1ee7a c\u1ed9ng \u0111\u1ed3ng qu\u1ed1c t\u1ebf \u0111\u01b0\u1ee3c th\u1ec3 hi\u1ec7n trong c\u00e1c M\u1ee5c ti\u00eau Ph\u00e1t tri\u1ec3n B\u1ec1n v\u1eefng \u2013 v\u00e0 c\u00e1c ng\u00e2n h\u00e0ng th\u1ef1c ph\u1ea9m gi\u00fap th\u00fac \u0111\u1ea9y ti\u1ebfn \u0111\u1ed9 c\u1ee7a t\u1ea5t c\u1ea3 17 m\u1ee5c ti\u00eau.","breadcrumb":{"@id":"https:\/\/www.foodbanking.org\/advancing-the-sustainable-development-goals\/#breadcrumb"},"inLanguage":"vi","potentialAction":[{"@type":"ReadAction","target":["https:\/\/www.foodbanking.org\/advancing-the-sustainable-development-goals\/"]}]},{"@type":"BreadcrumbList","@id":"https:\/\/www.foodbanking.org\/advancing-the-sustainable-development-goals\/#breadcrumb","itemListElement":[{"@type":"ListItem","position":1,"name":"Home","item":"https:\/\/www.foodbanking.org\/"},{"@type":"ListItem","position":2,"name":"Advancing the Sustainable Development Goals"}]},{"@type":"WebSite","@id":"https:\/\/www.foodbanking.org\/#website","url":"https:\/\/www.foodbanking.org\/","name":"M\u1ea1ng l\u01b0\u1edbi Ng\u00e2n h\u00e0ng Th\u1ef1c ph\u1ea9m To\u00e0n c\u1ea7u","description":"","publisher":{"@id":"https:\/\/www.foodbanking.org\/#organization"},"alternateName":"GFN","potentialAction":[{"@type":"SearchAction","target":{"@type":"EntryPoint","urlTemplate":"https:\/\/www.foodbanking.org\/?s={search_term_string}"},"query-input":{"@type":"PropertyValueSpecification","valueRequired":true,"valueName":"search_term_string"}}],"inLanguage":"vi"},{"@type":"Organization","@id":"https:\/\/www.foodbanking.org\/#organization","name":"M\u1ea1ng l\u01b0\u1edbi Ng\u00e2n h\u00e0ng Th\u1ef1c ph\u1ea9m To\u00e0n c\u1ea7u","alternateName":"GFN","url":"https:\/\/www.foodbanking.org\/","logo":{"@type":"ImageObject","inLanguage":"vi","@id":"https:\/\/www.foodbanking.org\/#\/schema\/logo\/image\/","url":"https:\/\/www.foodbanking.org\/wp-content\/uploads\/2023\/05\/GFN_Logo_Teal.png","contentUrl":"https:\/\/www.foodbanking.org\/wp-content\/uploads\/2023\/05\/GFN_Logo_Teal.png","width":1000,"height":296,"caption":"The Global FoodBanking Network"},"image":{"@id":"https:\/\/www.foodbanking.org\/#\/schema\/logo\/image\/"},"sameAs":["https:\/\/www.facebook.com\/foodbanking","https:\/\/x.com\/foodbanking","https:\/\/www.instagram.com\/foodbanking","https:\/\/www.linkedin.com\/company\/the-global-foodbanking-network\/"],"ownershipFundingInfo":"https:\/\/www.foodbanking.org\/annual-reports-and-financials\/","actionableFeedbackPolicy":"https:\/\/www.foodbanking.org\/contact-us\/"}]}},"_links":{"self":[{"href":"https:\/\/www.foodbanking.org\/vi\/wp-json\/wp\/v2\/pages\/730","targetHints":{"allow":["GET"]}}],"collection":[{"href":"https:\/\/www.foodbanking.org\/vi\/wp-json\/wp\/v2\/pages"}],"about":[{"href":"https:\/\/www.foodbanking.org\/vi\/wp-json\/wp\/v2\/types\/page"}],"author":[{"embeddable":true,"href":"https:\/\/www.foodbanking.org\/vi\/wp-json\/wp\/v2\/users\/1"}],"replies":[{"embeddable":true,"href":"https:\/\/www.foodbanking.org\/vi\/wp-json\/wp\/v2\/comments?post=730"}],"version-history":[{"count":0,"href":"https:\/\/www.foodbanking.org\/vi\/wp-json\/wp\/v2\/pages\/730\/revisions"}],"wp:attachment":[{"href":"https:\/\/www.foodbanking.org\/vi\/wp-json\/wp\/v2\/media?parent=730"}],"curies":[{"name":"trang web","href":"https:\/\/api.w.org\/{rel}","templated":true}]}}