{"id":646,"date":"2022-09-09T19:35:20","date_gmt":"2022-09-09T19:35:20","guid":{"rendered":"https:\/\/www.foodbanking.org\/?page_id=646"},"modified":"2024-05-01T12:39:12","modified_gmt":"2024-05-01T12:39:12","slug":"reducing-food-loss-and-waste","status":"publish","type":"page","link":"https:\/\/www.foodbanking.org\/vi\/reducing-food-loss-and-waste\/","title":{"rendered":"Gi\u1ea3m th\u1ea5t tho\u00e1t v\u00e0 l\u00e3ng ph\u00ed th\u1ef1c ph\u1ea9m"},"content":{"rendered":"","protected":false},"excerpt":{"rendered":"","protected":false},"author":1,"featured_media":0,"parent":0,"menu_order":0,"comment_status":"closed","ping_status":"closed","template":"","meta":{"inline_featured_image":false,"footnotes":""},"class_list":["post-646","page","type-page","status-publish","hentry"],"acf":[],"yoast_head":"<title>How Food Banks Reduce Food Loss and Waste | The Global FoodBanking Network<\/title>\n<meta name=\"description\" content=\"Advancing sustainable food systems cannot be divorced from addressing climate change. Food banks help connect the dots between the two.\" \/>\n<meta name=\"robots\" content=\"index, follow, max-snippet:-1, max-image-preview:large, max-video-preview:-1\" \/>\n<link rel=\"canonical\" href=\"https:\/\/www.foodbanking.org\/vi\/reducing-food-loss-and-waste\/\" \/>\n<meta property=\"og:locale\" content=\"vi_VN\" \/>\n<meta property=\"og:type\" content=\"article\" \/>\n<meta property=\"og:title\" content=\"How Food Banks Reduce Food Loss and Waste\" \/>\n<meta property=\"og:description\" content=\"Advancing sustainable food systems cannot be divorced from addressing climate change. Food banks help connect the dots between the two.\" \/>\n<meta property=\"og:url\" content=\"https:\/\/www.foodbanking.org\/vi\/reducing-food-loss-and-waste\/\" \/>\n<meta property=\"og:site_name\" content=\"The Global FoodBanking Network\" \/>\n<meta property=\"article:publisher\" content=\"https:\/\/www.facebook.com\/foodbanking\" \/>\n<meta property=\"article:modified_time\" content=\"2024-05-01T12:39:12+00:00\" \/>\n<meta property=\"og:image\" content=\"https:\/\/www.foodbanking.org\/wp-content\/uploads\/2022\/12\/50784759807_9e6d76148f_k.jpg\" \/>\n\t<meta property=\"og:image:width\" content=\"2048\" \/>\n\t<meta property=\"og:image:height\" content=\"1365\" \/>\n\t<meta property=\"og:image:type\" content=\"image\/jpeg\" \/>\n<meta name=\"twitter:card\" content=\"summary_large_image\" \/>\n<meta name=\"twitter:title\" content=\"How Food Banks Reduce Food Loss and Waste\" \/>\n<meta name=\"twitter:description\" content=\"Advancing sustainable food systems cannot be divorced from addressing climate change. Food banks help connect the dots between the two.\" \/>\n<meta name=\"twitter:image\" content=\"https:\/\/www.foodbanking.org\/wp-content\/uploads\/2022\/12\/50784759807_9e6d76148f_k.jpg\" \/>\n<meta name=\"twitter:site\" content=\"@foodbanking\" \/>\n<meta name=\"twitter:label1\" content=\"\u01af\u1edbc t\u00ednh th\u1eddi gian \u0111\u1ecdc\" \/>\n\t<meta name=\"twitter:data1\" content=\"5 ph\u00fat\" \/>\n<script type=\"application\/ld+json\" class=\"yoast-schema-graph\">{\"@context\":\"https:\\\/\\\/schema.org\",\"@graph\":[{\"@type\":\"WebPage\",\"@id\":\"https:\\\/\\\/www.foodbanking.org\\\/reducing-food-loss-and-waste\\\/\",\"url\":\"https:\\\/\\\/www.foodbanking.org\\\/reducing-food-loss-and-waste\\\/\",\"name\":\"How Food Banks Reduce Food Loss and Waste | The Global FoodBanking Network\",\"isPartOf\":{\"@id\":\"https:\\\/\\\/www.foodbanking.org\\\/#website\"},\"datePublished\":\"2022-09-09T19:35:20+00:00\",\"dateModified\":\"2024-05-01T12:39:12+00:00\",\"description\":\"Advancing sustainable food systems cannot be divorced from addressing climate change. Food banks help connect the dots between the two.\",\"breadcrumb\":{\"@id\":\"https:\\\/\\\/www.foodbanking.org\\\/reducing-food-loss-and-waste\\\/#breadcrumb\"},\"inLanguage\":\"vi\",\"potentialAction\":[{\"@type\":\"ReadAction\",\"target\":[\"https:\\\/\\\/www.foodbanking.org\\\/reducing-food-loss-and-waste\\\/\"]}]},{\"@type\":\"BreadcrumbList\",\"@id\":\"https:\\\/\\\/www.foodbanking.org\\\/reducing-food-loss-and-waste\\\/#breadcrumb\",\"itemListElement\":[{\"@type\":\"ListItem\",\"position\":1,\"name\":\"Home\",\"item\":\"https:\\\/\\\/www.foodbanking.org\\\/\"},{\"@type\":\"ListItem\",\"position\":2,\"name\":\"Reducing Food Loss and Waste\"}]},{\"@type\":\"WebSite\",\"@id\":\"https:\\\/\\\/www.foodbanking.org\\\/#website\",\"url\":\"https:\\\/\\\/www.foodbanking.org\\\/\",\"name\":\"The Global FoodBanking Network\",\"description\":\"\",\"publisher\":{\"@id\":\"https:\\\/\\\/www.foodbanking.org\\\/#organization\"},\"alternateName\":\"GFN\",\"potentialAction\":[{\"@type\":\"SearchAction\",\"target\":{\"@type\":\"EntryPoint\",\"urlTemplate\":\"https:\\\/\\\/www.foodbanking.org\\\/?s={search_term_string}\"},\"query-input\":{\"@type\":\"PropertyValueSpecification\",\"valueRequired\":true,\"valueName\":\"search_term_string\"}}],\"inLanguage\":\"vi\"},{\"@type\":\"Organization\",\"@id\":\"https:\\\/\\\/www.foodbanking.org\\\/#organization\",\"name\":\"The Global FoodBanking Network\",\"alternateName\":\"GFN\",\"url\":\"https:\\\/\\\/www.foodbanking.org\\\/\",\"logo\":{\"@type\":\"ImageObject\",\"inLanguage\":\"vi\",\"@id\":\"https:\\\/\\\/www.foodbanking.org\\\/#\\\/schema\\\/logo\\\/image\\\/\",\"url\":\"https:\\\/\\\/www.foodbanking.org\\\/wp-content\\\/uploads\\\/2023\\\/05\\\/GFN_Logo_Teal.png\",\"contentUrl\":\"https:\\\/\\\/www.foodbanking.org\\\/wp-content\\\/uploads\\\/2023\\\/05\\\/GFN_Logo_Teal.png\",\"width\":1000,\"height\":296,\"caption\":\"The Global FoodBanking Network\"},\"image\":{\"@id\":\"https:\\\/\\\/www.foodbanking.org\\\/#\\\/schema\\\/logo\\\/image\\\/\"},\"sameAs\":[\"https:\\\/\\\/www.facebook.com\\\/foodbanking\",\"https:\\\/\\\/x.com\\\/foodbanking\",\"https:\\\/\\\/www.instagram.com\\\/foodbanking\",\"https:\\\/\\\/www.linkedin.com\\\/company\\\/the-global-foodbanking-network\\\/\"],\"ownershipFundingInfo\":\"https:\\\/\\\/www.foodbanking.org\\\/annual-reports-and-financials\\\/\",\"actionableFeedbackPolicy\":\"https:\\\/\\\/www.foodbanking.org\\\/contact-us\\\/\"}]}<\/script>","yoast_head_json":{"title":"L\u00e0m th\u1ebf n\u00e0o c\u00e1c ng\u00e2n h\u00e0ng th\u1ef1c ph\u1ea9m gi\u1ea3m thi\u1ec3u th\u1ea5t tho\u00e1t v\u00e0 l\u00e3ng ph\u00ed th\u1ef1c ph\u1ea9m | M\u1ea1ng l\u01b0\u1edbi Ng\u00e2n h\u00e0ng Th\u1ef1c ph\u1ea9m To\u00e0n c\u1ea7u","description":"Th\u00fac \u0111\u1ea9y h\u1ec7 th\u1ed1ng th\u1ef1c ph\u1ea9m b\u1ec1n v\u1eefng kh\u00f4ng th\u1ec3 t\u00e1ch r\u1eddi vi\u1ec7c gi\u1ea3i quy\u1ebft v\u1ea5n \u0111\u1ec1 bi\u1ebfn \u0111\u1ed5i kh\u00ed h\u1eadu. Ng\u00e2n h\u00e0ng th\u1ef1c ph\u1ea9m gi\u00fap k\u1ebft n\u1ed1i c\u00e1c \u0111i\u1ec3m gi\u1eefa hai \u0111i\u1ec1u n\u00e0y.","robots":{"index":"index","follow":"follow","max-snippet":"max-snippet:-1","max-image-preview":"max-image-preview:large","max-video-preview":"max-video-preview:-1"},"canonical":"https:\/\/www.foodbanking.org\/vi\/reducing-food-loss-and-waste\/","og_locale":"vi_VN","og_type":"article","og_title":"How Food Banks Reduce Food Loss and Waste","og_description":"Advancing sustainable food systems cannot be divorced from addressing climate change. Food banks help connect the dots between the two.","og_url":"https:\/\/www.foodbanking.org\/vi\/reducing-food-loss-and-waste\/","og_site_name":"The Global FoodBanking Network","article_publisher":"https:\/\/www.facebook.com\/foodbanking","article_modified_time":"2024-05-01T12:39:12+00:00","og_image":[{"width":2048,"height":1365,"url":"https:\/\/www.foodbanking.org\/wp-content\/uploads\/2022\/12\/50784759807_9e6d76148f_k.jpg","type":"image\/jpeg"}],"twitter_card":"summary_large_image","twitter_title":"How Food Banks Reduce Food Loss and Waste","twitter_description":"Advancing sustainable food systems cannot be divorced from addressing climate change. Food banks help connect the dots between the two.","twitter_image":"https:\/\/www.foodbanking.org\/wp-content\/uploads\/2022\/12\/50784759807_9e6d76148f_k.jpg","twitter_site":"@foodbanking","twitter_misc":{"\u01af\u1edbc t\u00ednh th\u1eddi gian \u0111\u1ecdc":"5 ph\u00fat"},"schema":{"@context":"https:\/\/schema.org","@graph":[{"@type":"WebPage","@id":"https:\/\/www.foodbanking.org\/reducing-food-loss-and-waste\/","url":"https:\/\/www.foodbanking.org\/reducing-food-loss-and-waste\/","name":"L\u00e0m th\u1ebf n\u00e0o c\u00e1c ng\u00e2n h\u00e0ng th\u1ef1c ph\u1ea9m gi\u1ea3m thi\u1ec3u th\u1ea5t tho\u00e1t v\u00e0 l\u00e3ng ph\u00ed th\u1ef1c ph\u1ea9m | M\u1ea1ng l\u01b0\u1edbi Ng\u00e2n h\u00e0ng Th\u1ef1c ph\u1ea9m To\u00e0n c\u1ea7u","isPartOf":{"@id":"https:\/\/www.foodbanking.org\/#website"},"datePublished":"2022-09-09T19:35:20+00:00","dateModified":"2024-05-01T12:39:12+00:00","description":"Th\u00fac \u0111\u1ea9y h\u1ec7 th\u1ed1ng th\u1ef1c ph\u1ea9m b\u1ec1n v\u1eefng kh\u00f4ng th\u1ec3 t\u00e1ch r\u1eddi vi\u1ec7c gi\u1ea3i quy\u1ebft v\u1ea5n \u0111\u1ec1 bi\u1ebfn \u0111\u1ed5i kh\u00ed h\u1eadu. Ng\u00e2n h\u00e0ng th\u1ef1c ph\u1ea9m gi\u00fap k\u1ebft n\u1ed1i c\u00e1c \u0111i\u1ec3m gi\u1eefa hai \u0111i\u1ec1u n\u00e0y.","breadcrumb":{"@id":"https:\/\/www.foodbanking.org\/reducing-food-loss-and-waste\/#breadcrumb"},"inLanguage":"vi","potentialAction":[{"@type":"ReadAction","target":["https:\/\/www.foodbanking.org\/reducing-food-loss-and-waste\/"]}]},{"@type":"BreadcrumbList","@id":"https:\/\/www.foodbanking.org\/reducing-food-loss-and-waste\/#breadcrumb","itemListElement":[{"@type":"ListItem","position":1,"name":"Home","item":"https:\/\/www.foodbanking.org\/"},{"@type":"ListItem","position":2,"name":"Reducing Food Loss and Waste"}]},{"@type":"WebSite","@id":"https:\/\/www.foodbanking.org\/#website","url":"https:\/\/www.foodbanking.org\/","name":"M\u1ea1ng l\u01b0\u1edbi Ng\u00e2n h\u00e0ng Th\u1ef1c ph\u1ea9m To\u00e0n c\u1ea7u","description":"","publisher":{"@id":"https:\/\/www.foodbanking.org\/#organization"},"alternateName":"GFN","potentialAction":[{"@type":"SearchAction","target":{"@type":"EntryPoint","urlTemplate":"https:\/\/www.foodbanking.org\/?s={search_term_string}"},"query-input":{"@type":"PropertyValueSpecification","valueRequired":true,"valueName":"search_term_string"}}],"inLanguage":"vi"},{"@type":"Organization","@id":"https:\/\/www.foodbanking.org\/#organization","name":"M\u1ea1ng l\u01b0\u1edbi Ng\u00e2n h\u00e0ng Th\u1ef1c ph\u1ea9m To\u00e0n c\u1ea7u","alternateName":"GFN","url":"https:\/\/www.foodbanking.org\/","logo":{"@type":"ImageObject","inLanguage":"vi","@id":"https:\/\/www.foodbanking.org\/#\/schema\/logo\/image\/","url":"https:\/\/www.foodbanking.org\/wp-content\/uploads\/2023\/05\/GFN_Logo_Teal.png","contentUrl":"https:\/\/www.foodbanking.org\/wp-content\/uploads\/2023\/05\/GFN_Logo_Teal.png","width":1000,"height":296,"caption":"The Global FoodBanking Network"},"image":{"@id":"https:\/\/www.foodbanking.org\/#\/schema\/logo\/image\/"},"sameAs":["https:\/\/www.facebook.com\/foodbanking","https:\/\/x.com\/foodbanking","https:\/\/www.instagram.com\/foodbanking","https:\/\/www.linkedin.com\/company\/the-global-foodbanking-network\/"],"ownershipFundingInfo":"https:\/\/www.foodbanking.org\/annual-reports-and-financials\/","actionableFeedbackPolicy":"https:\/\/www.foodbanking.org\/contact-us\/"}]}},"_links":{"self":[{"href":"https:\/\/www.foodbanking.org\/vi\/wp-json\/wp\/v2\/pages\/646","targetHints":{"allow":["GET"]}}],"collection":[{"href":"https:\/\/www.foodbanking.org\/vi\/wp-json\/wp\/v2\/pages"}],"about":[{"href":"https:\/\/www.foodbanking.org\/vi\/wp-json\/wp\/v2\/types\/page"}],"author":[{"embeddable":true,"href":"https:\/\/www.foodbanking.org\/vi\/wp-json\/wp\/v2\/users\/1"}],"replies":[{"embeddable":true,"href":"https:\/\/www.foodbanking.org\/vi\/wp-json\/wp\/v2\/comments?post=646"}],"version-history":[{"count":0,"href":"https:\/\/www.foodbanking.org\/vi\/wp-json\/wp\/v2\/pages\/646\/revisions"}],"wp:attachment":[{"href":"https:\/\/www.foodbanking.org\/vi\/wp-json\/wp\/v2\/media?parent=646"}],"curies":[{"name":"trang web","href":"https:\/\/api.w.org\/{rel}","templated":true}]}}