{"id":6208,"date":"2026-03-09T20:30:20","date_gmt":"2026-03-09T20:30:20","guid":{"rendered":"https:\/\/www.foodbanking.org\/?page_id=6208"},"modified":"2026-03-30T12:54:46","modified_gmt":"2026-03-30T12:54:46","slug":"shifting-aid-and-food-security","status":"publish","type":"page","link":"https:\/\/www.foodbanking.org\/vi\/our-impact\/shifting-aid-and-food-security\/","title":{"rendered":"Trang \u0111\u00edch c\u1ee7a B\u00e1o c\u00e1o T\u00ecnh h\u00ecnh ODA"},"content":{"rendered":"","protected":false},"excerpt":{"rendered":"","protected":false},"author":17,"featured_media":0,"parent":694,"menu_order":0,"comment_status":"closed","ping_status":"closed","template":"page-templates\/photo-essay.php","meta":{"inline_featured_image":false,"footnotes":""},"class_list":["post-6208","page","type-page","status-publish","hentry"],"acf":[],"yoast_head":"<title>How Aid Cuts Are Affecting Communities Around the World<\/title>\n<meta name=\"description\" content=\"Discover how aid cuts are impacting communities globally and the critical role of food banks in addressing hunger.\" \/>\n<meta name=\"robots\" content=\"index, follow, max-snippet:-1, max-image-preview:large, max-video-preview:-1\" \/>\n<link rel=\"canonical\" href=\"https:\/\/www.foodbanking.org\/vi\/our-impact\/shifting-aid-and-food-security\/\" \/>\n<meta property=\"og:locale\" content=\"vi_VN\" \/>\n<meta property=\"og:type\" content=\"article\" \/>\n<meta property=\"og:title\" content=\"How Aid Cuts Are Affecting Communities Around the World\" \/>\n<meta property=\"og:description\" content=\"Discover how aid cuts are impacting communities globally and the critical role of food banks in addressing hunger.\" \/>\n<meta property=\"og:url\" content=\"https:\/\/www.foodbanking.org\/vi\/our-impact\/shifting-aid-and-food-security\/\" \/>\n<meta property=\"og:site_name\" content=\"The Global FoodBanking Network\" \/>\n<meta property=\"article:publisher\" content=\"https:\/\/www.facebook.com\/foodbanking\" \/>\n<meta property=\"article:modified_time\" content=\"2026-03-30T12:54:46+00:00\" \/>\n<meta property=\"og:image\" content=\"https:\/\/www.foodbanking.org\/wp-content\/uploads\/2026\/03\/53737710465_eff4f441b2_k.jpg\" \/>\n\t<meta property=\"og:image:width\" content=\"2048\" \/>\n\t<meta property=\"og:image:height\" content=\"1152\" \/>\n\t<meta property=\"og:image:type\" content=\"image\/jpeg\" \/>\n<meta name=\"twitter:card\" content=\"summary_large_image\" \/>\n<meta name=\"twitter:title\" content=\"How Aid Cuts Are Affecting Communities Around the World\" \/>\n<meta name=\"twitter:description\" content=\"Discover how aid cuts are impacting communities globally and the critical role of food banks in addressing hunger.\" \/>\n<meta name=\"twitter:image\" content=\"https:\/\/www.foodbanking.org\/wp-content\/uploads\/2026\/03\/53737710465_eff4f441b2_k.jpg\" \/>\n<meta name=\"twitter:site\" content=\"@foodbanking\" \/>\n<meta name=\"twitter:label1\" content=\"\u01af\u1edbc t\u00ednh th\u1eddi gian \u0111\u1ecdc\" \/>\n\t<meta name=\"twitter:data1\" content=\"9 ph\u00fat\" \/>\n<script type=\"application\/ld+json\" class=\"yoast-schema-graph\">{\"@context\":\"https:\\\/\\\/schema.org\",\"@graph\":[{\"@type\":\"WebPage\",\"@id\":\"https:\\\/\\\/www.foodbanking.org\\\/our-impact\\\/shifting-aid-and-food-security\\\/\",\"url\":\"https:\\\/\\\/www.foodbanking.org\\\/our-impact\\\/shifting-aid-and-food-security\\\/\",\"name\":\"How Aid Cuts Are Affecting Communities Around the World\",\"isPartOf\":{\"@id\":\"https:\\\/\\\/www.foodbanking.org\\\/#website\"},\"datePublished\":\"2026-03-09T20:30:20+00:00\",\"dateModified\":\"2026-03-30T12:54:46+00:00\",\"description\":\"Discover how aid cuts are impacting communities globally and the critical role of food banks in addressing hunger.\",\"breadcrumb\":{\"@id\":\"https:\\\/\\\/www.foodbanking.org\\\/our-impact\\\/shifting-aid-and-food-security\\\/#breadcrumb\"},\"inLanguage\":\"vi\",\"potentialAction\":[{\"@type\":\"ReadAction\",\"target\":[\"https:\\\/\\\/www.foodbanking.org\\\/our-impact\\\/shifting-aid-and-food-security\\\/\"]}]},{\"@type\":\"BreadcrumbList\",\"@id\":\"https:\\\/\\\/www.foodbanking.org\\\/our-impact\\\/shifting-aid-and-food-security\\\/#breadcrumb\",\"itemListElement\":[{\"@type\":\"ListItem\",\"position\":1,\"name\":\"Home\",\"item\":\"https:\\\/\\\/www.foodbanking.org\\\/\"},{\"@type\":\"ListItem\",\"position\":2,\"name\":\"Our Impact\",\"item\":\"https:\\\/\\\/www.foodbanking.org\\\/our-impact\\\/\"},{\"@type\":\"ListItem\",\"position\":3,\"name\":\"ODA Situation Report Landing Page\"}]},{\"@type\":\"WebSite\",\"@id\":\"https:\\\/\\\/www.foodbanking.org\\\/#website\",\"url\":\"https:\\\/\\\/www.foodbanking.org\\\/\",\"name\":\"The Global FoodBanking Network\",\"description\":\"\",\"publisher\":{\"@id\":\"https:\\\/\\\/www.foodbanking.org\\\/#organization\"},\"alternateName\":\"GFN\",\"potentialAction\":[{\"@type\":\"SearchAction\",\"target\":{\"@type\":\"EntryPoint\",\"urlTemplate\":\"https:\\\/\\\/www.foodbanking.org\\\/?s={search_term_string}\"},\"query-input\":{\"@type\":\"PropertyValueSpecification\",\"valueRequired\":true,\"valueName\":\"search_term_string\"}}],\"inLanguage\":\"vi\"},{\"@type\":\"Organization\",\"@id\":\"https:\\\/\\\/www.foodbanking.org\\\/#organization\",\"name\":\"The Global FoodBanking Network\",\"alternateName\":\"GFN\",\"url\":\"https:\\\/\\\/www.foodbanking.org\\\/\",\"logo\":{\"@type\":\"ImageObject\",\"inLanguage\":\"vi\",\"@id\":\"https:\\\/\\\/www.foodbanking.org\\\/#\\\/schema\\\/logo\\\/image\\\/\",\"url\":\"https:\\\/\\\/www.foodbanking.org\\\/wp-content\\\/uploads\\\/2023\\\/05\\\/GFN_Logo_Teal.png\",\"contentUrl\":\"https:\\\/\\\/www.foodbanking.org\\\/wp-content\\\/uploads\\\/2023\\\/05\\\/GFN_Logo_Teal.png\",\"width\":1000,\"height\":296,\"caption\":\"The Global FoodBanking Network\"},\"image\":{\"@id\":\"https:\\\/\\\/www.foodbanking.org\\\/#\\\/schema\\\/logo\\\/image\\\/\"},\"sameAs\":[\"https:\\\/\\\/www.facebook.com\\\/foodbanking\",\"https:\\\/\\\/x.com\\\/foodbanking\",\"https:\\\/\\\/www.instagram.com\\\/foodbanking\",\"https:\\\/\\\/www.linkedin.com\\\/company\\\/the-global-foodbanking-network\\\/\"],\"ownershipFundingInfo\":\"https:\\\/\\\/www.foodbanking.org\\\/annual-reports-and-financials\\\/\",\"actionableFeedbackPolicy\":\"https:\\\/\\\/www.foodbanking.org\\\/contact-us\\\/\"}]}<\/script>","yoast_head_json":{"title":"Vi\u1ec7c c\u1eaft gi\u1ea3m vi\u1ec7n tr\u1ee3 \u0111ang \u1ea3nh h\u01b0\u1edfng \u0111\u1ebfn c\u00e1c c\u1ed9ng \u0111\u1ed3ng tr\u00ean to\u00e0n th\u1ebf gi\u1edbi nh\u01b0 th\u1ebf n\u00e0o?","description":"H\u00e3y c\u00f9ng t\u00ecm hi\u1ec3u t\u00e1c \u0111\u1ed9ng c\u1ee7a vi\u1ec7c c\u1eaft gi\u1ea3m vi\u1ec7n tr\u1ee3 \u0111\u1ebfn c\u00e1c c\u1ed9ng \u0111\u1ed3ng tr\u00ean to\u00e0n c\u1ea7u v\u00e0 vai tr\u00f2 quan tr\u1ecdng c\u1ee7a c\u00e1c ng\u00e2n h\u00e0ng th\u1ef1c ph\u1ea9m trong vi\u1ec7c gi\u1ea3i quy\u1ebft n\u1ea1n \u0111\u00f3i.","robots":{"index":"index","follow":"follow","max-snippet":"max-snippet:-1","max-image-preview":"max-image-preview:large","max-video-preview":"max-video-preview:-1"},"canonical":"https:\/\/www.foodbanking.org\/vi\/our-impact\/shifting-aid-and-food-security\/","og_locale":"vi_VN","og_type":"article","og_title":"How Aid Cuts Are Affecting Communities Around the World","og_description":"Discover how aid cuts are impacting communities globally and the critical role of food banks in addressing hunger.","og_url":"https:\/\/www.foodbanking.org\/vi\/our-impact\/shifting-aid-and-food-security\/","og_site_name":"The Global FoodBanking Network","article_publisher":"https:\/\/www.facebook.com\/foodbanking","article_modified_time":"2026-03-30T12:54:46+00:00","og_image":[{"width":2048,"height":1152,"url":"https:\/\/www.foodbanking.org\/wp-content\/uploads\/2026\/03\/53737710465_eff4f441b2_k.jpg","type":"image\/jpeg"}],"twitter_card":"summary_large_image","twitter_title":"How Aid Cuts Are Affecting Communities Around the World","twitter_description":"Discover how aid cuts are impacting communities globally and the critical role of food banks in addressing hunger.","twitter_image":"https:\/\/www.foodbanking.org\/wp-content\/uploads\/2026\/03\/53737710465_eff4f441b2_k.jpg","twitter_site":"@foodbanking","twitter_misc":{"\u01af\u1edbc t\u00ednh th\u1eddi gian \u0111\u1ecdc":"9 ph\u00fat"},"schema":{"@context":"https:\/\/schema.org","@graph":[{"@type":"WebPage","@id":"https:\/\/www.foodbanking.org\/our-impact\/shifting-aid-and-food-security\/","url":"https:\/\/www.foodbanking.org\/our-impact\/shifting-aid-and-food-security\/","name":"Vi\u1ec7c c\u1eaft gi\u1ea3m vi\u1ec7n tr\u1ee3 \u0111ang \u1ea3nh h\u01b0\u1edfng \u0111\u1ebfn c\u00e1c c\u1ed9ng \u0111\u1ed3ng tr\u00ean to\u00e0n th\u1ebf gi\u1edbi nh\u01b0 th\u1ebf n\u00e0o?","isPartOf":{"@id":"https:\/\/www.foodbanking.org\/#website"},"datePublished":"2026-03-09T20:30:20+00:00","dateModified":"2026-03-30T12:54:46+00:00","description":"H\u00e3y c\u00f9ng t\u00ecm hi\u1ec3u t\u00e1c \u0111\u1ed9ng c\u1ee7a vi\u1ec7c c\u1eaft gi\u1ea3m vi\u1ec7n tr\u1ee3 \u0111\u1ebfn c\u00e1c c\u1ed9ng \u0111\u1ed3ng tr\u00ean to\u00e0n c\u1ea7u v\u00e0 vai tr\u00f2 quan tr\u1ecdng c\u1ee7a c\u00e1c ng\u00e2n h\u00e0ng th\u1ef1c ph\u1ea9m trong vi\u1ec7c gi\u1ea3i quy\u1ebft n\u1ea1n \u0111\u00f3i.","breadcrumb":{"@id":"https:\/\/www.foodbanking.org\/our-impact\/shifting-aid-and-food-security\/#breadcrumb"},"inLanguage":"vi","potentialAction":[{"@type":"ReadAction","target":["https:\/\/www.foodbanking.org\/our-impact\/shifting-aid-and-food-security\/"]}]},{"@type":"BreadcrumbList","@id":"https:\/\/www.foodbanking.org\/our-impact\/shifting-aid-and-food-security\/#breadcrumb","itemListElement":[{"@type":"ListItem","position":1,"name":"Home","item":"https:\/\/www.foodbanking.org\/"},{"@type":"ListItem","position":2,"name":"Our Impact","item":"https:\/\/www.foodbanking.org\/our-impact\/"},{"@type":"ListItem","position":3,"name":"ODA Situation Report Landing Page"}]},{"@type":"WebSite","@id":"https:\/\/www.foodbanking.org\/#website","url":"https:\/\/www.foodbanking.org\/","name":"M\u1ea1ng l\u01b0\u1edbi Ng\u00e2n h\u00e0ng Th\u1ef1c ph\u1ea9m To\u00e0n c\u1ea7u","description":"","publisher":{"@id":"https:\/\/www.foodbanking.org\/#organization"},"alternateName":"GFN","potentialAction":[{"@type":"SearchAction","target":{"@type":"EntryPoint","urlTemplate":"https:\/\/www.foodbanking.org\/?s={search_term_string}"},"query-input":{"@type":"PropertyValueSpecification","valueRequired":true,"valueName":"search_term_string"}}],"inLanguage":"vi"},{"@type":"Organization","@id":"https:\/\/www.foodbanking.org\/#organization","name":"M\u1ea1ng l\u01b0\u1edbi Ng\u00e2n h\u00e0ng Th\u1ef1c ph\u1ea9m To\u00e0n c\u1ea7u","alternateName":"GFN","url":"https:\/\/www.foodbanking.org\/","logo":{"@type":"ImageObject","inLanguage":"vi","@id":"https:\/\/www.foodbanking.org\/#\/schema\/logo\/image\/","url":"https:\/\/www.foodbanking.org\/wp-content\/uploads\/2023\/05\/GFN_Logo_Teal.png","contentUrl":"https:\/\/www.foodbanking.org\/wp-content\/uploads\/2023\/05\/GFN_Logo_Teal.png","width":1000,"height":296,"caption":"The Global FoodBanking Network"},"image":{"@id":"https:\/\/www.foodbanking.org\/#\/schema\/logo\/image\/"},"sameAs":["https:\/\/www.facebook.com\/foodbanking","https:\/\/x.com\/foodbanking","https:\/\/www.instagram.com\/foodbanking","https:\/\/www.linkedin.com\/company\/the-global-foodbanking-network\/"],"ownershipFundingInfo":"https:\/\/www.foodbanking.org\/annual-reports-and-financials\/","actionableFeedbackPolicy":"https:\/\/www.foodbanking.org\/contact-us\/"}]}},"_links":{"self":[{"href":"https:\/\/www.foodbanking.org\/vi\/wp-json\/wp\/v2\/pages\/6208","targetHints":{"allow":["GET"]}}],"collection":[{"href":"https:\/\/www.foodbanking.org\/vi\/wp-json\/wp\/v2\/pages"}],"about":[{"href":"https:\/\/www.foodbanking.org\/vi\/wp-json\/wp\/v2\/types\/page"}],"author":[{"embeddable":true,"href":"https:\/\/www.foodbanking.org\/vi\/wp-json\/wp\/v2\/users\/17"}],"replies":[{"embeddable":true,"href":"https:\/\/www.foodbanking.org\/vi\/wp-json\/wp\/v2\/comments?post=6208"}],"version-history":[{"count":0,"href":"https:\/\/www.foodbanking.org\/vi\/wp-json\/wp\/v2\/pages\/6208\/revisions"}],"up":[{"embeddable":true,"href":"https:\/\/www.foodbanking.org\/vi\/wp-json\/wp\/v2\/pages\/694"}],"wp:attachment":[{"href":"https:\/\/www.foodbanking.org\/vi\/wp-json\/wp\/v2\/media?parent=6208"}],"curies":[{"name":"trang web","href":"https:\/\/api.w.org\/{rel}","templated":true}]}}