{"id":6197,"date":"2026-03-06T16:44:43","date_gmt":"2026-03-06T16:44:43","guid":{"rendered":"https:\/\/www.foodbanking.org\/?page_id=6197"},"modified":"2026-03-06T16:53:39","modified_gmt":"2026-03-06T16:53:39","slug":"thai-culture-food-bank-fuels-hunger-climate-solutions","status":"publish","type":"page","link":"https:\/\/www.foodbanking.org\/vi\/morethanfood\/thai-culture-food-bank-fuels-hunger-climate-solutions\/","title":{"rendered":"H\u01a1n c\u1ea3 \u1ea9m th\u1ef1c \u2013 Th\u00e1i Lan"},"content":{"rendered":"","protected":false},"excerpt":{"rendered":"","protected":false},"author":17,"featured_media":0,"parent":5317,"menu_order":0,"comment_status":"closed","ping_status":"closed","template":"page-templates\/photo-essay.php","meta":{"inline_featured_image":false,"footnotes":""},"class_list":["post-6197","page","type-page","status-publish","hentry"],"acf":[],"yoast_head":"<title>How Thai Culture &amp; Food Bank Fuels Hunger, Climate Solutions<\/title>\n<meta name=\"description\" content=\"Discover how volunteer efforts at the Thailand food bank are transforming lives through good deeds and nutritious meals.\" \/>\n<meta name=\"robots\" content=\"index, follow, max-snippet:-1, max-image-preview:large, max-video-preview:-1\" \/>\n<link rel=\"canonical\" href=\"https:\/\/www.foodbanking.org\/vi\/morethanfood\/thai-culture-food-bank-fuels-hunger-climate-solutions\/\" \/>\n<meta property=\"og:locale\" content=\"vi_VN\" \/>\n<meta property=\"og:type\" content=\"article\" \/>\n<meta property=\"og:title\" content=\"How Thai Culture &amp; Food Bank Fuels Hunger, Climate Solutions\" \/>\n<meta property=\"og:description\" content=\"Discover how volunteer efforts at the Thailand food bank are transforming lives through good deeds and nutritious meals.\" \/>\n<meta property=\"og:url\" content=\"https:\/\/www.foodbanking.org\/vi\/morethanfood\/thai-culture-food-bank-fuels-hunger-climate-solutions\/\" \/>\n<meta property=\"og:site_name\" content=\"The Global FoodBanking Network\" \/>\n<meta property=\"article:publisher\" content=\"https:\/\/www.facebook.com\/foodbanking\" \/>\n<meta property=\"article:modified_time\" content=\"2026-03-06T16:53:39+00:00\" \/>\n<meta property=\"og:image\" content=\"https:\/\/www.foodbanking.org\/wp-content\/uploads\/2025\/05\/Kamonlak-Bootsan-Thanks-SOS-Thailand-scaled.jpg\" \/>\n\t<meta property=\"og:image:width\" content=\"2560\" \/>\n\t<meta property=\"og:image:height\" content=\"1708\" \/>\n\t<meta property=\"og:image:type\" content=\"image\/jpeg\" \/>\n<meta name=\"twitter:card\" content=\"summary_large_image\" \/>\n<meta name=\"twitter:title\" content=\"How Thai Culture &amp; Food Bank Fuels Hunger, Climate Solutions\" \/>\n<meta name=\"twitter:description\" content=\"Discover how volunteer efforts at the Thailand food bank are transforming lives through good deeds and nutritious meals.\" \/>\n<meta name=\"twitter:image\" content=\"https:\/\/www.foodbanking.org\/wp-content\/uploads\/2025\/05\/Kamonlak-Bootsan-Thanks-SOS-Thailand-scaled.jpg\" \/>\n<meta name=\"twitter:site\" content=\"@foodbanking\" \/>\n<meta name=\"twitter:label1\" content=\"\u01af\u1edbc t\u00ednh th\u1eddi gian \u0111\u1ecdc\" \/>\n\t<meta name=\"twitter:data1\" content=\"10 ph\u00fat\" \/>\n<script type=\"application\/ld+json\" class=\"yoast-schema-graph\">{\"@context\":\"https:\\\/\\\/schema.org\",\"@graph\":[{\"@type\":\"WebPage\",\"@id\":\"https:\\\/\\\/www.foodbanking.org\\\/morethanfood\\\/thai-culture-food-bank-fuels-hunger-climate-solutions\\\/\",\"url\":\"https:\\\/\\\/www.foodbanking.org\\\/morethanfood\\\/thai-culture-food-bank-fuels-hunger-climate-solutions\\\/\",\"name\":\"How Thai Culture & Food Bank Fuels Hunger, Climate Solutions\",\"isPartOf\":{\"@id\":\"https:\\\/\\\/www.foodbanking.org\\\/#website\"},\"datePublished\":\"2026-03-06T16:44:43+00:00\",\"dateModified\":\"2026-03-06T16:53:39+00:00\",\"description\":\"Discover how volunteer efforts at the Thailand food bank are transforming lives through good deeds and nutritious meals.\",\"breadcrumb\":{\"@id\":\"https:\\\/\\\/www.foodbanking.org\\\/morethanfood\\\/thai-culture-food-bank-fuels-hunger-climate-solutions\\\/#breadcrumb\"},\"inLanguage\":\"vi\",\"potentialAction\":[{\"@type\":\"ReadAction\",\"target\":[\"https:\\\/\\\/www.foodbanking.org\\\/morethanfood\\\/thai-culture-food-bank-fuels-hunger-climate-solutions\\\/\"]}]},{\"@type\":\"BreadcrumbList\",\"@id\":\"https:\\\/\\\/www.foodbanking.org\\\/morethanfood\\\/thai-culture-food-bank-fuels-hunger-climate-solutions\\\/#breadcrumb\",\"itemListElement\":[{\"@type\":\"ListItem\",\"position\":1,\"name\":\"Home\",\"item\":\"https:\\\/\\\/www.foodbanking.org\\\/\"},{\"@type\":\"ListItem\",\"position\":2,\"name\":\"More Than Food &#8211; MAIN LANDING PAGE\",\"item\":\"https:\\\/\\\/www.foodbanking.org\\\/morethanfood\\\/\"},{\"@type\":\"ListItem\",\"position\":3,\"name\":\"More Than Food &#8211; Thailand\"}]},{\"@type\":\"WebSite\",\"@id\":\"https:\\\/\\\/www.foodbanking.org\\\/#website\",\"url\":\"https:\\\/\\\/www.foodbanking.org\\\/\",\"name\":\"The Global FoodBanking Network\",\"description\":\"\",\"publisher\":{\"@id\":\"https:\\\/\\\/www.foodbanking.org\\\/#organization\"},\"alternateName\":\"GFN\",\"potentialAction\":[{\"@type\":\"SearchAction\",\"target\":{\"@type\":\"EntryPoint\",\"urlTemplate\":\"https:\\\/\\\/www.foodbanking.org\\\/?s={search_term_string}\"},\"query-input\":{\"@type\":\"PropertyValueSpecification\",\"valueRequired\":true,\"valueName\":\"search_term_string\"}}],\"inLanguage\":\"vi\"},{\"@type\":\"Organization\",\"@id\":\"https:\\\/\\\/www.foodbanking.org\\\/#organization\",\"name\":\"The Global FoodBanking Network\",\"alternateName\":\"GFN\",\"url\":\"https:\\\/\\\/www.foodbanking.org\\\/\",\"logo\":{\"@type\":\"ImageObject\",\"inLanguage\":\"vi\",\"@id\":\"https:\\\/\\\/www.foodbanking.org\\\/#\\\/schema\\\/logo\\\/image\\\/\",\"url\":\"https:\\\/\\\/www.foodbanking.org\\\/wp-content\\\/uploads\\\/2023\\\/05\\\/GFN_Logo_Teal.png\",\"contentUrl\":\"https:\\\/\\\/www.foodbanking.org\\\/wp-content\\\/uploads\\\/2023\\\/05\\\/GFN_Logo_Teal.png\",\"width\":1000,\"height\":296,\"caption\":\"The Global FoodBanking Network\"},\"image\":{\"@id\":\"https:\\\/\\\/www.foodbanking.org\\\/#\\\/schema\\\/logo\\\/image\\\/\"},\"sameAs\":[\"https:\\\/\\\/www.facebook.com\\\/foodbanking\",\"https:\\\/\\\/x.com\\\/foodbanking\",\"https:\\\/\\\/www.instagram.com\\\/foodbanking\",\"https:\\\/\\\/www.linkedin.com\\\/company\\\/the-global-foodbanking-network\\\/\"],\"ownershipFundingInfo\":\"https:\\\/\\\/www.foodbanking.org\\\/annual-reports-and-financials\\\/\",\"actionableFeedbackPolicy\":\"https:\\\/\\\/www.foodbanking.org\\\/contact-us\\\/\"}]}<\/script>","yoast_head_json":{"title":"V\u0103n h\u00f3a Th\u00e1i Lan v\u00e0 ng\u00e2n h\u00e0ng th\u1ef1c ph\u1ea9m g\u00f3p ph\u1ea7n gi\u1ea3i quy\u1ebft n\u1ea1n \u0111\u00f3i v\u00e0 t\u00ecm ra gi\u1ea3i ph\u00e1p cho bi\u1ebfn \u0111\u1ed5i kh\u00ed h\u1eadu.","description":"H\u00e3y c\u00f9ng kh\u00e1m ph\u00e1 c\u00e1ch nh\u1eefng n\u1ed7 l\u1ef1c t\u00ecnh nguy\u1ec7n t\u1ea1i ng\u00e2n h\u00e0ng th\u1ef1c ph\u1ea9m Th\u00e1i Lan \u0111ang thay \u0111\u1ed5i cu\u1ed9c s\u1ed1ng th\u00f4ng qua nh\u1eefng vi\u1ec7c l\u00e0m t\u1ed1t v\u00e0 nh\u1eefng b\u1eefa \u0103n b\u1ed5 d\u01b0\u1ee1ng.","robots":{"index":"index","follow":"follow","max-snippet":"max-snippet:-1","max-image-preview":"max-image-preview:large","max-video-preview":"max-video-preview:-1"},"canonical":"https:\/\/www.foodbanking.org\/vi\/morethanfood\/thai-culture-food-bank-fuels-hunger-climate-solutions\/","og_locale":"vi_VN","og_type":"article","og_title":"How Thai Culture & Food Bank Fuels Hunger, Climate Solutions","og_description":"Discover how volunteer efforts at the Thailand food bank are transforming lives through good deeds and nutritious meals.","og_url":"https:\/\/www.foodbanking.org\/vi\/morethanfood\/thai-culture-food-bank-fuels-hunger-climate-solutions\/","og_site_name":"The Global FoodBanking Network","article_publisher":"https:\/\/www.facebook.com\/foodbanking","article_modified_time":"2026-03-06T16:53:39+00:00","og_image":[{"width":2560,"height":1708,"url":"https:\/\/www.foodbanking.org\/wp-content\/uploads\/2025\/05\/Kamonlak-Bootsan-Thanks-SOS-Thailand-scaled.jpg","type":"image\/jpeg"}],"twitter_card":"summary_large_image","twitter_title":"How Thai Culture & Food Bank Fuels Hunger, Climate Solutions","twitter_description":"Discover how volunteer efforts at the Thailand food bank are transforming lives through good deeds and nutritious meals.","twitter_image":"https:\/\/www.foodbanking.org\/wp-content\/uploads\/2025\/05\/Kamonlak-Bootsan-Thanks-SOS-Thailand-scaled.jpg","twitter_site":"@foodbanking","twitter_misc":{"\u01af\u1edbc t\u00ednh th\u1eddi gian \u0111\u1ecdc":"10 ph\u00fat"},"schema":{"@context":"https:\/\/schema.org","@graph":[{"@type":"WebPage","@id":"https:\/\/www.foodbanking.org\/morethanfood\/thai-culture-food-bank-fuels-hunger-climate-solutions\/","url":"https:\/\/www.foodbanking.org\/morethanfood\/thai-culture-food-bank-fuels-hunger-climate-solutions\/","name":"V\u0103n h\u00f3a Th\u00e1i Lan v\u00e0 ng\u00e2n h\u00e0ng th\u1ef1c ph\u1ea9m g\u00f3p ph\u1ea7n gi\u1ea3i quy\u1ebft n\u1ea1n \u0111\u00f3i v\u00e0 t\u00ecm ra gi\u1ea3i ph\u00e1p cho bi\u1ebfn \u0111\u1ed5i kh\u00ed h\u1eadu.","isPartOf":{"@id":"https:\/\/www.foodbanking.org\/#website"},"datePublished":"2026-03-06T16:44:43+00:00","dateModified":"2026-03-06T16:53:39+00:00","description":"H\u00e3y c\u00f9ng kh\u00e1m ph\u00e1 c\u00e1ch nh\u1eefng n\u1ed7 l\u1ef1c t\u00ecnh nguy\u1ec7n t\u1ea1i ng\u00e2n h\u00e0ng th\u1ef1c ph\u1ea9m Th\u00e1i Lan \u0111ang thay \u0111\u1ed5i cu\u1ed9c s\u1ed1ng th\u00f4ng qua nh\u1eefng vi\u1ec7c l\u00e0m t\u1ed1t v\u00e0 nh\u1eefng b\u1eefa \u0103n b\u1ed5 d\u01b0\u1ee1ng.","breadcrumb":{"@id":"https:\/\/www.foodbanking.org\/morethanfood\/thai-culture-food-bank-fuels-hunger-climate-solutions\/#breadcrumb"},"inLanguage":"vi","potentialAction":[{"@type":"ReadAction","target":["https:\/\/www.foodbanking.org\/morethanfood\/thai-culture-food-bank-fuels-hunger-climate-solutions\/"]}]},{"@type":"BreadcrumbList","@id":"https:\/\/www.foodbanking.org\/morethanfood\/thai-culture-food-bank-fuels-hunger-climate-solutions\/#breadcrumb","itemListElement":[{"@type":"ListItem","position":1,"name":"Home","item":"https:\/\/www.foodbanking.org\/"},{"@type":"ListItem","position":2,"name":"More Than Food &#8211; MAIN LANDING PAGE","item":"https:\/\/www.foodbanking.org\/morethanfood\/"},{"@type":"ListItem","position":3,"name":"More Than Food &#8211; Thailand"}]},{"@type":"WebSite","@id":"https:\/\/www.foodbanking.org\/#website","url":"https:\/\/www.foodbanking.org\/","name":"M\u1ea1ng l\u01b0\u1edbi Ng\u00e2n h\u00e0ng Th\u1ef1c ph\u1ea9m To\u00e0n c\u1ea7u","description":"","publisher":{"@id":"https:\/\/www.foodbanking.org\/#organization"},"alternateName":"GFN","potentialAction":[{"@type":"SearchAction","target":{"@type":"EntryPoint","urlTemplate":"https:\/\/www.foodbanking.org\/?s={search_term_string}"},"query-input":{"@type":"PropertyValueSpecification","valueRequired":true,"valueName":"search_term_string"}}],"inLanguage":"vi"},{"@type":"Organization","@id":"https:\/\/www.foodbanking.org\/#organization","name":"M\u1ea1ng l\u01b0\u1edbi Ng\u00e2n h\u00e0ng Th\u1ef1c ph\u1ea9m To\u00e0n c\u1ea7u","alternateName":"GFN","url":"https:\/\/www.foodbanking.org\/","logo":{"@type":"ImageObject","inLanguage":"vi","@id":"https:\/\/www.foodbanking.org\/#\/schema\/logo\/image\/","url":"https:\/\/www.foodbanking.org\/wp-content\/uploads\/2023\/05\/GFN_Logo_Teal.png","contentUrl":"https:\/\/www.foodbanking.org\/wp-content\/uploads\/2023\/05\/GFN_Logo_Teal.png","width":1000,"height":296,"caption":"The Global FoodBanking Network"},"image":{"@id":"https:\/\/www.foodbanking.org\/#\/schema\/logo\/image\/"},"sameAs":["https:\/\/www.facebook.com\/foodbanking","https:\/\/x.com\/foodbanking","https:\/\/www.instagram.com\/foodbanking","https:\/\/www.linkedin.com\/company\/the-global-foodbanking-network\/"],"ownershipFundingInfo":"https:\/\/www.foodbanking.org\/annual-reports-and-financials\/","actionableFeedbackPolicy":"https:\/\/www.foodbanking.org\/contact-us\/"}]}},"_links":{"self":[{"href":"https:\/\/www.foodbanking.org\/vi\/wp-json\/wp\/v2\/pages\/6197","targetHints":{"allow":["GET"]}}],"collection":[{"href":"https:\/\/www.foodbanking.org\/vi\/wp-json\/wp\/v2\/pages"}],"about":[{"href":"https:\/\/www.foodbanking.org\/vi\/wp-json\/wp\/v2\/types\/page"}],"author":[{"embeddable":true,"href":"https:\/\/www.foodbanking.org\/vi\/wp-json\/wp\/v2\/users\/17"}],"replies":[{"embeddable":true,"href":"https:\/\/www.foodbanking.org\/vi\/wp-json\/wp\/v2\/comments?post=6197"}],"version-history":[{"count":0,"href":"https:\/\/www.foodbanking.org\/vi\/wp-json\/wp\/v2\/pages\/6197\/revisions"}],"up":[{"embeddable":true,"href":"https:\/\/www.foodbanking.org\/vi\/wp-json\/wp\/v2\/pages\/5317"}],"wp:attachment":[{"href":"https:\/\/www.foodbanking.org\/vi\/wp-json\/wp\/v2\/media?parent=6197"}],"curies":[{"name":"trang web","href":"https:\/\/api.w.org\/{rel}","templated":true}]}}