{"id":6193,"date":"2026-03-06T16:08:04","date_gmt":"2026-03-06T16:08:04","guid":{"rendered":"https:\/\/www.foodbanking.org\/?page_id=6193"},"modified":"2026-03-06T16:11:42","modified_gmt":"2026-03-06T16:11:42","slug":"local-farmers-and-food-bank-tackle-food-waste-in-kenya","status":"publish","type":"page","link":"https:\/\/www.foodbanking.org\/vi\/morethanfood\/local-farmers-and-food-bank-tackle-food-waste-in-kenya\/","title":{"rendered":"H\u01a1n c\u1ea3 th\u1ee9c \u0103n \u2013 Kenya"},"content":{"rendered":"","protected":false},"excerpt":{"rendered":"","protected":false},"author":17,"featured_media":0,"parent":5317,"menu_order":0,"comment_status":"closed","ping_status":"closed","template":"page-templates\/photo-essay.php","meta":{"inline_featured_image":false,"footnotes":""},"class_list":["post-6193","page","type-page","status-publish","hentry"],"acf":[],"yoast_head":"<title>Food Waste in Kenya: Local Solutions with Farmers<\/title>\n<meta name=\"description\" content=\"Learn how farmers and a food bank in Kenya tackle food waste and provide essential resources to their communities amidst food insecurity.\" \/>\n<meta name=\"robots\" content=\"index, follow, max-snippet:-1, max-image-preview:large, max-video-preview:-1\" \/>\n<link rel=\"canonical\" href=\"https:\/\/www.foodbanking.org\/vi\/morethanfood\/local-farmers-and-food-bank-tackle-food-waste-in-kenya\/\" \/>\n<meta property=\"og:locale\" content=\"vi_VN\" \/>\n<meta property=\"og:type\" content=\"article\" \/>\n<meta property=\"og:title\" content=\"How Farmers and Food Banks Are Reducing Food Waste Together\" \/>\n<meta property=\"og:description\" content=\"Explore how local farmers and a food bank in Kenya combat food waste in Kenya and promote food security through community collaboration.\" \/>\n<meta property=\"og:url\" content=\"https:\/\/www.foodbanking.org\/vi\/morethanfood\/local-farmers-and-food-bank-tackle-food-waste-in-kenya\/\" \/>\n<meta property=\"og:site_name\" content=\"The Global FoodBanking Network\" \/>\n<meta property=\"article:publisher\" content=\"https:\/\/www.facebook.com\/foodbanking\" \/>\n<meta property=\"article:modified_time\" content=\"2026-03-06T16:11:42+00:00\" \/>\n<meta property=\"og:image\" content=\"https:\/\/www.foodbanking.org\/wp-content\/uploads\/2025\/04\/53532029576_cb51710da3_c.jpg\" \/>\n\t<meta property=\"og:image:width\" content=\"800\" \/>\n\t<meta property=\"og:image:height\" content=\"534\" \/>\n\t<meta property=\"og:image:type\" content=\"image\/jpeg\" \/>\n<meta name=\"twitter:card\" content=\"summary_large_image\" \/>\n<meta name=\"twitter:title\" content=\"How Farmers and Food Banks Are Reducing Food Waste Together\" \/>\n<meta name=\"twitter:description\" content=\"Explore how local farmers and a food bank in Kenya combat food waste in Kenya and promote food security through community collaboration.\" \/>\n<meta name=\"twitter:image\" content=\"https:\/\/www.foodbanking.org\/wp-content\/uploads\/2025\/04\/53532029576_cb51710da3_c.jpg\" \/>\n<meta name=\"twitter:site\" content=\"@foodbanking\" \/>\n<meta name=\"twitter:label1\" content=\"\u01af\u1edbc t\u00ednh th\u1eddi gian \u0111\u1ecdc\" \/>\n\t<meta name=\"twitter:data1\" content=\"9 ph\u00fat\" \/>\n<script type=\"application\/ld+json\" class=\"yoast-schema-graph\">{\"@context\":\"https:\\\/\\\/schema.org\",\"@graph\":[{\"@type\":\"WebPage\",\"@id\":\"https:\\\/\\\/www.foodbanking.org\\\/morethanfood\\\/local-farmers-and-food-bank-tackle-food-waste-in-kenya\\\/\",\"url\":\"https:\\\/\\\/www.foodbanking.org\\\/morethanfood\\\/local-farmers-and-food-bank-tackle-food-waste-in-kenya\\\/\",\"name\":\"Food Waste in Kenya: Local Solutions with Farmers\",\"isPartOf\":{\"@id\":\"https:\\\/\\\/www.foodbanking.org\\\/#website\"},\"datePublished\":\"2026-03-06T16:08:04+00:00\",\"dateModified\":\"2026-03-06T16:11:42+00:00\",\"description\":\"Learn how farmers and a food bank in Kenya tackle food waste and provide essential resources to their communities amidst food insecurity.\",\"breadcrumb\":{\"@id\":\"https:\\\/\\\/www.foodbanking.org\\\/morethanfood\\\/local-farmers-and-food-bank-tackle-food-waste-in-kenya\\\/#breadcrumb\"},\"inLanguage\":\"vi\",\"potentialAction\":[{\"@type\":\"ReadAction\",\"target\":[\"https:\\\/\\\/www.foodbanking.org\\\/morethanfood\\\/local-farmers-and-food-bank-tackle-food-waste-in-kenya\\\/\"]}]},{\"@type\":\"BreadcrumbList\",\"@id\":\"https:\\\/\\\/www.foodbanking.org\\\/morethanfood\\\/local-farmers-and-food-bank-tackle-food-waste-in-kenya\\\/#breadcrumb\",\"itemListElement\":[{\"@type\":\"ListItem\",\"position\":1,\"name\":\"Home\",\"item\":\"https:\\\/\\\/www.foodbanking.org\\\/\"},{\"@type\":\"ListItem\",\"position\":2,\"name\":\"More Than Food &#8211; MAIN LANDING PAGE\",\"item\":\"https:\\\/\\\/www.foodbanking.org\\\/morethanfood\\\/\"},{\"@type\":\"ListItem\",\"position\":3,\"name\":\"More Than Food &#8211; Kenya\"}]},{\"@type\":\"WebSite\",\"@id\":\"https:\\\/\\\/www.foodbanking.org\\\/#website\",\"url\":\"https:\\\/\\\/www.foodbanking.org\\\/\",\"name\":\"The Global FoodBanking Network\",\"description\":\"\",\"publisher\":{\"@id\":\"https:\\\/\\\/www.foodbanking.org\\\/#organization\"},\"alternateName\":\"GFN\",\"potentialAction\":[{\"@type\":\"SearchAction\",\"target\":{\"@type\":\"EntryPoint\",\"urlTemplate\":\"https:\\\/\\\/www.foodbanking.org\\\/?s={search_term_string}\"},\"query-input\":{\"@type\":\"PropertyValueSpecification\",\"valueRequired\":true,\"valueName\":\"search_term_string\"}}],\"inLanguage\":\"vi\"},{\"@type\":\"Organization\",\"@id\":\"https:\\\/\\\/www.foodbanking.org\\\/#organization\",\"name\":\"The Global FoodBanking Network\",\"alternateName\":\"GFN\",\"url\":\"https:\\\/\\\/www.foodbanking.org\\\/\",\"logo\":{\"@type\":\"ImageObject\",\"inLanguage\":\"vi\",\"@id\":\"https:\\\/\\\/www.foodbanking.org\\\/#\\\/schema\\\/logo\\\/image\\\/\",\"url\":\"https:\\\/\\\/www.foodbanking.org\\\/wp-content\\\/uploads\\\/2023\\\/05\\\/GFN_Logo_Teal.png\",\"contentUrl\":\"https:\\\/\\\/www.foodbanking.org\\\/wp-content\\\/uploads\\\/2023\\\/05\\\/GFN_Logo_Teal.png\",\"width\":1000,\"height\":296,\"caption\":\"The Global FoodBanking Network\"},\"image\":{\"@id\":\"https:\\\/\\\/www.foodbanking.org\\\/#\\\/schema\\\/logo\\\/image\\\/\"},\"sameAs\":[\"https:\\\/\\\/www.facebook.com\\\/foodbanking\",\"https:\\\/\\\/x.com\\\/foodbanking\",\"https:\\\/\\\/www.instagram.com\\\/foodbanking\",\"https:\\\/\\\/www.linkedin.com\\\/company\\\/the-global-foodbanking-network\\\/\"],\"ownershipFundingInfo\":\"https:\\\/\\\/www.foodbanking.org\\\/annual-reports-and-financials\\\/\",\"actionableFeedbackPolicy\":\"https:\\\/\\\/www.foodbanking.org\\\/contact-us\\\/\"}]}<\/script>","yoast_head_json":{"title":"L\u00e3ng ph\u00ed th\u1ef1c ph\u1ea9m \u1edf Kenya: Gi\u1ea3i ph\u00e1p \u0111\u1ecba ph\u01b0\u01a1ng v\u1edbi s\u1ef1 tham gia c\u1ee7a n\u00f4ng d\u00e2n","description":"H\u00e3y c\u00f9ng t\u00ecm hi\u1ec3u c\u00e1ch n\u00f4ng d\u00e2n v\u00e0 ng\u00e2n h\u00e0ng th\u1ef1c ph\u1ea9m \u1edf Kenya gi\u1ea3i quy\u1ebft v\u1ea5n \u0111\u1ec1 l\u00e3ng ph\u00ed th\u1ef1c ph\u1ea9m v\u00e0 cung c\u1ea5p c\u00e1c ngu\u1ed3n l\u1ef1c thi\u1ebft y\u1ebfu cho c\u1ed9ng \u0111\u1ed3ng c\u1ee7a h\u1ecd trong b\u1ed1i c\u1ea3nh m\u1ea5t an ninh l\u01b0\u01a1ng th\u1ef1c.","robots":{"index":"index","follow":"follow","max-snippet":"max-snippet:-1","max-image-preview":"max-image-preview:large","max-video-preview":"max-video-preview:-1"},"canonical":"https:\/\/www.foodbanking.org\/vi\/morethanfood\/local-farmers-and-food-bank-tackle-food-waste-in-kenya\/","og_locale":"vi_VN","og_type":"article","og_title":"How Farmers and Food Banks Are Reducing Food Waste Together","og_description":"Explore how local farmers and a food bank in Kenya combat food waste in Kenya and promote food security through community collaboration.","og_url":"https:\/\/www.foodbanking.org\/vi\/morethanfood\/local-farmers-and-food-bank-tackle-food-waste-in-kenya\/","og_site_name":"The Global FoodBanking Network","article_publisher":"https:\/\/www.facebook.com\/foodbanking","article_modified_time":"2026-03-06T16:11:42+00:00","og_image":[{"width":800,"height":534,"url":"https:\/\/www.foodbanking.org\/wp-content\/uploads\/2025\/04\/53532029576_cb51710da3_c.jpg","type":"image\/jpeg"}],"twitter_card":"summary_large_image","twitter_title":"How Farmers and Food Banks Are Reducing Food Waste Together","twitter_description":"Explore how local farmers and a food bank in Kenya combat food waste in Kenya and promote food security through community collaboration.","twitter_image":"https:\/\/www.foodbanking.org\/wp-content\/uploads\/2025\/04\/53532029576_cb51710da3_c.jpg","twitter_site":"@foodbanking","twitter_misc":{"\u01af\u1edbc t\u00ednh th\u1eddi gian \u0111\u1ecdc":"9 ph\u00fat"},"schema":{"@context":"https:\/\/schema.org","@graph":[{"@type":"WebPage","@id":"https:\/\/www.foodbanking.org\/morethanfood\/local-farmers-and-food-bank-tackle-food-waste-in-kenya\/","url":"https:\/\/www.foodbanking.org\/morethanfood\/local-farmers-and-food-bank-tackle-food-waste-in-kenya\/","name":"L\u00e3ng ph\u00ed th\u1ef1c ph\u1ea9m \u1edf Kenya: Gi\u1ea3i ph\u00e1p \u0111\u1ecba ph\u01b0\u01a1ng v\u1edbi s\u1ef1 tham gia c\u1ee7a n\u00f4ng d\u00e2n","isPartOf":{"@id":"https:\/\/www.foodbanking.org\/#website"},"datePublished":"2026-03-06T16:08:04+00:00","dateModified":"2026-03-06T16:11:42+00:00","description":"H\u00e3y c\u00f9ng t\u00ecm hi\u1ec3u c\u00e1ch n\u00f4ng d\u00e2n v\u00e0 ng\u00e2n h\u00e0ng th\u1ef1c ph\u1ea9m \u1edf Kenya gi\u1ea3i quy\u1ebft v\u1ea5n \u0111\u1ec1 l\u00e3ng ph\u00ed th\u1ef1c ph\u1ea9m v\u00e0 cung c\u1ea5p c\u00e1c ngu\u1ed3n l\u1ef1c thi\u1ebft y\u1ebfu cho c\u1ed9ng \u0111\u1ed3ng c\u1ee7a h\u1ecd trong b\u1ed1i c\u1ea3nh m\u1ea5t an ninh l\u01b0\u01a1ng th\u1ef1c.","breadcrumb":{"@id":"https:\/\/www.foodbanking.org\/morethanfood\/local-farmers-and-food-bank-tackle-food-waste-in-kenya\/#breadcrumb"},"inLanguage":"vi","potentialAction":[{"@type":"ReadAction","target":["https:\/\/www.foodbanking.org\/morethanfood\/local-farmers-and-food-bank-tackle-food-waste-in-kenya\/"]}]},{"@type":"BreadcrumbList","@id":"https:\/\/www.foodbanking.org\/morethanfood\/local-farmers-and-food-bank-tackle-food-waste-in-kenya\/#breadcrumb","itemListElement":[{"@type":"ListItem","position":1,"name":"Home","item":"https:\/\/www.foodbanking.org\/"},{"@type":"ListItem","position":2,"name":"More Than Food &#8211; MAIN LANDING PAGE","item":"https:\/\/www.foodbanking.org\/morethanfood\/"},{"@type":"ListItem","position":3,"name":"More Than Food &#8211; Kenya"}]},{"@type":"WebSite","@id":"https:\/\/www.foodbanking.org\/#website","url":"https:\/\/www.foodbanking.org\/","name":"M\u1ea1ng l\u01b0\u1edbi Ng\u00e2n h\u00e0ng Th\u1ef1c ph\u1ea9m To\u00e0n c\u1ea7u","description":"","publisher":{"@id":"https:\/\/www.foodbanking.org\/#organization"},"alternateName":"GFN","potentialAction":[{"@type":"SearchAction","target":{"@type":"EntryPoint","urlTemplate":"https:\/\/www.foodbanking.org\/?s={search_term_string}"},"query-input":{"@type":"PropertyValueSpecification","valueRequired":true,"valueName":"search_term_string"}}],"inLanguage":"vi"},{"@type":"Organization","@id":"https:\/\/www.foodbanking.org\/#organization","name":"M\u1ea1ng l\u01b0\u1edbi Ng\u00e2n h\u00e0ng Th\u1ef1c ph\u1ea9m To\u00e0n c\u1ea7u","alternateName":"GFN","url":"https:\/\/www.foodbanking.org\/","logo":{"@type":"ImageObject","inLanguage":"vi","@id":"https:\/\/www.foodbanking.org\/#\/schema\/logo\/image\/","url":"https:\/\/www.foodbanking.org\/wp-content\/uploads\/2023\/05\/GFN_Logo_Teal.png","contentUrl":"https:\/\/www.foodbanking.org\/wp-content\/uploads\/2023\/05\/GFN_Logo_Teal.png","width":1000,"height":296,"caption":"The Global FoodBanking Network"},"image":{"@id":"https:\/\/www.foodbanking.org\/#\/schema\/logo\/image\/"},"sameAs":["https:\/\/www.facebook.com\/foodbanking","https:\/\/x.com\/foodbanking","https:\/\/www.instagram.com\/foodbanking","https:\/\/www.linkedin.com\/company\/the-global-foodbanking-network\/"],"ownershipFundingInfo":"https:\/\/www.foodbanking.org\/annual-reports-and-financials\/","actionableFeedbackPolicy":"https:\/\/www.foodbanking.org\/contact-us\/"}]}},"_links":{"self":[{"href":"https:\/\/www.foodbanking.org\/vi\/wp-json\/wp\/v2\/pages\/6193","targetHints":{"allow":["GET"]}}],"collection":[{"href":"https:\/\/www.foodbanking.org\/vi\/wp-json\/wp\/v2\/pages"}],"about":[{"href":"https:\/\/www.foodbanking.org\/vi\/wp-json\/wp\/v2\/types\/page"}],"author":[{"embeddable":true,"href":"https:\/\/www.foodbanking.org\/vi\/wp-json\/wp\/v2\/users\/17"}],"replies":[{"embeddable":true,"href":"https:\/\/www.foodbanking.org\/vi\/wp-json\/wp\/v2\/comments?post=6193"}],"version-history":[{"count":0,"href":"https:\/\/www.foodbanking.org\/vi\/wp-json\/wp\/v2\/pages\/6193\/revisions"}],"up":[{"embeddable":true,"href":"https:\/\/www.foodbanking.org\/vi\/wp-json\/wp\/v2\/pages\/5317"}],"wp:attachment":[{"href":"https:\/\/www.foodbanking.org\/vi\/wp-json\/wp\/v2\/media?parent=6193"}],"curies":[{"name":"trang web","href":"https:\/\/api.w.org\/{rel}","templated":true}]}}