{"id":6189,"date":"2026-03-06T15:57:19","date_gmt":"2026-03-06T15:57:19","guid":{"rendered":"https:\/\/www.foodbanking.org\/?page_id=6189"},"modified":"2026-03-06T15:57:19","modified_gmt":"2026-03-06T15:57:19","slug":"stability-and-employment-with-help-from-turkiye-food-bank","status":"publish","type":"page","link":"https:\/\/www.foodbanking.org\/vi\/morethanfood\/stability-and-employment-with-help-from-turkiye-food-bank\/","title":{"rendered":"H\u01a1n c\u1ea3 th\u1ee9c \u0103n \u2013 Th\u1ed5 Nh\u0129 K\u1ef3 (Turkiye)"},"content":{"rendered":"","protected":false},"excerpt":{"rendered":"","protected":false},"author":17,"featured_media":0,"parent":5317,"menu_order":0,"comment_status":"closed","ping_status":"closed","template":"page-templates\/photo-essay.php","meta":{"inline_featured_image":false,"footnotes":""},"class_list":["post-6189","page","type-page","status-publish","hentry"],"acf":[],"yoast_head":"<title>How a Food Bank Helps Rebuild Lives in T\u00fcrkiye<\/title>\n<meta name=\"description\" content=\"Learn how Turkish food banks offer more than food, helping individuals like Elanur find stability and job opportunities.\" \/>\n<meta name=\"robots\" content=\"index, follow, max-snippet:-1, max-image-preview:large, max-video-preview:-1\" \/>\n<link rel=\"canonical\" href=\"https:\/\/www.foodbanking.org\/vi\/morethanfood\/stability-and-employment-with-help-from-turkiye-food-bank\/\" \/>\n<meta property=\"og:locale\" content=\"vi_VN\" \/>\n<meta property=\"og:type\" content=\"article\" \/>\n<meta property=\"og:title\" content=\"Turkish Food Banks Support Jobs and Stability\" \/>\n<meta property=\"og:description\" content=\"Learn how Turkish food banks offer more than food, helping individuals like Elanur find stability and job opportunities.\" \/>\n<meta property=\"og:url\" content=\"https:\/\/www.foodbanking.org\/vi\/morethanfood\/stability-and-employment-with-help-from-turkiye-food-bank\/\" \/>\n<meta property=\"og:site_name\" content=\"The Global FoodBanking Network\" \/>\n<meta property=\"article:publisher\" content=\"https:\/\/www.facebook.com\/foodbanking\" \/>\n<meta property=\"og:image\" content=\"https:\/\/www.foodbanking.org\/wp-content\/uploads\/2025\/05\/54395394440_acfe793b3f_o-1-scaled.jpg\" \/>\n\t<meta property=\"og:image:width\" content=\"1707\" \/>\n\t<meta property=\"og:image:height\" content=\"2560\" \/>\n\t<meta property=\"og:image:type\" content=\"image\/jpeg\" \/>\n<meta name=\"twitter:card\" content=\"summary_large_image\" \/>\n<meta name=\"twitter:title\" content=\"Turkish Food Banks Support Employment and Stability\" \/>\n<meta name=\"twitter:description\" content=\"Learn how Turkish food banks offer more than food, helping individuals like Elanur find stability and job opportunities.\" \/>\n<meta name=\"twitter:image\" content=\"https:\/\/www.foodbanking.org\/wp-content\/uploads\/2025\/05\/54395208274_162eb2753f_o-scaled.jpg\" \/>\n<meta name=\"twitter:site\" content=\"@foodbanking\" \/>\n<meta name=\"twitter:label1\" content=\"\u01af\u1edbc t\u00ednh th\u1eddi gian \u0111\u1ecdc\" \/>\n\t<meta name=\"twitter:data1\" content=\"14 ph\u00fat\" \/>\n<script type=\"application\/ld+json\" class=\"yoast-schema-graph\">{\"@context\":\"https:\\\/\\\/schema.org\",\"@graph\":[{\"@type\":\"WebPage\",\"@id\":\"https:\\\/\\\/www.foodbanking.org\\\/morethanfood\\\/stability-and-employment-with-help-from-turkiye-food-bank\\\/\",\"url\":\"https:\\\/\\\/www.foodbanking.org\\\/morethanfood\\\/stability-and-employment-with-help-from-turkiye-food-bank\\\/\",\"name\":\"How a Food Bank Helps Rebuild Lives in T\u00fcrkiye\",\"isPartOf\":{\"@id\":\"https:\\\/\\\/www.foodbanking.org\\\/#website\"},\"datePublished\":\"2026-03-06T15:57:19+00:00\",\"description\":\"Learn how Turkish food banks offer more than food, helping individuals like Elanur find stability and job opportunities.\",\"breadcrumb\":{\"@id\":\"https:\\\/\\\/www.foodbanking.org\\\/morethanfood\\\/stability-and-employment-with-help-from-turkiye-food-bank\\\/#breadcrumb\"},\"inLanguage\":\"vi\",\"potentialAction\":[{\"@type\":\"ReadAction\",\"target\":[\"https:\\\/\\\/www.foodbanking.org\\\/morethanfood\\\/stability-and-employment-with-help-from-turkiye-food-bank\\\/\"]}]},{\"@type\":\"BreadcrumbList\",\"@id\":\"https:\\\/\\\/www.foodbanking.org\\\/morethanfood\\\/stability-and-employment-with-help-from-turkiye-food-bank\\\/#breadcrumb\",\"itemListElement\":[{\"@type\":\"ListItem\",\"position\":1,\"name\":\"Home\",\"item\":\"https:\\\/\\\/www.foodbanking.org\\\/\"},{\"@type\":\"ListItem\",\"position\":2,\"name\":\"More Than Food &#8211; MAIN LANDING PAGE\",\"item\":\"https:\\\/\\\/www.foodbanking.org\\\/morethanfood\\\/\"},{\"@type\":\"ListItem\",\"position\":3,\"name\":\"More Than Food &#8211; Turkey Turkiye\"}]},{\"@type\":\"WebSite\",\"@id\":\"https:\\\/\\\/www.foodbanking.org\\\/#website\",\"url\":\"https:\\\/\\\/www.foodbanking.org\\\/\",\"name\":\"The Global FoodBanking Network\",\"description\":\"\",\"publisher\":{\"@id\":\"https:\\\/\\\/www.foodbanking.org\\\/#organization\"},\"alternateName\":\"GFN\",\"potentialAction\":[{\"@type\":\"SearchAction\",\"target\":{\"@type\":\"EntryPoint\",\"urlTemplate\":\"https:\\\/\\\/www.foodbanking.org\\\/?s={search_term_string}\"},\"query-input\":{\"@type\":\"PropertyValueSpecification\",\"valueRequired\":true,\"valueName\":\"search_term_string\"}}],\"inLanguage\":\"vi\"},{\"@type\":\"Organization\",\"@id\":\"https:\\\/\\\/www.foodbanking.org\\\/#organization\",\"name\":\"The Global FoodBanking Network\",\"alternateName\":\"GFN\",\"url\":\"https:\\\/\\\/www.foodbanking.org\\\/\",\"logo\":{\"@type\":\"ImageObject\",\"inLanguage\":\"vi\",\"@id\":\"https:\\\/\\\/www.foodbanking.org\\\/#\\\/schema\\\/logo\\\/image\\\/\",\"url\":\"https:\\\/\\\/www.foodbanking.org\\\/wp-content\\\/uploads\\\/2023\\\/05\\\/GFN_Logo_Teal.png\",\"contentUrl\":\"https:\\\/\\\/www.foodbanking.org\\\/wp-content\\\/uploads\\\/2023\\\/05\\\/GFN_Logo_Teal.png\",\"width\":1000,\"height\":296,\"caption\":\"The Global FoodBanking Network\"},\"image\":{\"@id\":\"https:\\\/\\\/www.foodbanking.org\\\/#\\\/schema\\\/logo\\\/image\\\/\"},\"sameAs\":[\"https:\\\/\\\/www.facebook.com\\\/foodbanking\",\"https:\\\/\\\/x.com\\\/foodbanking\",\"https:\\\/\\\/www.instagram.com\\\/foodbanking\",\"https:\\\/\\\/www.linkedin.com\\\/company\\\/the-global-foodbanking-network\\\/\"],\"ownershipFundingInfo\":\"https:\\\/\\\/www.foodbanking.org\\\/annual-reports-and-financials\\\/\",\"actionableFeedbackPolicy\":\"https:\\\/\\\/www.foodbanking.org\\\/contact-us\\\/\"}]}<\/script>","yoast_head_json":{"title":"Ng\u00e2n h\u00e0ng th\u1ef1c ph\u1ea9m gi\u00fap t\u00e1i thi\u1ebft cu\u1ed9c s\u1ed1ng \u1edf Th\u1ed5 Nh\u0129 K\u1ef3 nh\u01b0 th\u1ebf n\u00e0o?","description":"H\u00e3y t\u00ecm hi\u1ec3u c\u00e1ch c\u00e1c ng\u00e2n h\u00e0ng th\u1ef1c ph\u1ea9m Th\u1ed5 Nh\u0129 K\u1ef3 kh\u00f4ng ch\u1ec9 cung c\u1ea5p th\u1ef1c ph\u1ea9m m\u00e0 c\u00f2n gi\u00fap nh\u1eefng ng\u01b0\u1eddi nh\u01b0 Elanur t\u00ecm \u0111\u01b0\u1ee3c s\u1ef1 \u1ed5n \u0111\u1ecbnh v\u00e0 c\u01a1 h\u1ed9i vi\u1ec7c l\u00e0m.","robots":{"index":"index","follow":"follow","max-snippet":"max-snippet:-1","max-image-preview":"max-image-preview:large","max-video-preview":"max-video-preview:-1"},"canonical":"https:\/\/www.foodbanking.org\/vi\/morethanfood\/stability-and-employment-with-help-from-turkiye-food-bank\/","og_locale":"vi_VN","og_type":"article","og_title":"Turkish Food Banks Support Jobs and Stability","og_description":"Learn how Turkish food banks offer more than food, helping individuals like Elanur find stability and job opportunities.","og_url":"https:\/\/www.foodbanking.org\/vi\/morethanfood\/stability-and-employment-with-help-from-turkiye-food-bank\/","og_site_name":"The Global FoodBanking Network","article_publisher":"https:\/\/www.facebook.com\/foodbanking","og_image":[{"width":1707,"height":2560,"url":"https:\/\/www.foodbanking.org\/wp-content\/uploads\/2025\/05\/54395394440_acfe793b3f_o-1-scaled.jpg","type":"image\/jpeg"}],"twitter_card":"summary_large_image","twitter_title":"Turkish Food Banks Support Employment and Stability","twitter_description":"Learn how Turkish food banks offer more than food, helping individuals like Elanur find stability and job opportunities.","twitter_image":"https:\/\/www.foodbanking.org\/wp-content\/uploads\/2025\/05\/54395208274_162eb2753f_o-scaled.jpg","twitter_site":"@foodbanking","twitter_misc":{"\u01af\u1edbc t\u00ednh th\u1eddi gian \u0111\u1ecdc":"14 ph\u00fat"},"schema":{"@context":"https:\/\/schema.org","@graph":[{"@type":"WebPage","@id":"https:\/\/www.foodbanking.org\/morethanfood\/stability-and-employment-with-help-from-turkiye-food-bank\/","url":"https:\/\/www.foodbanking.org\/morethanfood\/stability-and-employment-with-help-from-turkiye-food-bank\/","name":"Ng\u00e2n h\u00e0ng th\u1ef1c ph\u1ea9m gi\u00fap t\u00e1i thi\u1ebft cu\u1ed9c s\u1ed1ng \u1edf Th\u1ed5 Nh\u0129 K\u1ef3 nh\u01b0 th\u1ebf n\u00e0o?","isPartOf":{"@id":"https:\/\/www.foodbanking.org\/#website"},"datePublished":"2026-03-06T15:57:19+00:00","description":"H\u00e3y t\u00ecm hi\u1ec3u c\u00e1ch c\u00e1c ng\u00e2n h\u00e0ng th\u1ef1c ph\u1ea9m Th\u1ed5 Nh\u0129 K\u1ef3 kh\u00f4ng ch\u1ec9 cung c\u1ea5p th\u1ef1c ph\u1ea9m m\u00e0 c\u00f2n gi\u00fap nh\u1eefng ng\u01b0\u1eddi nh\u01b0 Elanur t\u00ecm \u0111\u01b0\u1ee3c s\u1ef1 \u1ed5n \u0111\u1ecbnh v\u00e0 c\u01a1 h\u1ed9i vi\u1ec7c l\u00e0m.","breadcrumb":{"@id":"https:\/\/www.foodbanking.org\/morethanfood\/stability-and-employment-with-help-from-turkiye-food-bank\/#breadcrumb"},"inLanguage":"vi","potentialAction":[{"@type":"ReadAction","target":["https:\/\/www.foodbanking.org\/morethanfood\/stability-and-employment-with-help-from-turkiye-food-bank\/"]}]},{"@type":"BreadcrumbList","@id":"https:\/\/www.foodbanking.org\/morethanfood\/stability-and-employment-with-help-from-turkiye-food-bank\/#breadcrumb","itemListElement":[{"@type":"ListItem","position":1,"name":"Home","item":"https:\/\/www.foodbanking.org\/"},{"@type":"ListItem","position":2,"name":"More Than Food &#8211; MAIN LANDING PAGE","item":"https:\/\/www.foodbanking.org\/morethanfood\/"},{"@type":"ListItem","position":3,"name":"More Than Food &#8211; Turkey Turkiye"}]},{"@type":"WebSite","@id":"https:\/\/www.foodbanking.org\/#website","url":"https:\/\/www.foodbanking.org\/","name":"M\u1ea1ng l\u01b0\u1edbi Ng\u00e2n h\u00e0ng Th\u1ef1c ph\u1ea9m To\u00e0n c\u1ea7u","description":"","publisher":{"@id":"https:\/\/www.foodbanking.org\/#organization"},"alternateName":"GFN","potentialAction":[{"@type":"SearchAction","target":{"@type":"EntryPoint","urlTemplate":"https:\/\/www.foodbanking.org\/?s={search_term_string}"},"query-input":{"@type":"PropertyValueSpecification","valueRequired":true,"valueName":"search_term_string"}}],"inLanguage":"vi"},{"@type":"Organization","@id":"https:\/\/www.foodbanking.org\/#organization","name":"M\u1ea1ng l\u01b0\u1edbi Ng\u00e2n h\u00e0ng Th\u1ef1c ph\u1ea9m To\u00e0n c\u1ea7u","alternateName":"GFN","url":"https:\/\/www.foodbanking.org\/","logo":{"@type":"ImageObject","inLanguage":"vi","@id":"https:\/\/www.foodbanking.org\/#\/schema\/logo\/image\/","url":"https:\/\/www.foodbanking.org\/wp-content\/uploads\/2023\/05\/GFN_Logo_Teal.png","contentUrl":"https:\/\/www.foodbanking.org\/wp-content\/uploads\/2023\/05\/GFN_Logo_Teal.png","width":1000,"height":296,"caption":"The Global FoodBanking Network"},"image":{"@id":"https:\/\/www.foodbanking.org\/#\/schema\/logo\/image\/"},"sameAs":["https:\/\/www.facebook.com\/foodbanking","https:\/\/x.com\/foodbanking","https:\/\/www.instagram.com\/foodbanking","https:\/\/www.linkedin.com\/company\/the-global-foodbanking-network\/"],"ownershipFundingInfo":"https:\/\/www.foodbanking.org\/annual-reports-and-financials\/","actionableFeedbackPolicy":"https:\/\/www.foodbanking.org\/contact-us\/"}]}},"_links":{"self":[{"href":"https:\/\/www.foodbanking.org\/vi\/wp-json\/wp\/v2\/pages\/6189","targetHints":{"allow":["GET"]}}],"collection":[{"href":"https:\/\/www.foodbanking.org\/vi\/wp-json\/wp\/v2\/pages"}],"about":[{"href":"https:\/\/www.foodbanking.org\/vi\/wp-json\/wp\/v2\/types\/page"}],"author":[{"embeddable":true,"href":"https:\/\/www.foodbanking.org\/vi\/wp-json\/wp\/v2\/users\/17"}],"replies":[{"embeddable":true,"href":"https:\/\/www.foodbanking.org\/vi\/wp-json\/wp\/v2\/comments?post=6189"}],"version-history":[{"count":0,"href":"https:\/\/www.foodbanking.org\/vi\/wp-json\/wp\/v2\/pages\/6189\/revisions"}],"up":[{"embeddable":true,"href":"https:\/\/www.foodbanking.org\/vi\/wp-json\/wp\/v2\/pages\/5317"}],"wp:attachment":[{"href":"https:\/\/www.foodbanking.org\/vi\/wp-json\/wp\/v2\/media?parent=6189"}],"curies":[{"name":"trang web","href":"https:\/\/api.w.org\/{rel}","templated":true}]}}