{"id":6186,"date":"2026-03-06T15:16:18","date_gmt":"2026-03-06T15:16:18","guid":{"rendered":"https:\/\/www.foodbanking.org\/?page_id=6186"},"modified":"2026-03-06T16:22:21","modified_gmt":"2026-03-06T16:22:21","slug":"local-leader-food-bank-transforms-wayuu-community","status":"publish","type":"page","link":"https:\/\/www.foodbanking.org\/vi\/local-leader-food-bank-transforms-wayuu-community\/","title":{"rendered":"H\u01a1n c\u1ea3 th\u1ee9c \u0103n \u2013 Colombia"},"content":{"rendered":"","protected":false},"excerpt":{"rendered":"","protected":false},"author":17,"featured_media":0,"parent":0,"menu_order":0,"comment_status":"closed","ping_status":"closed","template":"page-templates\/photo-essay.php","meta":{"inline_featured_image":false,"footnotes":""},"class_list":["post-6186","page","type-page","status-publish","hentry"],"acf":[],"yoast_head":"<title>Wayuu Community: A Food Bank&#039;s Impact<\/title>\n<meta name=\"description\" content=\"Discover the impact of a food bank on the wayuu community in Colombia, providing nutrition and income while honoring their heritage.\" \/>\n<meta name=\"robots\" content=\"index, follow, max-snippet:-1, max-image-preview:large, max-video-preview:-1\" \/>\n<link rel=\"canonical\" href=\"https:\/\/www.foodbanking.org\/vi\/local-leader-food-bank-transforms-wayuu-community\/\" \/>\n<meta property=\"og:locale\" content=\"vi_VN\" \/>\n<meta property=\"og:type\" content=\"article\" \/>\n<meta property=\"og:title\" content=\"Wayuu Community: Transforming Lives through Food\" \/>\n<meta property=\"og:description\" content=\"Explore the wayuu community in Colombia, where food banks are vital in transforming lives and preserving Indigenous cultures.\" \/>\n<meta property=\"og:url\" content=\"https:\/\/www.foodbanking.org\/vi\/local-leader-food-bank-transforms-wayuu-community\/\" \/>\n<meta property=\"og:site_name\" content=\"The Global FoodBanking Network\" \/>\n<meta property=\"article:publisher\" content=\"https:\/\/www.facebook.com\/foodbanking\" \/>\n<meta property=\"article:modified_time\" content=\"2026-03-06T16:22:21+00:00\" \/>\n<meta property=\"og:image\" content=\"https:\/\/www.foodbanking.org\/wp-content\/uploads\/2025\/06\/54485394660_08506d945b_o-scaled.jpg\" \/>\n\t<meta property=\"og:image:width\" content=\"2547\" \/>\n\t<meta property=\"og:image:height\" content=\"2560\" \/>\n\t<meta property=\"og:image:type\" content=\"image\/jpeg\" \/>\n<meta name=\"twitter:card\" content=\"summary_large_image\" \/>\n<meta name=\"twitter:title\" content=\"Wayuu Community: Transforming Lives through Food\" \/>\n<meta name=\"twitter:description\" content=\"Explore the wayuu community in Colombia, where food banks are vital in transforming lives and preserving Indigenous cultures.\" \/>\n<meta name=\"twitter:image\" content=\"https:\/\/www.foodbanking.org\/wp-content\/uploads\/2025\/05\/Rosario-portrait-scaled.jpg\" \/>\n<meta name=\"twitter:site\" content=\"@foodbanking\" \/>\n<meta name=\"twitter:label1\" content=\"\u01af\u1edbc t\u00ednh th\u1eddi gian \u0111\u1ecdc\" \/>\n\t<meta name=\"twitter:data1\" content=\"12 ph\u00fat\" \/>\n<script type=\"application\/ld+json\" class=\"yoast-schema-graph\">{\"@context\":\"https:\\\/\\\/schema.org\",\"@graph\":[{\"@type\":\"WebPage\",\"@id\":\"https:\\\/\\\/www.foodbanking.org\\\/local-leader-food-bank-transforms-wayuu-community\\\/\",\"url\":\"https:\\\/\\\/www.foodbanking.org\\\/local-leader-food-bank-transforms-wayuu-community\\\/\",\"name\":\"Wayuu Community: A Food Bank's Impact\",\"isPartOf\":{\"@id\":\"https:\\\/\\\/www.foodbanking.org\\\/#website\"},\"datePublished\":\"2026-03-06T15:16:18+00:00\",\"dateModified\":\"2026-03-06T16:22:21+00:00\",\"description\":\"Discover the impact of a food bank on the wayuu community in Colombia, providing nutrition and income while honoring their heritage.\",\"breadcrumb\":{\"@id\":\"https:\\\/\\\/www.foodbanking.org\\\/local-leader-food-bank-transforms-wayuu-community\\\/#breadcrumb\"},\"inLanguage\":\"vi\",\"potentialAction\":[{\"@type\":\"ReadAction\",\"target\":[\"https:\\\/\\\/www.foodbanking.org\\\/local-leader-food-bank-transforms-wayuu-community\\\/\"]}]},{\"@type\":\"BreadcrumbList\",\"@id\":\"https:\\\/\\\/www.foodbanking.org\\\/local-leader-food-bank-transforms-wayuu-community\\\/#breadcrumb\",\"itemListElement\":[{\"@type\":\"ListItem\",\"position\":1,\"name\":\"Home\",\"item\":\"https:\\\/\\\/www.foodbanking.org\\\/\"},{\"@type\":\"ListItem\",\"position\":2,\"name\":\"More Than Food &#8211; Colombia\"}]},{\"@type\":\"WebSite\",\"@id\":\"https:\\\/\\\/www.foodbanking.org\\\/#website\",\"url\":\"https:\\\/\\\/www.foodbanking.org\\\/\",\"name\":\"The Global FoodBanking Network\",\"description\":\"\",\"publisher\":{\"@id\":\"https:\\\/\\\/www.foodbanking.org\\\/#organization\"},\"alternateName\":\"GFN\",\"potentialAction\":[{\"@type\":\"SearchAction\",\"target\":{\"@type\":\"EntryPoint\",\"urlTemplate\":\"https:\\\/\\\/www.foodbanking.org\\\/?s={search_term_string}\"},\"query-input\":{\"@type\":\"PropertyValueSpecification\",\"valueRequired\":true,\"valueName\":\"search_term_string\"}}],\"inLanguage\":\"vi\"},{\"@type\":\"Organization\",\"@id\":\"https:\\\/\\\/www.foodbanking.org\\\/#organization\",\"name\":\"The Global FoodBanking Network\",\"alternateName\":\"GFN\",\"url\":\"https:\\\/\\\/www.foodbanking.org\\\/\",\"logo\":{\"@type\":\"ImageObject\",\"inLanguage\":\"vi\",\"@id\":\"https:\\\/\\\/www.foodbanking.org\\\/#\\\/schema\\\/logo\\\/image\\\/\",\"url\":\"https:\\\/\\\/www.foodbanking.org\\\/wp-content\\\/uploads\\\/2023\\\/05\\\/GFN_Logo_Teal.png\",\"contentUrl\":\"https:\\\/\\\/www.foodbanking.org\\\/wp-content\\\/uploads\\\/2023\\\/05\\\/GFN_Logo_Teal.png\",\"width\":1000,\"height\":296,\"caption\":\"The Global FoodBanking Network\"},\"image\":{\"@id\":\"https:\\\/\\\/www.foodbanking.org\\\/#\\\/schema\\\/logo\\\/image\\\/\"},\"sameAs\":[\"https:\\\/\\\/www.facebook.com\\\/foodbanking\",\"https:\\\/\\\/x.com\\\/foodbanking\",\"https:\\\/\\\/www.instagram.com\\\/foodbanking\",\"https:\\\/\\\/www.linkedin.com\\\/company\\\/the-global-foodbanking-network\\\/\"],\"ownershipFundingInfo\":\"https:\\\/\\\/www.foodbanking.org\\\/annual-reports-and-financials\\\/\",\"actionableFeedbackPolicy\":\"https:\\\/\\\/www.foodbanking.org\\\/contact-us\\\/\"}]}<\/script>","yoast_head_json":{"title":"C\u1ed9ng \u0111\u1ed3ng Wayuu: T\u00e1c \u0111\u1ed9ng c\u1ee7a Ng\u00e2n h\u00e0ng Th\u1ef1c ph\u1ea9m","description":"Kh\u00e1m ph\u00e1 t\u00e1c \u0111\u1ed9ng c\u1ee7a ng\u00e2n h\u00e0ng th\u1ef1c ph\u1ea9m \u0111\u1ed1i v\u1edbi c\u1ed9ng \u0111\u1ed3ng ng\u01b0\u1eddi Wayuu \u1edf Colombia, cung c\u1ea5p dinh d\u01b0\u1ee1ng v\u00e0 thu nh\u1eadp \u0111\u1ed3ng th\u1eddi t\u00f4n vinh di s\u1ea3n v\u0103n h\u00f3a c\u1ee7a h\u1ecd.","robots":{"index":"index","follow":"follow","max-snippet":"max-snippet:-1","max-image-preview":"max-image-preview:large","max-video-preview":"max-video-preview:-1"},"canonical":"https:\/\/www.foodbanking.org\/vi\/local-leader-food-bank-transforms-wayuu-community\/","og_locale":"vi_VN","og_type":"article","og_title":"Wayuu Community: Transforming Lives through Food","og_description":"Explore the wayuu community in Colombia, where food banks are vital in transforming lives and preserving Indigenous cultures.","og_url":"https:\/\/www.foodbanking.org\/vi\/local-leader-food-bank-transforms-wayuu-community\/","og_site_name":"The Global FoodBanking Network","article_publisher":"https:\/\/www.facebook.com\/foodbanking","article_modified_time":"2026-03-06T16:22:21+00:00","og_image":[{"width":2547,"height":2560,"url":"https:\/\/www.foodbanking.org\/wp-content\/uploads\/2025\/06\/54485394660_08506d945b_o-scaled.jpg","type":"image\/jpeg"}],"twitter_card":"summary_large_image","twitter_title":"Wayuu Community: Transforming Lives through Food","twitter_description":"Explore the wayuu community in Colombia, where food banks are vital in transforming lives and preserving Indigenous cultures.","twitter_image":"https:\/\/www.foodbanking.org\/wp-content\/uploads\/2025\/05\/Rosario-portrait-scaled.jpg","twitter_site":"@foodbanking","twitter_misc":{"\u01af\u1edbc t\u00ednh th\u1eddi gian \u0111\u1ecdc":"12 ph\u00fat"},"schema":{"@context":"https:\/\/schema.org","@graph":[{"@type":"WebPage","@id":"https:\/\/www.foodbanking.org\/local-leader-food-bank-transforms-wayuu-community\/","url":"https:\/\/www.foodbanking.org\/local-leader-food-bank-transforms-wayuu-community\/","name":"C\u1ed9ng \u0111\u1ed3ng Wayuu: T\u00e1c \u0111\u1ed9ng c\u1ee7a Ng\u00e2n h\u00e0ng Th\u1ef1c ph\u1ea9m","isPartOf":{"@id":"https:\/\/www.foodbanking.org\/#website"},"datePublished":"2026-03-06T15:16:18+00:00","dateModified":"2026-03-06T16:22:21+00:00","description":"Kh\u00e1m ph\u00e1 t\u00e1c \u0111\u1ed9ng c\u1ee7a ng\u00e2n h\u00e0ng th\u1ef1c ph\u1ea9m \u0111\u1ed1i v\u1edbi c\u1ed9ng \u0111\u1ed3ng ng\u01b0\u1eddi Wayuu \u1edf Colombia, cung c\u1ea5p dinh d\u01b0\u1ee1ng v\u00e0 thu nh\u1eadp \u0111\u1ed3ng th\u1eddi t\u00f4n vinh di s\u1ea3n v\u0103n h\u00f3a c\u1ee7a h\u1ecd.","breadcrumb":{"@id":"https:\/\/www.foodbanking.org\/local-leader-food-bank-transforms-wayuu-community\/#breadcrumb"},"inLanguage":"vi","potentialAction":[{"@type":"ReadAction","target":["https:\/\/www.foodbanking.org\/local-leader-food-bank-transforms-wayuu-community\/"]}]},{"@type":"BreadcrumbList","@id":"https:\/\/www.foodbanking.org\/local-leader-food-bank-transforms-wayuu-community\/#breadcrumb","itemListElement":[{"@type":"ListItem","position":1,"name":"Home","item":"https:\/\/www.foodbanking.org\/"},{"@type":"ListItem","position":2,"name":"More Than Food &#8211; Colombia"}]},{"@type":"WebSite","@id":"https:\/\/www.foodbanking.org\/#website","url":"https:\/\/www.foodbanking.org\/","name":"M\u1ea1ng l\u01b0\u1edbi Ng\u00e2n h\u00e0ng Th\u1ef1c ph\u1ea9m To\u00e0n c\u1ea7u","description":"","publisher":{"@id":"https:\/\/www.foodbanking.org\/#organization"},"alternateName":"GFN","potentialAction":[{"@type":"SearchAction","target":{"@type":"EntryPoint","urlTemplate":"https:\/\/www.foodbanking.org\/?s={search_term_string}"},"query-input":{"@type":"PropertyValueSpecification","valueRequired":true,"valueName":"search_term_string"}}],"inLanguage":"vi"},{"@type":"Organization","@id":"https:\/\/www.foodbanking.org\/#organization","name":"M\u1ea1ng l\u01b0\u1edbi Ng\u00e2n h\u00e0ng Th\u1ef1c ph\u1ea9m To\u00e0n c\u1ea7u","alternateName":"GFN","url":"https:\/\/www.foodbanking.org\/","logo":{"@type":"ImageObject","inLanguage":"vi","@id":"https:\/\/www.foodbanking.org\/#\/schema\/logo\/image\/","url":"https:\/\/www.foodbanking.org\/wp-content\/uploads\/2023\/05\/GFN_Logo_Teal.png","contentUrl":"https:\/\/www.foodbanking.org\/wp-content\/uploads\/2023\/05\/GFN_Logo_Teal.png","width":1000,"height":296,"caption":"The Global FoodBanking Network"},"image":{"@id":"https:\/\/www.foodbanking.org\/#\/schema\/logo\/image\/"},"sameAs":["https:\/\/www.facebook.com\/foodbanking","https:\/\/x.com\/foodbanking","https:\/\/www.instagram.com\/foodbanking","https:\/\/www.linkedin.com\/company\/the-global-foodbanking-network\/"],"ownershipFundingInfo":"https:\/\/www.foodbanking.org\/annual-reports-and-financials\/","actionableFeedbackPolicy":"https:\/\/www.foodbanking.org\/contact-us\/"}]}},"_links":{"self":[{"href":"https:\/\/www.foodbanking.org\/vi\/wp-json\/wp\/v2\/pages\/6186","targetHints":{"allow":["GET"]}}],"collection":[{"href":"https:\/\/www.foodbanking.org\/vi\/wp-json\/wp\/v2\/pages"}],"about":[{"href":"https:\/\/www.foodbanking.org\/vi\/wp-json\/wp\/v2\/types\/page"}],"author":[{"embeddable":true,"href":"https:\/\/www.foodbanking.org\/vi\/wp-json\/wp\/v2\/users\/17"}],"replies":[{"embeddable":true,"href":"https:\/\/www.foodbanking.org\/vi\/wp-json\/wp\/v2\/comments?post=6186"}],"version-history":[{"count":0,"href":"https:\/\/www.foodbanking.org\/vi\/wp-json\/wp\/v2\/pages\/6186\/revisions"}],"wp:attachment":[{"href":"https:\/\/www.foodbanking.org\/vi\/wp-json\/wp\/v2\/media?parent=6186"}],"curies":[{"name":"trang web","href":"https:\/\/api.w.org\/{rel}","templated":true}]}}