{"id":5317,"date":"2025-04-09T20:29:25","date_gmt":"2025-04-09T20:29:25","guid":{"rendered":"https:\/\/www.foodbanking.org\/?page_id=5317"},"modified":"2026-04-15T13:15:11","modified_gmt":"2026-04-15T13:15:11","slug":"morethanfood","status":"publish","type":"page","link":"https:\/\/www.foodbanking.org\/vi\/morethanfood\/","title":{"rendered":"More Than Food \u2013 TRANG \u0110\u00cdCH CH\u00cdNH"},"content":{"rendered":"","protected":false},"excerpt":{"rendered":"","protected":false},"author":17,"featured_media":0,"parent":0,"menu_order":0,"comment_status":"closed","ping_status":"closed","template":"page-templates\/photo-essay.php","meta":{"inline_featured_image":false,"footnotes":""},"class_list":["post-5317","page","type-page","status-publish","hentry"],"acf":[],"yoast_head":"<title>Food Banks Serve More Than Food | The Global FoodBanking Network<\/title>\n<meta name=\"description\" content=\"Explore how food banks provide more than food \u2014 getting food to people who need it most, reducing waste and creating healthier communities.\" \/>\n<meta name=\"robots\" content=\"index, follow, max-snippet:-1, max-image-preview:large, max-video-preview:-1\" \/>\n<link rel=\"canonical\" href=\"https:\/\/www.foodbanking.org\/vi\/morethanfood\/\" \/>\n<meta property=\"og:locale\" content=\"vi_VN\" \/>\n<meta property=\"og:type\" content=\"article\" \/>\n<meta property=\"og:title\" content=\"Food Banks Serve #MoreThanFood\" \/>\n<meta property=\"og:description\" content=\"Explore how food banks are getting food to people who need it most, reducing food loss and waste, and creating stronger, healthier communities.\" \/>\n<meta property=\"og:url\" content=\"https:\/\/www.foodbanking.org\/vi\/morethanfood\/\" \/>\n<meta property=\"og:site_name\" content=\"The Global FoodBanking Network\" \/>\n<meta property=\"article:publisher\" content=\"https:\/\/www.facebook.com\/foodbanking\" \/>\n<meta property=\"article:modified_time\" content=\"2026-04-15T13:15:11+00:00\" \/>\n<meta property=\"og:image\" content=\"https:\/\/www.foodbanking.org\/wp-content\/uploads\/2025\/05\/Kamonlak-Bootsan-Prepares-Food-at-Ban-Phun-Kitchen.jpg\" \/>\n\t<meta property=\"og:image:width\" content=\"2048\" \/>\n\t<meta property=\"og:image:height\" content=\"1366\" \/>\n\t<meta property=\"og:image:type\" content=\"image\/jpeg\" \/>\n<meta name=\"twitter:card\" content=\"summary_large_image\" \/>\n<meta name=\"twitter:title\" content=\"Food Banks Serve #MoreThanFood\" \/>\n<meta name=\"twitter:description\" content=\"Explore how food banks are getting food to people who need it most, reducing food loss and waste, and creating stronger, healthier communities.\" \/>\n<meta name=\"twitter:site\" content=\"@foodbanking\" \/>\n<meta name=\"twitter:label1\" content=\"\u01af\u1edbc t\u00ednh th\u1eddi gian \u0111\u1ecdc\" \/>\n\t<meta name=\"twitter:data1\" content=\"3 ph\u00fat\" \/>\n<script type=\"application\/ld+json\" class=\"yoast-schema-graph\">{\"@context\":\"https:\\\/\\\/schema.org\",\"@graph\":[{\"@type\":\"WebPage\",\"@id\":\"https:\\\/\\\/www.foodbanking.org\\\/morethanfood\\\/\",\"url\":\"https:\\\/\\\/www.foodbanking.org\\\/morethanfood\\\/\",\"name\":\"Food Banks Serve More Than Food | The Global FoodBanking Network\",\"isPartOf\":{\"@id\":\"https:\\\/\\\/www.foodbanking.org\\\/#website\"},\"datePublished\":\"2025-04-09T20:29:25+00:00\",\"dateModified\":\"2026-04-15T13:15:11+00:00\",\"description\":\"Explore how food banks provide more than food \u2014 getting food to people who need it most, reducing waste and creating healthier communities.\",\"breadcrumb\":{\"@id\":\"https:\\\/\\\/www.foodbanking.org\\\/morethanfood\\\/#breadcrumb\"},\"inLanguage\":\"vi\",\"potentialAction\":[{\"@type\":\"ReadAction\",\"target\":[\"https:\\\/\\\/www.foodbanking.org\\\/morethanfood\\\/\"]}]},{\"@type\":\"BreadcrumbList\",\"@id\":\"https:\\\/\\\/www.foodbanking.org\\\/morethanfood\\\/#breadcrumb\",\"itemListElement\":[{\"@type\":\"ListItem\",\"position\":1,\"name\":\"Home\",\"item\":\"https:\\\/\\\/www.foodbanking.org\\\/\"},{\"@type\":\"ListItem\",\"position\":2,\"name\":\"More Than Food &#8211; MAIN LANDING PAGE\"}]},{\"@type\":\"WebSite\",\"@id\":\"https:\\\/\\\/www.foodbanking.org\\\/#website\",\"url\":\"https:\\\/\\\/www.foodbanking.org\\\/\",\"name\":\"The Global FoodBanking Network\",\"description\":\"\",\"publisher\":{\"@id\":\"https:\\\/\\\/www.foodbanking.org\\\/#organization\"},\"alternateName\":\"GFN\",\"potentialAction\":[{\"@type\":\"SearchAction\",\"target\":{\"@type\":\"EntryPoint\",\"urlTemplate\":\"https:\\\/\\\/www.foodbanking.org\\\/?s={search_term_string}\"},\"query-input\":{\"@type\":\"PropertyValueSpecification\",\"valueRequired\":true,\"valueName\":\"search_term_string\"}}],\"inLanguage\":\"vi\"},{\"@type\":\"Organization\",\"@id\":\"https:\\\/\\\/www.foodbanking.org\\\/#organization\",\"name\":\"The Global FoodBanking Network\",\"alternateName\":\"GFN\",\"url\":\"https:\\\/\\\/www.foodbanking.org\\\/\",\"logo\":{\"@type\":\"ImageObject\",\"inLanguage\":\"vi\",\"@id\":\"https:\\\/\\\/www.foodbanking.org\\\/#\\\/schema\\\/logo\\\/image\\\/\",\"url\":\"https:\\\/\\\/www.foodbanking.org\\\/wp-content\\\/uploads\\\/2023\\\/05\\\/GFN_Logo_Teal.png\",\"contentUrl\":\"https:\\\/\\\/www.foodbanking.org\\\/wp-content\\\/uploads\\\/2023\\\/05\\\/GFN_Logo_Teal.png\",\"width\":1000,\"height\":296,\"caption\":\"The Global FoodBanking Network\"},\"image\":{\"@id\":\"https:\\\/\\\/www.foodbanking.org\\\/#\\\/schema\\\/logo\\\/image\\\/\"},\"sameAs\":[\"https:\\\/\\\/www.facebook.com\\\/foodbanking\",\"https:\\\/\\\/x.com\\\/foodbanking\",\"https:\\\/\\\/www.instagram.com\\\/foodbanking\",\"https:\\\/\\\/www.linkedin.com\\\/company\\\/the-global-foodbanking-network\\\/\"],\"ownershipFundingInfo\":\"https:\\\/\\\/www.foodbanking.org\\\/annual-reports-and-financials\\\/\",\"actionableFeedbackPolicy\":\"https:\\\/\\\/www.foodbanking.org\\\/contact-us\\\/\"}]}<\/script>","yoast_head_json":{"title":"C\u00e1c ng\u00e2n h\u00e0ng th\u1ef1c ph\u1ea9m kh\u00f4ng ch\u1ec9 cung c\u1ea5p th\u1ef1c ph\u1ea9m | M\u1ea1ng l\u01b0\u1edbi Ng\u00e2n h\u00e0ng Th\u1ef1c ph\u1ea9m To\u00e0n c\u1ea7u","description":"H\u00e3y c\u00f9ng t\u00ecm hi\u1ec3u c\u00e1ch c\u00e1c ng\u00e2n h\u00e0ng th\u1ef1c ph\u1ea9m cung c\u1ea5p nhi\u1ec1u h\u01a1n ch\u1ec9 l\u00e0 th\u1ef1c ph\u1ea9m \u2014 \u0111\u01b0a th\u1ef1c ph\u1ea9m \u0111\u1ebfn tay nh\u1eefng ng\u01b0\u1eddi c\u1ea7n nh\u1ea5t, gi\u1ea3m thi\u1ec3u l\u00e3ng ph\u00ed v\u00e0 t\u1ea1o ra nh\u1eefng c\u1ed9ng \u0111\u1ed3ng kh\u1ecfe m\u1ea1nh h\u01a1n.","robots":{"index":"index","follow":"follow","max-snippet":"max-snippet:-1","max-image-preview":"max-image-preview:large","max-video-preview":"max-video-preview:-1"},"canonical":"https:\/\/www.foodbanking.org\/vi\/morethanfood\/","og_locale":"vi_VN","og_type":"article","og_title":"Food Banks Serve #MoreThanFood","og_description":"Explore how food banks are getting food to people who need it most, reducing food loss and waste, and creating stronger, healthier communities.","og_url":"https:\/\/www.foodbanking.org\/vi\/morethanfood\/","og_site_name":"The Global FoodBanking Network","article_publisher":"https:\/\/www.facebook.com\/foodbanking","article_modified_time":"2026-04-15T13:15:11+00:00","og_image":[{"width":2048,"height":1366,"url":"https:\/\/www.foodbanking.org\/wp-content\/uploads\/2025\/05\/Kamonlak-Bootsan-Prepares-Food-at-Ban-Phun-Kitchen.jpg","type":"image\/jpeg"}],"twitter_card":"summary_large_image","twitter_title":"Food Banks Serve #MoreThanFood","twitter_description":"Explore how food banks are getting food to people who need it most, reducing food loss and waste, and creating stronger, healthier communities.","twitter_site":"@foodbanking","twitter_misc":{"\u01af\u1edbc t\u00ednh th\u1eddi gian \u0111\u1ecdc":"3 ph\u00fat"},"schema":{"@context":"https:\/\/schema.org","@graph":[{"@type":"WebPage","@id":"https:\/\/www.foodbanking.org\/morethanfood\/","url":"https:\/\/www.foodbanking.org\/morethanfood\/","name":"C\u00e1c ng\u00e2n h\u00e0ng th\u1ef1c ph\u1ea9m kh\u00f4ng ch\u1ec9 cung c\u1ea5p th\u1ef1c ph\u1ea9m | M\u1ea1ng l\u01b0\u1edbi Ng\u00e2n h\u00e0ng Th\u1ef1c ph\u1ea9m To\u00e0n c\u1ea7u","isPartOf":{"@id":"https:\/\/www.foodbanking.org\/#website"},"datePublished":"2025-04-09T20:29:25+00:00","dateModified":"2026-04-15T13:15:11+00:00","description":"H\u00e3y c\u00f9ng t\u00ecm hi\u1ec3u c\u00e1ch c\u00e1c ng\u00e2n h\u00e0ng th\u1ef1c ph\u1ea9m cung c\u1ea5p nhi\u1ec1u h\u01a1n ch\u1ec9 l\u00e0 th\u1ef1c ph\u1ea9m \u2014 \u0111\u01b0a th\u1ef1c ph\u1ea9m \u0111\u1ebfn tay nh\u1eefng ng\u01b0\u1eddi c\u1ea7n nh\u1ea5t, gi\u1ea3m thi\u1ec3u l\u00e3ng ph\u00ed v\u00e0 t\u1ea1o ra nh\u1eefng c\u1ed9ng \u0111\u1ed3ng kh\u1ecfe m\u1ea1nh h\u01a1n.","breadcrumb":{"@id":"https:\/\/www.foodbanking.org\/morethanfood\/#breadcrumb"},"inLanguage":"vi","potentialAction":[{"@type":"ReadAction","target":["https:\/\/www.foodbanking.org\/morethanfood\/"]}]},{"@type":"BreadcrumbList","@id":"https:\/\/www.foodbanking.org\/morethanfood\/#breadcrumb","itemListElement":[{"@type":"ListItem","position":1,"name":"Home","item":"https:\/\/www.foodbanking.org\/"},{"@type":"ListItem","position":2,"name":"More Than Food &#8211; MAIN LANDING PAGE"}]},{"@type":"WebSite","@id":"https:\/\/www.foodbanking.org\/#website","url":"https:\/\/www.foodbanking.org\/","name":"M\u1ea1ng l\u01b0\u1edbi Ng\u00e2n h\u00e0ng Th\u1ef1c ph\u1ea9m To\u00e0n c\u1ea7u","description":"","publisher":{"@id":"https:\/\/www.foodbanking.org\/#organization"},"alternateName":"GFN","potentialAction":[{"@type":"SearchAction","target":{"@type":"EntryPoint","urlTemplate":"https:\/\/www.foodbanking.org\/?s={search_term_string}"},"query-input":{"@type":"PropertyValueSpecification","valueRequired":true,"valueName":"search_term_string"}}],"inLanguage":"vi"},{"@type":"Organization","@id":"https:\/\/www.foodbanking.org\/#organization","name":"M\u1ea1ng l\u01b0\u1edbi Ng\u00e2n h\u00e0ng Th\u1ef1c ph\u1ea9m To\u00e0n c\u1ea7u","alternateName":"GFN","url":"https:\/\/www.foodbanking.org\/","logo":{"@type":"ImageObject","inLanguage":"vi","@id":"https:\/\/www.foodbanking.org\/#\/schema\/logo\/image\/","url":"https:\/\/www.foodbanking.org\/wp-content\/uploads\/2023\/05\/GFN_Logo_Teal.png","contentUrl":"https:\/\/www.foodbanking.org\/wp-content\/uploads\/2023\/05\/GFN_Logo_Teal.png","width":1000,"height":296,"caption":"The Global FoodBanking Network"},"image":{"@id":"https:\/\/www.foodbanking.org\/#\/schema\/logo\/image\/"},"sameAs":["https:\/\/www.facebook.com\/foodbanking","https:\/\/x.com\/foodbanking","https:\/\/www.instagram.com\/foodbanking","https:\/\/www.linkedin.com\/company\/the-global-foodbanking-network\/"],"ownershipFundingInfo":"https:\/\/www.foodbanking.org\/annual-reports-and-financials\/","actionableFeedbackPolicy":"https:\/\/www.foodbanking.org\/contact-us\/"}]}},"_links":{"self":[{"href":"https:\/\/www.foodbanking.org\/vi\/wp-json\/wp\/v2\/pages\/5317","targetHints":{"allow":["GET"]}}],"collection":[{"href":"https:\/\/www.foodbanking.org\/vi\/wp-json\/wp\/v2\/pages"}],"about":[{"href":"https:\/\/www.foodbanking.org\/vi\/wp-json\/wp\/v2\/types\/page"}],"author":[{"embeddable":true,"href":"https:\/\/www.foodbanking.org\/vi\/wp-json\/wp\/v2\/users\/17"}],"replies":[{"embeddable":true,"href":"https:\/\/www.foodbanking.org\/vi\/wp-json\/wp\/v2\/comments?post=5317"}],"version-history":[{"count":0,"href":"https:\/\/www.foodbanking.org\/vi\/wp-json\/wp\/v2\/pages\/5317\/revisions"}],"wp:attachment":[{"href":"https:\/\/www.foodbanking.org\/vi\/wp-json\/wp\/v2\/media?parent=5317"}],"curies":[{"name":"trang web","href":"https:\/\/api.w.org\/{rel}","templated":true}]}}