{"id":4792,"date":"2024-08-13T20:26:24","date_gmt":"2024-08-13T20:26:24","guid":{"rendered":"https:\/\/www.foodbanking.org\/?page_id=4792"},"modified":"2025-04-16T13:00:49","modified_gmt":"2025-04-16T13:00:49","slug":"frame-methane-methodology","status":"publish","type":"page","link":"https:\/\/www.foodbanking.org\/vi\/mobilizing-food-systems-change\/leading-research-and-policy-recommendations\/frame-methane-methodology\/","title":{"rendered":"Ph\u01b0\u01a1ng ph\u00e1p Methane"},"content":{"rendered":"","protected":false},"excerpt":{"rendered":"","protected":false},"author":17,"featured_media":0,"parent":750,"menu_order":0,"comment_status":"closed","ping_status":"closed","template":"page-templates\/photo-essay.php","meta":{"inline_featured_image":false,"footnotes":""},"class_list":["post-4792","page","type-page","status-publish","hentry"],"acf":[],"yoast_head":"<title>How Food Recovery Can Reduce Methane Emissions | The Global FoodBanking Network<\/title>\n<meta name=\"description\" content=\"See how the FRAME methodology helps food banks and countries use food recovery to reduce methane emissions and alleviate food insecurity.\" \/>\n<meta name=\"robots\" content=\"index, follow, max-snippet:-1, max-image-preview:large, max-video-preview:-1\" \/>\n<link rel=\"canonical\" href=\"https:\/\/www.foodbanking.org\/vi\/mobilizing-food-systems-change\/leading-research-and-policy-recommendations\/frame-methane-methodology\/\" \/>\n<meta property=\"og:locale\" content=\"vi_VN\" \/>\n<meta property=\"og:type\" content=\"article\" \/>\n<meta property=\"og:title\" content=\"FRAME: Food Recovery to Avoid Methane Emissions Methodology\" \/>\n<meta property=\"og:description\" content=\"The Food Recovery to Avoid Methane Emissions (FRAME) methodology provides credible evidence that food banks help reduce emissions as well as food insecurity and can help countries achieve their climate goals while also reducing food insecurity.\" \/>\n<meta property=\"og:url\" content=\"https:\/\/www.foodbanking.org\/vi\/mobilizing-food-systems-change\/leading-research-and-policy-recommendations\/frame-methane-methodology\/\" \/>\n<meta property=\"og:site_name\" content=\"The Global FoodBanking Network\" \/>\n<meta property=\"article:publisher\" content=\"https:\/\/www.facebook.com\/foodbanking\" \/>\n<meta property=\"article:modified_time\" content=\"2025-04-16T13:00:49+00:00\" \/>\n<meta property=\"og:image\" content=\"https:\/\/www.foodbanking.org\/wp-content\/uploads\/2024\/08\/FRAME-Cover-1.png\" \/>\n\t<meta property=\"og:image:width\" content=\"1280\" \/>\n\t<meta property=\"og:image:height\" content=\"842\" \/>\n\t<meta property=\"og:image:type\" content=\"image\/png\" \/>\n<meta name=\"twitter:card\" content=\"summary_large_image\" \/>\n<meta name=\"twitter:title\" content=\"FRAME: Food Recovery to Avoid Methane Emissions Methodology\" \/>\n<meta name=\"twitter:description\" content=\"The Food Recovery to Avoid Methane Emissions (FRAME) methodology provides credible evidence that food banks help reduce emissions as well as food insecurity and can help countries achieve their climate goals while also reducing food insecurity.\" \/>\n<meta name=\"twitter:image\" content=\"https:\/\/www.foodbanking.org\/wp-content\/uploads\/2024\/08\/51043615438_b2a8592230_k-2.jpg\" \/>\n<meta name=\"twitter:site\" content=\"@foodbanking\" \/>\n<meta name=\"twitter:label1\" content=\"\u01af\u1edbc t\u00ednh th\u1eddi gian \u0111\u1ecdc\" \/>\n\t<meta name=\"twitter:data1\" content=\"3 ph\u00fat\" \/>\n<script type=\"application\/ld+json\" class=\"yoast-schema-graph\">{\"@context\":\"https:\\\/\\\/schema.org\",\"@graph\":[{\"@type\":\"WebPage\",\"@id\":\"https:\\\/\\\/www.foodbanking.org\\\/mobilizing-food-systems-change\\\/leading-research-and-policy-recommendations\\\/frame-methane-methodology\\\/\",\"url\":\"https:\\\/\\\/www.foodbanking.org\\\/mobilizing-food-systems-change\\\/leading-research-and-policy-recommendations\\\/frame-methane-methodology\\\/\",\"name\":\"How Food Recovery Can Reduce Methane Emissions | The Global FoodBanking Network\",\"isPartOf\":{\"@id\":\"https:\\\/\\\/www.foodbanking.org\\\/#website\"},\"datePublished\":\"2024-08-13T20:26:24+00:00\",\"dateModified\":\"2025-04-16T13:00:49+00:00\",\"description\":\"See how the FRAME methodology helps food banks and countries use food recovery to reduce methane emissions and alleviate food insecurity.\",\"breadcrumb\":{\"@id\":\"https:\\\/\\\/www.foodbanking.org\\\/mobilizing-food-systems-change\\\/leading-research-and-policy-recommendations\\\/frame-methane-methodology\\\/#breadcrumb\"},\"inLanguage\":\"vi\",\"potentialAction\":[{\"@type\":\"ReadAction\",\"target\":[\"https:\\\/\\\/www.foodbanking.org\\\/mobilizing-food-systems-change\\\/leading-research-and-policy-recommendations\\\/frame-methane-methodology\\\/\"]}]},{\"@type\":\"BreadcrumbList\",\"@id\":\"https:\\\/\\\/www.foodbanking.org\\\/mobilizing-food-systems-change\\\/leading-research-and-policy-recommendations\\\/frame-methane-methodology\\\/#breadcrumb\",\"itemListElement\":[{\"@type\":\"ListItem\",\"position\":1,\"name\":\"Home\",\"item\":\"https:\\\/\\\/www.foodbanking.org\\\/\"},{\"@type\":\"ListItem\",\"position\":2,\"name\":\"Mobilizing Food Systems Change\",\"item\":\"https:\\\/\\\/www.foodbanking.org\\\/mobilizing-food-systems-change\\\/\"},{\"@type\":\"ListItem\",\"position\":3,\"name\":\"Leading Research and Policy Recommendations\",\"item\":\"https:\\\/\\\/www.foodbanking.org\\\/mobilizing-food-systems-change\\\/leading-research-and-policy-recommendations\\\/\"},{\"@type\":\"ListItem\",\"position\":4,\"name\":\"Methane Methodology\"}]},{\"@type\":\"WebSite\",\"@id\":\"https:\\\/\\\/www.foodbanking.org\\\/#website\",\"url\":\"https:\\\/\\\/www.foodbanking.org\\\/\",\"name\":\"The Global FoodBanking Network\",\"description\":\"\",\"publisher\":{\"@id\":\"https:\\\/\\\/www.foodbanking.org\\\/#organization\"},\"alternateName\":\"GFN\",\"potentialAction\":[{\"@type\":\"SearchAction\",\"target\":{\"@type\":\"EntryPoint\",\"urlTemplate\":\"https:\\\/\\\/www.foodbanking.org\\\/?s={search_term_string}\"},\"query-input\":{\"@type\":\"PropertyValueSpecification\",\"valueRequired\":true,\"valueName\":\"search_term_string\"}}],\"inLanguage\":\"vi\"},{\"@type\":\"Organization\",\"@id\":\"https:\\\/\\\/www.foodbanking.org\\\/#organization\",\"name\":\"The Global FoodBanking Network\",\"alternateName\":\"GFN\",\"url\":\"https:\\\/\\\/www.foodbanking.org\\\/\",\"logo\":{\"@type\":\"ImageObject\",\"inLanguage\":\"vi\",\"@id\":\"https:\\\/\\\/www.foodbanking.org\\\/#\\\/schema\\\/logo\\\/image\\\/\",\"url\":\"https:\\\/\\\/www.foodbanking.org\\\/wp-content\\\/uploads\\\/2023\\\/05\\\/GFN_Logo_Teal.png\",\"contentUrl\":\"https:\\\/\\\/www.foodbanking.org\\\/wp-content\\\/uploads\\\/2023\\\/05\\\/GFN_Logo_Teal.png\",\"width\":1000,\"height\":296,\"caption\":\"The Global FoodBanking Network\"},\"image\":{\"@id\":\"https:\\\/\\\/www.foodbanking.org\\\/#\\\/schema\\\/logo\\\/image\\\/\"},\"sameAs\":[\"https:\\\/\\\/www.facebook.com\\\/foodbanking\",\"https:\\\/\\\/x.com\\\/foodbanking\",\"https:\\\/\\\/www.instagram.com\\\/foodbanking\",\"https:\\\/\\\/www.linkedin.com\\\/company\\\/the-global-foodbanking-network\\\/\"],\"ownershipFundingInfo\":\"https:\\\/\\\/www.foodbanking.org\\\/annual-reports-and-financials\\\/\",\"actionableFeedbackPolicy\":\"https:\\\/\\\/www.foodbanking.org\\\/contact-us\\\/\"}]}<\/script>","yoast_head_json":{"title":"C\u00e1ch th\u1ee9c t\u00e1i ch\u1ebf th\u1ef1c ph\u1ea9m c\u00f3 th\u1ec3 gi\u1ea3m ph\u00e1t th\u1ea3i kh\u00ed metan | M\u1ea1ng l\u01b0\u1edbi Ng\u00e2n h\u00e0ng Th\u1ef1c ph\u1ea9m To\u00e0n c\u1ea7u","description":"H\u00e3y xem ph\u01b0\u01a1ng ph\u00e1p FRAME gi\u00fap c\u00e1c ng\u00e2n h\u00e0ng th\u1ef1c ph\u1ea9m v\u00e0 c\u00e1c qu\u1ed1c gia s\u1eed d\u1ee5ng vi\u1ec7c thu h\u1ed3i th\u1ef1c ph\u1ea9m \u0111\u1ec3 gi\u1ea3m ph\u00e1t th\u1ea3i kh\u00ed metan v\u00e0 gi\u1ea3m b\u1edbt t\u00ecnh tr\u1ea1ng m\u1ea5t an ninh l\u01b0\u01a1ng th\u1ef1c nh\u01b0 th\u1ebf n\u00e0o.","robots":{"index":"index","follow":"follow","max-snippet":"max-snippet:-1","max-image-preview":"max-image-preview:large","max-video-preview":"max-video-preview:-1"},"canonical":"https:\/\/www.foodbanking.org\/vi\/mobilizing-food-systems-change\/leading-research-and-policy-recommendations\/frame-methane-methodology\/","og_locale":"vi_VN","og_type":"article","og_title":"FRAME: Food Recovery to Avoid Methane Emissions Methodology","og_description":"The Food Recovery to Avoid Methane Emissions (FRAME) methodology provides credible evidence that food banks help reduce emissions as well as food insecurity and can help countries achieve their climate goals while also reducing food insecurity.","og_url":"https:\/\/www.foodbanking.org\/vi\/mobilizing-food-systems-change\/leading-research-and-policy-recommendations\/frame-methane-methodology\/","og_site_name":"The Global FoodBanking Network","article_publisher":"https:\/\/www.facebook.com\/foodbanking","article_modified_time":"2025-04-16T13:00:49+00:00","og_image":[{"width":1280,"height":842,"url":"https:\/\/www.foodbanking.org\/wp-content\/uploads\/2024\/08\/FRAME-Cover-1.png","type":"image\/png"}],"twitter_card":"summary_large_image","twitter_title":"FRAME: Food Recovery to Avoid Methane Emissions Methodology","twitter_description":"The Food Recovery to Avoid Methane Emissions (FRAME) methodology provides credible evidence that food banks help reduce emissions as well as food insecurity and can help countries achieve their climate goals while also reducing food insecurity.","twitter_image":"https:\/\/www.foodbanking.org\/wp-content\/uploads\/2024\/08\/51043615438_b2a8592230_k-2.jpg","twitter_site":"@foodbanking","twitter_misc":{"\u01af\u1edbc t\u00ednh th\u1eddi gian \u0111\u1ecdc":"3 ph\u00fat"},"schema":{"@context":"https:\/\/schema.org","@graph":[{"@type":"WebPage","@id":"https:\/\/www.foodbanking.org\/mobilizing-food-systems-change\/leading-research-and-policy-recommendations\/frame-methane-methodology\/","url":"https:\/\/www.foodbanking.org\/mobilizing-food-systems-change\/leading-research-and-policy-recommendations\/frame-methane-methodology\/","name":"C\u00e1ch th\u1ee9c t\u00e1i ch\u1ebf th\u1ef1c ph\u1ea9m c\u00f3 th\u1ec3 gi\u1ea3m ph\u00e1t th\u1ea3i kh\u00ed metan | M\u1ea1ng l\u01b0\u1edbi Ng\u00e2n h\u00e0ng Th\u1ef1c ph\u1ea9m To\u00e0n c\u1ea7u","isPartOf":{"@id":"https:\/\/www.foodbanking.org\/#website"},"datePublished":"2024-08-13T20:26:24+00:00","dateModified":"2025-04-16T13:00:49+00:00","description":"H\u00e3y xem ph\u01b0\u01a1ng ph\u00e1p FRAME gi\u00fap c\u00e1c ng\u00e2n h\u00e0ng th\u1ef1c ph\u1ea9m v\u00e0 c\u00e1c qu\u1ed1c gia s\u1eed d\u1ee5ng vi\u1ec7c thu h\u1ed3i th\u1ef1c ph\u1ea9m \u0111\u1ec3 gi\u1ea3m ph\u00e1t th\u1ea3i kh\u00ed metan v\u00e0 gi\u1ea3m b\u1edbt t\u00ecnh tr\u1ea1ng m\u1ea5t an ninh l\u01b0\u01a1ng th\u1ef1c nh\u01b0 th\u1ebf n\u00e0o.","breadcrumb":{"@id":"https:\/\/www.foodbanking.org\/mobilizing-food-systems-change\/leading-research-and-policy-recommendations\/frame-methane-methodology\/#breadcrumb"},"inLanguage":"vi","potentialAction":[{"@type":"ReadAction","target":["https:\/\/www.foodbanking.org\/mobilizing-food-systems-change\/leading-research-and-policy-recommendations\/frame-methane-methodology\/"]}]},{"@type":"BreadcrumbList","@id":"https:\/\/www.foodbanking.org\/mobilizing-food-systems-change\/leading-research-and-policy-recommendations\/frame-methane-methodology\/#breadcrumb","itemListElement":[{"@type":"ListItem","position":1,"name":"Home","item":"https:\/\/www.foodbanking.org\/"},{"@type":"ListItem","position":2,"name":"Mobilizing Food Systems Change","item":"https:\/\/www.foodbanking.org\/mobilizing-food-systems-change\/"},{"@type":"ListItem","position":3,"name":"Leading Research and Policy Recommendations","item":"https:\/\/www.foodbanking.org\/mobilizing-food-systems-change\/leading-research-and-policy-recommendations\/"},{"@type":"ListItem","position":4,"name":"Methane Methodology"}]},{"@type":"WebSite","@id":"https:\/\/www.foodbanking.org\/#website","url":"https:\/\/www.foodbanking.org\/","name":"M\u1ea1ng l\u01b0\u1edbi Ng\u00e2n h\u00e0ng Th\u1ef1c ph\u1ea9m To\u00e0n c\u1ea7u","description":"","publisher":{"@id":"https:\/\/www.foodbanking.org\/#organization"},"alternateName":"GFN","potentialAction":[{"@type":"SearchAction","target":{"@type":"EntryPoint","urlTemplate":"https:\/\/www.foodbanking.org\/?s={search_term_string}"},"query-input":{"@type":"PropertyValueSpecification","valueRequired":true,"valueName":"search_term_string"}}],"inLanguage":"vi"},{"@type":"Organization","@id":"https:\/\/www.foodbanking.org\/#organization","name":"M\u1ea1ng l\u01b0\u1edbi Ng\u00e2n h\u00e0ng Th\u1ef1c ph\u1ea9m To\u00e0n c\u1ea7u","alternateName":"GFN","url":"https:\/\/www.foodbanking.org\/","logo":{"@type":"ImageObject","inLanguage":"vi","@id":"https:\/\/www.foodbanking.org\/#\/schema\/logo\/image\/","url":"https:\/\/www.foodbanking.org\/wp-content\/uploads\/2023\/05\/GFN_Logo_Teal.png","contentUrl":"https:\/\/www.foodbanking.org\/wp-content\/uploads\/2023\/05\/GFN_Logo_Teal.png","width":1000,"height":296,"caption":"The Global FoodBanking Network"},"image":{"@id":"https:\/\/www.foodbanking.org\/#\/schema\/logo\/image\/"},"sameAs":["https:\/\/www.facebook.com\/foodbanking","https:\/\/x.com\/foodbanking","https:\/\/www.instagram.com\/foodbanking","https:\/\/www.linkedin.com\/company\/the-global-foodbanking-network\/"],"ownershipFundingInfo":"https:\/\/www.foodbanking.org\/annual-reports-and-financials\/","actionableFeedbackPolicy":"https:\/\/www.foodbanking.org\/contact-us\/"}]}},"_links":{"self":[{"href":"https:\/\/www.foodbanking.org\/vi\/wp-json\/wp\/v2\/pages\/4792","targetHints":{"allow":["GET"]}}],"collection":[{"href":"https:\/\/www.foodbanking.org\/vi\/wp-json\/wp\/v2\/pages"}],"about":[{"href":"https:\/\/www.foodbanking.org\/vi\/wp-json\/wp\/v2\/types\/page"}],"author":[{"embeddable":true,"href":"https:\/\/www.foodbanking.org\/vi\/wp-json\/wp\/v2\/users\/17"}],"replies":[{"embeddable":true,"href":"https:\/\/www.foodbanking.org\/vi\/wp-json\/wp\/v2\/comments?post=4792"}],"version-history":[{"count":0,"href":"https:\/\/www.foodbanking.org\/vi\/wp-json\/wp\/v2\/pages\/4792\/revisions"}],"up":[{"embeddable":true,"href":"https:\/\/www.foodbanking.org\/vi\/wp-json\/wp\/v2\/pages\/750"}],"wp:attachment":[{"href":"https:\/\/www.foodbanking.org\/vi\/wp-json\/wp\/v2\/media?parent=4792"}],"curies":[{"name":"trang web","href":"https:\/\/api.w.org\/{rel}","templated":true}]}}