{"id":4729,"date":"2024-07-10T18:21:05","date_gmt":"2024-07-10T18:21:05","guid":{"rendered":"https:\/\/www.foodbanking.org\/?page_id=4729"},"modified":"2024-07-30T13:00:23","modified_gmt":"2024-07-30T13:00:23","slug":"network-activity-report-2023","status":"publish","type":"page","link":"https:\/\/www.foodbanking.org\/vi\/our-impact\/network-activity-report-2023\/","title":{"rendered":"B\u00e1o c\u00e1o ho\u1ea1t \u0111\u1ed9ng m\u1ea1ng l\u01b0\u1edbi n\u0103m 2023"},"content":{"rendered":"","protected":false},"excerpt":{"rendered":"","protected":false},"author":17,"featured_media":0,"parent":694,"menu_order":0,"comment_status":"closed","ping_status":"closed","template":"page-templates\/strategic-plan.php","meta":{"inline_featured_image":false,"footnotes":""},"class_list":["post-4729","page","type-page","status-publish","hentry"],"acf":[],"yoast_head":"<title>Food Banks Respond to Sustained Demand for Food Relief in 2023<\/title>\n<meta name=\"description\" content=\"Despite monumental challenges brought on by multiple crises, GFN member food banks connected 40 million people to food in 2023.\" \/>\n<meta name=\"robots\" content=\"index, follow, max-snippet:-1, max-image-preview:large, max-video-preview:-1\" \/>\n<link rel=\"canonical\" href=\"https:\/\/www.foodbanking.org\/vi\/our-impact\/network-activity-report-2023\/\" \/>\n<meta property=\"og:locale\" content=\"vi_VN\" \/>\n<meta property=\"og:type\" content=\"article\" \/>\n<meta property=\"og:title\" content=\"Food Banks Respond to Sustained Demand for Food Relief in 2023\" \/>\n<meta property=\"og:description\" content=\"Despite monumental challenges brought on by multiple crises, GFN member food banks connected 40 million people to food in 2023.\" \/>\n<meta property=\"og:url\" content=\"https:\/\/www.foodbanking.org\/vi\/our-impact\/network-activity-report-2023\/\" \/>\n<meta property=\"og:site_name\" content=\"The Global FoodBanking Network\" \/>\n<meta property=\"article:publisher\" content=\"https:\/\/www.facebook.com\/foodbanking\" \/>\n<meta property=\"article:modified_time\" content=\"2024-07-30T13:00:23+00:00\" \/>\n<meta property=\"og:image\" content=\"https:\/\/www.foodbanking.org\/wp-content\/uploads\/2024\/07\/53026124459_ce0dabebf1_c.jpg\" \/>\n\t<meta property=\"og:image:width\" content=\"800\" \/>\n\t<meta property=\"og:image:height\" content=\"534\" \/>\n\t<meta property=\"og:image:type\" content=\"image\/jpeg\" \/>\n<meta name=\"twitter:card\" content=\"summary_large_image\" \/>\n<meta name=\"twitter:title\" content=\"Food Banks Respond to Sustained Demand for Food Relief in 2023\" \/>\n<meta name=\"twitter:description\" content=\"Despite monumental challenges brought on by multiple crises, GFN member food banks connected 40 million people to food in 2023.\" \/>\n<meta name=\"twitter:image\" content=\"https:\/\/www.foodbanking.org\/wp-content\/uploads\/2024\/07\/53026124459_ce0dabebf1_c.jpg\" \/>\n<meta name=\"twitter:site\" content=\"@foodbanking\" \/>\n<meta name=\"twitter:label1\" content=\"\u01af\u1edbc t\u00ednh th\u1eddi gian \u0111\u1ecdc\" \/>\n\t<meta name=\"twitter:data1\" content=\"6 ph\u00fat\" \/>\n<script type=\"application\/ld+json\" class=\"yoast-schema-graph\">{\"@context\":\"https:\\\/\\\/schema.org\",\"@graph\":[{\"@type\":\"WebPage\",\"@id\":\"https:\\\/\\\/www.foodbanking.org\\\/our-impact\\\/network-activity-report-2023\\\/\",\"url\":\"https:\\\/\\\/www.foodbanking.org\\\/our-impact\\\/network-activity-report-2023\\\/\",\"name\":\"Food Banks Respond to Sustained Demand for Food Relief in 2023\",\"isPartOf\":{\"@id\":\"https:\\\/\\\/www.foodbanking.org\\\/#website\"},\"datePublished\":\"2024-07-10T18:21:05+00:00\",\"dateModified\":\"2024-07-30T13:00:23+00:00\",\"description\":\"Despite monumental challenges brought on by multiple crises, GFN member food banks connected 40 million people to food in 2023.\",\"breadcrumb\":{\"@id\":\"https:\\\/\\\/www.foodbanking.org\\\/our-impact\\\/network-activity-report-2023\\\/#breadcrumb\"},\"inLanguage\":\"vi\",\"potentialAction\":[{\"@type\":\"ReadAction\",\"target\":[\"https:\\\/\\\/www.foodbanking.org\\\/our-impact\\\/network-activity-report-2023\\\/\"]}]},{\"@type\":\"BreadcrumbList\",\"@id\":\"https:\\\/\\\/www.foodbanking.org\\\/our-impact\\\/network-activity-report-2023\\\/#breadcrumb\",\"itemListElement\":[{\"@type\":\"ListItem\",\"position\":1,\"name\":\"Home\",\"item\":\"https:\\\/\\\/www.foodbanking.org\\\/\"},{\"@type\":\"ListItem\",\"position\":2,\"name\":\"Our Impact\",\"item\":\"https:\\\/\\\/www.foodbanking.org\\\/our-impact\\\/\"},{\"@type\":\"ListItem\",\"position\":3,\"name\":\"Network Activity Report 2023\"}]},{\"@type\":\"WebSite\",\"@id\":\"https:\\\/\\\/www.foodbanking.org\\\/#website\",\"url\":\"https:\\\/\\\/www.foodbanking.org\\\/\",\"name\":\"The Global FoodBanking Network\",\"description\":\"\",\"publisher\":{\"@id\":\"https:\\\/\\\/www.foodbanking.org\\\/#organization\"},\"alternateName\":\"GFN\",\"potentialAction\":[{\"@type\":\"SearchAction\",\"target\":{\"@type\":\"EntryPoint\",\"urlTemplate\":\"https:\\\/\\\/www.foodbanking.org\\\/?s={search_term_string}\"},\"query-input\":{\"@type\":\"PropertyValueSpecification\",\"valueRequired\":true,\"valueName\":\"search_term_string\"}}],\"inLanguage\":\"vi\"},{\"@type\":\"Organization\",\"@id\":\"https:\\\/\\\/www.foodbanking.org\\\/#organization\",\"name\":\"The Global FoodBanking Network\",\"alternateName\":\"GFN\",\"url\":\"https:\\\/\\\/www.foodbanking.org\\\/\",\"logo\":{\"@type\":\"ImageObject\",\"inLanguage\":\"vi\",\"@id\":\"https:\\\/\\\/www.foodbanking.org\\\/#\\\/schema\\\/logo\\\/image\\\/\",\"url\":\"https:\\\/\\\/www.foodbanking.org\\\/wp-content\\\/uploads\\\/2023\\\/05\\\/GFN_Logo_Teal.png\",\"contentUrl\":\"https:\\\/\\\/www.foodbanking.org\\\/wp-content\\\/uploads\\\/2023\\\/05\\\/GFN_Logo_Teal.png\",\"width\":1000,\"height\":296,\"caption\":\"The Global FoodBanking Network\"},\"image\":{\"@id\":\"https:\\\/\\\/www.foodbanking.org\\\/#\\\/schema\\\/logo\\\/image\\\/\"},\"sameAs\":[\"https:\\\/\\\/www.facebook.com\\\/foodbanking\",\"https:\\\/\\\/x.com\\\/foodbanking\",\"https:\\\/\\\/www.instagram.com\\\/foodbanking\",\"https:\\\/\\\/www.linkedin.com\\\/company\\\/the-global-foodbanking-network\\\/\"],\"ownershipFundingInfo\":\"https:\\\/\\\/www.foodbanking.org\\\/annual-reports-and-financials\\\/\",\"actionableFeedbackPolicy\":\"https:\\\/\\\/www.foodbanking.org\\\/contact-us\\\/\"}]}<\/script>","yoast_head_json":{"title":"C\u00e1c ng\u00e2n h\u00e0ng th\u1ef1c ph\u1ea9m \u0111\u00e1p \u1ee9ng nhu c\u1ea7u c\u1ee9u tr\u1ee3 l\u01b0\u01a1ng th\u1ef1c li\u00ean t\u1ee5c trong n\u0103m 2023.","description":"B\u1ea5t ch\u1ea5p nh\u1eefng th\u00e1ch th\u1ee9c to l\u1edbn do nhi\u1ec1u cu\u1ed9c kh\u1ee7ng ho\u1ea3ng g\u00e2y ra, c\u00e1c ng\u00e2n h\u00e0ng th\u1ef1c ph\u1ea9m th\u00e0nh vi\u00ean c\u1ee7a GFN \u0111\u00e3 gi\u00fap 40 tri\u1ec7u ng\u01b0\u1eddi ti\u1ebfp c\u1eadn \u0111\u01b0\u1ee3c ngu\u1ed3n th\u1ef1c ph\u1ea9m trong n\u0103m 2023.","robots":{"index":"index","follow":"follow","max-snippet":"max-snippet:-1","max-image-preview":"max-image-preview:large","max-video-preview":"max-video-preview:-1"},"canonical":"https:\/\/www.foodbanking.org\/vi\/our-impact\/network-activity-report-2023\/","og_locale":"vi_VN","og_type":"article","og_title":"Food Banks Respond to Sustained Demand for Food Relief in 2023","og_description":"Despite monumental challenges brought on by multiple crises, GFN member food banks connected 40 million people to food in 2023.","og_url":"https:\/\/www.foodbanking.org\/vi\/our-impact\/network-activity-report-2023\/","og_site_name":"The Global FoodBanking Network","article_publisher":"https:\/\/www.facebook.com\/foodbanking","article_modified_time":"2024-07-30T13:00:23+00:00","og_image":[{"width":800,"height":534,"url":"https:\/\/www.foodbanking.org\/wp-content\/uploads\/2024\/07\/53026124459_ce0dabebf1_c.jpg","type":"image\/jpeg"}],"twitter_card":"summary_large_image","twitter_title":"Food Banks Respond to Sustained Demand for Food Relief in 2023","twitter_description":"Despite monumental challenges brought on by multiple crises, GFN member food banks connected 40 million people to food in 2023.","twitter_image":"https:\/\/www.foodbanking.org\/wp-content\/uploads\/2024\/07\/53026124459_ce0dabebf1_c.jpg","twitter_site":"@foodbanking","twitter_misc":{"\u01af\u1edbc t\u00ednh th\u1eddi gian \u0111\u1ecdc":"6 ph\u00fat"},"schema":{"@context":"https:\/\/schema.org","@graph":[{"@type":"WebPage","@id":"https:\/\/www.foodbanking.org\/our-impact\/network-activity-report-2023\/","url":"https:\/\/www.foodbanking.org\/our-impact\/network-activity-report-2023\/","name":"C\u00e1c ng\u00e2n h\u00e0ng th\u1ef1c ph\u1ea9m \u0111\u00e1p \u1ee9ng nhu c\u1ea7u c\u1ee9u tr\u1ee3 l\u01b0\u01a1ng th\u1ef1c li\u00ean t\u1ee5c trong n\u0103m 2023.","isPartOf":{"@id":"https:\/\/www.foodbanking.org\/#website"},"datePublished":"2024-07-10T18:21:05+00:00","dateModified":"2024-07-30T13:00:23+00:00","description":"B\u1ea5t ch\u1ea5p nh\u1eefng th\u00e1ch th\u1ee9c to l\u1edbn do nhi\u1ec1u cu\u1ed9c kh\u1ee7ng ho\u1ea3ng g\u00e2y ra, c\u00e1c ng\u00e2n h\u00e0ng th\u1ef1c ph\u1ea9m th\u00e0nh vi\u00ean c\u1ee7a GFN \u0111\u00e3 gi\u00fap 40 tri\u1ec7u ng\u01b0\u1eddi ti\u1ebfp c\u1eadn \u0111\u01b0\u1ee3c ngu\u1ed3n th\u1ef1c ph\u1ea9m trong n\u0103m 2023.","breadcrumb":{"@id":"https:\/\/www.foodbanking.org\/our-impact\/network-activity-report-2023\/#breadcrumb"},"inLanguage":"vi","potentialAction":[{"@type":"ReadAction","target":["https:\/\/www.foodbanking.org\/our-impact\/network-activity-report-2023\/"]}]},{"@type":"BreadcrumbList","@id":"https:\/\/www.foodbanking.org\/our-impact\/network-activity-report-2023\/#breadcrumb","itemListElement":[{"@type":"ListItem","position":1,"name":"Home","item":"https:\/\/www.foodbanking.org\/"},{"@type":"ListItem","position":2,"name":"Our Impact","item":"https:\/\/www.foodbanking.org\/our-impact\/"},{"@type":"ListItem","position":3,"name":"Network Activity Report 2023"}]},{"@type":"WebSite","@id":"https:\/\/www.foodbanking.org\/#website","url":"https:\/\/www.foodbanking.org\/","name":"M\u1ea1ng l\u01b0\u1edbi Ng\u00e2n h\u00e0ng Th\u1ef1c ph\u1ea9m To\u00e0n c\u1ea7u","description":"","publisher":{"@id":"https:\/\/www.foodbanking.org\/#organization"},"alternateName":"GFN","potentialAction":[{"@type":"SearchAction","target":{"@type":"EntryPoint","urlTemplate":"https:\/\/www.foodbanking.org\/?s={search_term_string}"},"query-input":{"@type":"PropertyValueSpecification","valueRequired":true,"valueName":"search_term_string"}}],"inLanguage":"vi"},{"@type":"Organization","@id":"https:\/\/www.foodbanking.org\/#organization","name":"M\u1ea1ng l\u01b0\u1edbi Ng\u00e2n h\u00e0ng Th\u1ef1c ph\u1ea9m To\u00e0n c\u1ea7u","alternateName":"GFN","url":"https:\/\/www.foodbanking.org\/","logo":{"@type":"ImageObject","inLanguage":"vi","@id":"https:\/\/www.foodbanking.org\/#\/schema\/logo\/image\/","url":"https:\/\/www.foodbanking.org\/wp-content\/uploads\/2023\/05\/GFN_Logo_Teal.png","contentUrl":"https:\/\/www.foodbanking.org\/wp-content\/uploads\/2023\/05\/GFN_Logo_Teal.png","width":1000,"height":296,"caption":"The Global FoodBanking Network"},"image":{"@id":"https:\/\/www.foodbanking.org\/#\/schema\/logo\/image\/"},"sameAs":["https:\/\/www.facebook.com\/foodbanking","https:\/\/x.com\/foodbanking","https:\/\/www.instagram.com\/foodbanking","https:\/\/www.linkedin.com\/company\/the-global-foodbanking-network\/"],"ownershipFundingInfo":"https:\/\/www.foodbanking.org\/annual-reports-and-financials\/","actionableFeedbackPolicy":"https:\/\/www.foodbanking.org\/contact-us\/"}]}},"_links":{"self":[{"href":"https:\/\/www.foodbanking.org\/vi\/wp-json\/wp\/v2\/pages\/4729","targetHints":{"allow":["GET"]}}],"collection":[{"href":"https:\/\/www.foodbanking.org\/vi\/wp-json\/wp\/v2\/pages"}],"about":[{"href":"https:\/\/www.foodbanking.org\/vi\/wp-json\/wp\/v2\/types\/page"}],"author":[{"embeddable":true,"href":"https:\/\/www.foodbanking.org\/vi\/wp-json\/wp\/v2\/users\/17"}],"replies":[{"embeddable":true,"href":"https:\/\/www.foodbanking.org\/vi\/wp-json\/wp\/v2\/comments?post=4729"}],"version-history":[{"count":0,"href":"https:\/\/www.foodbanking.org\/vi\/wp-json\/wp\/v2\/pages\/4729\/revisions"}],"up":[{"embeddable":true,"href":"https:\/\/www.foodbanking.org\/vi\/wp-json\/wp\/v2\/pages\/694"}],"wp:attachment":[{"href":"https:\/\/www.foodbanking.org\/vi\/wp-json\/wp\/v2\/media?parent=4729"}],"curies":[{"name":"trang web","href":"https:\/\/api.w.org\/{rel}","templated":true}]}}