{"id":4728,"date":"2024-07-10T17:50:43","date_gmt":"2024-07-10T17:50:43","guid":{"rendered":"https:\/\/www.foodbanking.org\/?page_id=4728"},"modified":"2024-07-10T17:53:49","modified_gmt":"2024-07-10T17:53:49","slug":"our-impact-staging","status":"publish","type":"page","link":"https:\/\/www.foodbanking.org\/vi\/our-impact-staging\/","title":{"rendered":"T\u00e1c \u0111\u1ed9ng c\u1ee7a ch\u00fang t\u00f4i \u2013 D\u00e0n d\u1ef1ng"},"content":{"rendered":"","protected":false},"excerpt":{"rendered":"","protected":false},"author":17,"featured_media":0,"parent":0,"menu_order":0,"comment_status":"closed","ping_status":"closed","template":"page-templates\/our-impact.php","meta":{"inline_featured_image":false,"footnotes":""},"class_list":["post-4728","page","type-page","status-publish","hentry"],"acf":[],"yoast_head":"<title>Our Impact - STAGING | The Global FoodBanking Network<\/title>\n<meta name=\"description\" content=\"By powering the ideas and innovations of local leaders, GFN helps move our food systems toward efficiency, inclusiveness, and sustainability.\" \/>\n<meta name=\"robots\" content=\"index, follow, max-snippet:-1, max-image-preview:large, max-video-preview:-1\" \/>\n<link rel=\"canonical\" href=\"https:\/\/www.foodbanking.org\/vi\/our-impact-staging\/\" \/>\n<meta property=\"og:locale\" content=\"vi_VN\" \/>\n<meta property=\"og:type\" content=\"article\" \/>\n<meta property=\"og:title\" content=\"Our Impact: The Global FoodBanking Network\" \/>\n<meta property=\"og:description\" content=\"By powering the ideas and innovations of local leaders, GFN helps move our food systems toward efficiency, inclusiveness, and sustainability.\" \/>\n<meta property=\"og:url\" content=\"https:\/\/www.foodbanking.org\/vi\/our-impact-staging\/\" \/>\n<meta property=\"og:site_name\" content=\"The Global FoodBanking Network\" \/>\n<meta property=\"article:publisher\" content=\"https:\/\/www.facebook.com\/foodbanking\" \/>\n<meta property=\"article:modified_time\" content=\"2024-07-10T17:53:49+00:00\" \/>\n<meta property=\"og:image\" content=\"https:\/\/www.foodbanking.org\/wp-content\/uploads\/2022\/12\/50953366577_824cff3872_k-3.jpg\" \/>\n\t<meta property=\"og:image:width\" content=\"2048\" \/>\n\t<meta property=\"og:image:height\" content=\"1366\" \/>\n\t<meta property=\"og:image:type\" content=\"image\/jpeg\" \/>\n<meta name=\"twitter:card\" content=\"summary_large_image\" \/>\n<meta name=\"twitter:title\" content=\"Our Impact: The Global FoodBanking Network\" \/>\n<meta name=\"twitter:description\" content=\"By powering the ideas and innovations of local leaders, GFN helps move our food systems toward efficiency, inclusiveness, and sustainability.\" \/>\n<meta name=\"twitter:image\" content=\"https:\/\/www.foodbanking.org\/wp-content\/uploads\/2022\/12\/50953366577_824cff3872_k-3.jpg\" \/>\n<meta name=\"twitter:site\" content=\"@foodbanking\" \/>\n<meta name=\"twitter:label1\" content=\"\u01af\u1edbc t\u00ednh th\u1eddi gian \u0111\u1ecdc\" \/>\n\t<meta name=\"twitter:data1\" content=\"4 ph\u00fat\" \/>\n<script type=\"application\/ld+json\" class=\"yoast-schema-graph\">{\"@context\":\"https:\\\/\\\/schema.org\",\"@graph\":[{\"@type\":\"WebPage\",\"@id\":\"https:\\\/\\\/www.foodbanking.org\\\/our-impact-staging\\\/\",\"url\":\"https:\\\/\\\/www.foodbanking.org\\\/our-impact-staging\\\/\",\"name\":\"Our Impact - STAGING | The Global FoodBanking Network\",\"isPartOf\":{\"@id\":\"https:\\\/\\\/www.foodbanking.org\\\/#website\"},\"datePublished\":\"2024-07-10T17:50:43+00:00\",\"dateModified\":\"2024-07-10T17:53:49+00:00\",\"description\":\"By powering the ideas and innovations of local leaders, GFN helps move our food systems toward efficiency, inclusiveness, and sustainability.\",\"breadcrumb\":{\"@id\":\"https:\\\/\\\/www.foodbanking.org\\\/our-impact-staging\\\/#breadcrumb\"},\"inLanguage\":\"vi\",\"potentialAction\":[{\"@type\":\"ReadAction\",\"target\":[\"https:\\\/\\\/www.foodbanking.org\\\/our-impact-staging\\\/\"]}]},{\"@type\":\"BreadcrumbList\",\"@id\":\"https:\\\/\\\/www.foodbanking.org\\\/our-impact-staging\\\/#breadcrumb\",\"itemListElement\":[{\"@type\":\"ListItem\",\"position\":1,\"name\":\"Home\",\"item\":\"https:\\\/\\\/www.foodbanking.org\\\/\"},{\"@type\":\"ListItem\",\"position\":2,\"name\":\"Our Impact &#8211; STAGING\"}]},{\"@type\":\"WebSite\",\"@id\":\"https:\\\/\\\/www.foodbanking.org\\\/#website\",\"url\":\"https:\\\/\\\/www.foodbanking.org\\\/\",\"name\":\"The Global FoodBanking Network\",\"description\":\"\",\"publisher\":{\"@id\":\"https:\\\/\\\/www.foodbanking.org\\\/#organization\"},\"alternateName\":\"GFN\",\"potentialAction\":[{\"@type\":\"SearchAction\",\"target\":{\"@type\":\"EntryPoint\",\"urlTemplate\":\"https:\\\/\\\/www.foodbanking.org\\\/?s={search_term_string}\"},\"query-input\":{\"@type\":\"PropertyValueSpecification\",\"valueRequired\":true,\"valueName\":\"search_term_string\"}}],\"inLanguage\":\"vi\"},{\"@type\":\"Organization\",\"@id\":\"https:\\\/\\\/www.foodbanking.org\\\/#organization\",\"name\":\"The Global FoodBanking Network\",\"alternateName\":\"GFN\",\"url\":\"https:\\\/\\\/www.foodbanking.org\\\/\",\"logo\":{\"@type\":\"ImageObject\",\"inLanguage\":\"vi\",\"@id\":\"https:\\\/\\\/www.foodbanking.org\\\/#\\\/schema\\\/logo\\\/image\\\/\",\"url\":\"https:\\\/\\\/www.foodbanking.org\\\/wp-content\\\/uploads\\\/2023\\\/05\\\/GFN_Logo_Teal.png\",\"contentUrl\":\"https:\\\/\\\/www.foodbanking.org\\\/wp-content\\\/uploads\\\/2023\\\/05\\\/GFN_Logo_Teal.png\",\"width\":1000,\"height\":296,\"caption\":\"The Global FoodBanking Network\"},\"image\":{\"@id\":\"https:\\\/\\\/www.foodbanking.org\\\/#\\\/schema\\\/logo\\\/image\\\/\"},\"sameAs\":[\"https:\\\/\\\/www.facebook.com\\\/foodbanking\",\"https:\\\/\\\/x.com\\\/foodbanking\",\"https:\\\/\\\/www.instagram.com\\\/foodbanking\",\"https:\\\/\\\/www.linkedin.com\\\/company\\\/the-global-foodbanking-network\\\/\"],\"ownershipFundingInfo\":\"https:\\\/\\\/www.foodbanking.org\\\/annual-reports-and-financials\\\/\",\"actionableFeedbackPolicy\":\"https:\\\/\\\/www.foodbanking.org\\\/contact-us\\\/\"}]}<\/script>","yoast_head_json":{"title":"T\u00e1c \u0111\u1ed9ng c\u1ee7a ch\u00fang t\u00f4i - STAGING | M\u1ea1ng l\u01b0\u1edbi Ng\u00e2n h\u00e0ng Th\u1ef1c ph\u1ea9m To\u00e0n c\u1ea7u","description":"B\u1eb1ng c\u00e1ch th\u00fac \u0111\u1ea9y c\u00e1c \u00fd t\u01b0\u1edfng v\u00e0 \u0111\u1ed5i m\u1edbi c\u1ee7a c\u00e1c nh\u00e0 l\u00e3nh \u0111\u1ea1o \u0111\u1ecba ph\u01b0\u01a1ng, GFN gi\u00fap \u0111\u01b0a h\u1ec7 th\u1ed1ng l\u01b0\u01a1ng th\u1ef1c c\u1ee7a ch\u00fang ta h\u01b0\u1edbng t\u1edbi hi\u1ec7u qu\u1ea3, t\u00ednh to\u00e0n di\u1ec7n v\u00e0 t\u00ednh b\u1ec1n v\u1eefng.","robots":{"index":"index","follow":"follow","max-snippet":"max-snippet:-1","max-image-preview":"max-image-preview:large","max-video-preview":"max-video-preview:-1"},"canonical":"https:\/\/www.foodbanking.org\/vi\/our-impact-staging\/","og_locale":"vi_VN","og_type":"article","og_title":"Our Impact: The Global FoodBanking Network","og_description":"By powering the ideas and innovations of local leaders, GFN helps move our food systems toward efficiency, inclusiveness, and sustainability.","og_url":"https:\/\/www.foodbanking.org\/vi\/our-impact-staging\/","og_site_name":"The Global FoodBanking Network","article_publisher":"https:\/\/www.facebook.com\/foodbanking","article_modified_time":"2024-07-10T17:53:49+00:00","og_image":[{"width":2048,"height":1366,"url":"https:\/\/www.foodbanking.org\/wp-content\/uploads\/2022\/12\/50953366577_824cff3872_k-3.jpg","type":"image\/jpeg"}],"twitter_card":"summary_large_image","twitter_title":"Our Impact: The Global FoodBanking Network","twitter_description":"By powering the ideas and innovations of local leaders, GFN helps move our food systems toward efficiency, inclusiveness, and sustainability.","twitter_image":"https:\/\/www.foodbanking.org\/wp-content\/uploads\/2022\/12\/50953366577_824cff3872_k-3.jpg","twitter_site":"@foodbanking","twitter_misc":{"\u01af\u1edbc t\u00ednh th\u1eddi gian \u0111\u1ecdc":"4 ph\u00fat"},"schema":{"@context":"https:\/\/schema.org","@graph":[{"@type":"WebPage","@id":"https:\/\/www.foodbanking.org\/our-impact-staging\/","url":"https:\/\/www.foodbanking.org\/our-impact-staging\/","name":"T\u00e1c \u0111\u1ed9ng c\u1ee7a ch\u00fang t\u00f4i - STAGING | M\u1ea1ng l\u01b0\u1edbi Ng\u00e2n h\u00e0ng Th\u1ef1c ph\u1ea9m To\u00e0n c\u1ea7u","isPartOf":{"@id":"https:\/\/www.foodbanking.org\/#website"},"datePublished":"2024-07-10T17:50:43+00:00","dateModified":"2024-07-10T17:53:49+00:00","description":"B\u1eb1ng c\u00e1ch th\u00fac \u0111\u1ea9y c\u00e1c \u00fd t\u01b0\u1edfng v\u00e0 \u0111\u1ed5i m\u1edbi c\u1ee7a c\u00e1c nh\u00e0 l\u00e3nh \u0111\u1ea1o \u0111\u1ecba ph\u01b0\u01a1ng, GFN gi\u00fap \u0111\u01b0a h\u1ec7 th\u1ed1ng l\u01b0\u01a1ng th\u1ef1c c\u1ee7a ch\u00fang ta h\u01b0\u1edbng t\u1edbi hi\u1ec7u qu\u1ea3, t\u00ednh to\u00e0n di\u1ec7n v\u00e0 t\u00ednh b\u1ec1n v\u1eefng.","breadcrumb":{"@id":"https:\/\/www.foodbanking.org\/our-impact-staging\/#breadcrumb"},"inLanguage":"vi","potentialAction":[{"@type":"ReadAction","target":["https:\/\/www.foodbanking.org\/our-impact-staging\/"]}]},{"@type":"BreadcrumbList","@id":"https:\/\/www.foodbanking.org\/our-impact-staging\/#breadcrumb","itemListElement":[{"@type":"ListItem","position":1,"name":"Home","item":"https:\/\/www.foodbanking.org\/"},{"@type":"ListItem","position":2,"name":"Our Impact &#8211; STAGING"}]},{"@type":"WebSite","@id":"https:\/\/www.foodbanking.org\/#website","url":"https:\/\/www.foodbanking.org\/","name":"M\u1ea1ng l\u01b0\u1edbi Ng\u00e2n h\u00e0ng Th\u1ef1c ph\u1ea9m To\u00e0n c\u1ea7u","description":"","publisher":{"@id":"https:\/\/www.foodbanking.org\/#organization"},"alternateName":"GFN","potentialAction":[{"@type":"SearchAction","target":{"@type":"EntryPoint","urlTemplate":"https:\/\/www.foodbanking.org\/?s={search_term_string}"},"query-input":{"@type":"PropertyValueSpecification","valueRequired":true,"valueName":"search_term_string"}}],"inLanguage":"vi"},{"@type":"Organization","@id":"https:\/\/www.foodbanking.org\/#organization","name":"M\u1ea1ng l\u01b0\u1edbi Ng\u00e2n h\u00e0ng Th\u1ef1c ph\u1ea9m To\u00e0n c\u1ea7u","alternateName":"GFN","url":"https:\/\/www.foodbanking.org\/","logo":{"@type":"ImageObject","inLanguage":"vi","@id":"https:\/\/www.foodbanking.org\/#\/schema\/logo\/image\/","url":"https:\/\/www.foodbanking.org\/wp-content\/uploads\/2023\/05\/GFN_Logo_Teal.png","contentUrl":"https:\/\/www.foodbanking.org\/wp-content\/uploads\/2023\/05\/GFN_Logo_Teal.png","width":1000,"height":296,"caption":"The Global FoodBanking Network"},"image":{"@id":"https:\/\/www.foodbanking.org\/#\/schema\/logo\/image\/"},"sameAs":["https:\/\/www.facebook.com\/foodbanking","https:\/\/x.com\/foodbanking","https:\/\/www.instagram.com\/foodbanking","https:\/\/www.linkedin.com\/company\/the-global-foodbanking-network\/"],"ownershipFundingInfo":"https:\/\/www.foodbanking.org\/annual-reports-and-financials\/","actionableFeedbackPolicy":"https:\/\/www.foodbanking.org\/contact-us\/"}]}},"_links":{"self":[{"href":"https:\/\/www.foodbanking.org\/vi\/wp-json\/wp\/v2\/pages\/4728","targetHints":{"allow":["GET"]}}],"collection":[{"href":"https:\/\/www.foodbanking.org\/vi\/wp-json\/wp\/v2\/pages"}],"about":[{"href":"https:\/\/www.foodbanking.org\/vi\/wp-json\/wp\/v2\/types\/page"}],"author":[{"embeddable":true,"href":"https:\/\/www.foodbanking.org\/vi\/wp-json\/wp\/v2\/users\/17"}],"replies":[{"embeddable":true,"href":"https:\/\/www.foodbanking.org\/vi\/wp-json\/wp\/v2\/comments?post=4728"}],"version-history":[{"count":0,"href":"https:\/\/www.foodbanking.org\/vi\/wp-json\/wp\/v2\/pages\/4728\/revisions"}],"wp:attachment":[{"href":"https:\/\/www.foodbanking.org\/vi\/wp-json\/wp\/v2\/media?parent=4728"}],"curies":[{"name":"trang web","href":"https:\/\/api.w.org\/{rel}","templated":true}]}}