{"id":4017,"date":"2023-12-19T20:28:30","date_gmt":"2023-12-19T20:28:30","guid":{"rendered":"https:\/\/www.foodbanking.org\/?page_id=4017"},"modified":"2024-05-13T15:49:40","modified_gmt":"2024-05-13T15:49:40","slug":"rockefeller-gfn-address-cost-of-living","status":"publish","type":"page","link":"https:\/\/www.foodbanking.org\/vi\/rockefeller-gfn-address-cost-of-living\/","title":{"rendered":"Kho\u1ea3n t\u00e0i tr\u1ee3 c\u1ee7a Rockefeller gi\u00fap GFN v\u00e0 c\u00e1c ng\u00e2n h\u00e0ng th\u1ef1c ph\u1ea9m gi\u1ea3i quy\u1ebft cu\u1ed9c kh\u1ee7ng ho\u1ea3ng chi ph\u00ed sinh ho\u1ea1t"},"content":{"rendered":"","protected":false},"excerpt":{"rendered":"","protected":false},"author":17,"featured_media":0,"parent":0,"menu_order":0,"comment_status":"closed","ping_status":"closed","template":"page-templates\/strategic-plan.php","meta":{"inline_featured_image":false,"footnotes":""},"class_list":["post-4017","page","type-page","status-publish","hentry"],"acf":[],"yoast_head":"<title>Rockefeller Grant Helps GFN, Food Banks Address Cost-of-Living Crisis | The Global FoodBanking Network<\/title>\n<meta name=\"description\" content=\"In May 2023, The Rockefeller Foundation granted $2.8 million to GFN to address food insecurity and reduce food loss and waste in 10 countries across Africa, Asia, and Latin America.\" \/>\n<meta name=\"robots\" content=\"index, follow, max-snippet:-1, max-image-preview:large, max-video-preview:-1\" \/>\n<link rel=\"canonical\" href=\"https:\/\/www.foodbanking.org\/vi\/rockefeller-gfn-address-cost-of-living\/\" \/>\n<meta property=\"og:locale\" content=\"vi_VN\" \/>\n<meta property=\"og:type\" content=\"article\" \/>\n<meta property=\"og:title\" content=\"Rockefeller Grant Helps GFN, Food Banks Address Cost-of-Living Crisis\" \/>\n<meta property=\"og:description\" content=\"In May 2023, The Rockefeller Foundation granted $2.8 million to GFN to address food insecurity and reduce food loss and waste in 10 countries across Africa, Asia, and Latin America.\" \/>\n<meta property=\"og:url\" content=\"https:\/\/www.foodbanking.org\/vi\/rockefeller-gfn-address-cost-of-living\/\" \/>\n<meta property=\"og:site_name\" content=\"The Global FoodBanking Network\" \/>\n<meta property=\"article:publisher\" content=\"https:\/\/www.facebook.com\/foodbanking\" \/>\n<meta property=\"article:modified_time\" content=\"2024-05-13T15:49:40+00:00\" \/>\n<meta property=\"og:image\" content=\"https:\/\/www.foodbanking.org\/wp-content\/uploads\/2024\/02\/53531097512_ee7045645b_c.jpg\" \/>\n\t<meta property=\"og:image:width\" content=\"799\" \/>\n\t<meta property=\"og:image:height\" content=\"533\" \/>\n\t<meta property=\"og:image:type\" content=\"image\/jpeg\" \/>\n<meta name=\"twitter:card\" content=\"summary_large_image\" \/>\n<meta name=\"twitter:title\" content=\"Rockefeller Grant Helps GFN, Food Banks Address Cost-of-Living Crisis\" \/>\n<meta name=\"twitter:image\" content=\"https:\/\/www.foodbanking.org\/wp-content\/uploads\/2024\/02\/53531097512_ee7045645b_c.jpg\" \/>\n<meta name=\"twitter:site\" content=\"@foodbanking\" \/>\n<meta name=\"twitter:label1\" content=\"\u01af\u1edbc t\u00ednh th\u1eddi gian \u0111\u1ecdc\" \/>\n\t<meta name=\"twitter:data1\" content=\"6 ph\u00fat\" \/>\n<script type=\"application\/ld+json\" class=\"yoast-schema-graph\">{\"@context\":\"https:\\\/\\\/schema.org\",\"@graph\":[{\"@type\":\"WebPage\",\"@id\":\"https:\\\/\\\/www.foodbanking.org\\\/rockefeller-gfn-address-cost-of-living\\\/\",\"url\":\"https:\\\/\\\/www.foodbanking.org\\\/rockefeller-gfn-address-cost-of-living\\\/\",\"name\":\"Rockefeller Grant Helps GFN, Food Banks Address Cost-of-Living Crisis | The Global FoodBanking Network\",\"isPartOf\":{\"@id\":\"https:\\\/\\\/www.foodbanking.org\\\/#website\"},\"datePublished\":\"2023-12-19T20:28:30+00:00\",\"dateModified\":\"2024-05-13T15:49:40+00:00\",\"description\":\"In May 2023, The Rockefeller Foundation granted $2.8 million to GFN to address food insecurity and reduce food loss and waste in 10 countries across Africa, Asia, and Latin America.\",\"breadcrumb\":{\"@id\":\"https:\\\/\\\/www.foodbanking.org\\\/rockefeller-gfn-address-cost-of-living\\\/#breadcrumb\"},\"inLanguage\":\"vi\",\"potentialAction\":[{\"@type\":\"ReadAction\",\"target\":[\"https:\\\/\\\/www.foodbanking.org\\\/rockefeller-gfn-address-cost-of-living\\\/\"]}]},{\"@type\":\"BreadcrumbList\",\"@id\":\"https:\\\/\\\/www.foodbanking.org\\\/rockefeller-gfn-address-cost-of-living\\\/#breadcrumb\",\"itemListElement\":[{\"@type\":\"ListItem\",\"position\":1,\"name\":\"Home\",\"item\":\"https:\\\/\\\/www.foodbanking.org\\\/\"},{\"@type\":\"ListItem\",\"position\":2,\"name\":\"Rockefeller Grant Helps GFN, Food Banks Address Cost-of-Living Crisis\"}]},{\"@type\":\"WebSite\",\"@id\":\"https:\\\/\\\/www.foodbanking.org\\\/#website\",\"url\":\"https:\\\/\\\/www.foodbanking.org\\\/\",\"name\":\"The Global FoodBanking Network\",\"description\":\"\",\"publisher\":{\"@id\":\"https:\\\/\\\/www.foodbanking.org\\\/#organization\"},\"alternateName\":\"GFN\",\"potentialAction\":[{\"@type\":\"SearchAction\",\"target\":{\"@type\":\"EntryPoint\",\"urlTemplate\":\"https:\\\/\\\/www.foodbanking.org\\\/?s={search_term_string}\"},\"query-input\":{\"@type\":\"PropertyValueSpecification\",\"valueRequired\":true,\"valueName\":\"search_term_string\"}}],\"inLanguage\":\"vi\"},{\"@type\":\"Organization\",\"@id\":\"https:\\\/\\\/www.foodbanking.org\\\/#organization\",\"name\":\"The Global FoodBanking Network\",\"alternateName\":\"GFN\",\"url\":\"https:\\\/\\\/www.foodbanking.org\\\/\",\"logo\":{\"@type\":\"ImageObject\",\"inLanguage\":\"vi\",\"@id\":\"https:\\\/\\\/www.foodbanking.org\\\/#\\\/schema\\\/logo\\\/image\\\/\",\"url\":\"https:\\\/\\\/www.foodbanking.org\\\/wp-content\\\/uploads\\\/2023\\\/05\\\/GFN_Logo_Teal.png\",\"contentUrl\":\"https:\\\/\\\/www.foodbanking.org\\\/wp-content\\\/uploads\\\/2023\\\/05\\\/GFN_Logo_Teal.png\",\"width\":1000,\"height\":296,\"caption\":\"The Global FoodBanking Network\"},\"image\":{\"@id\":\"https:\\\/\\\/www.foodbanking.org\\\/#\\\/schema\\\/logo\\\/image\\\/\"},\"sameAs\":[\"https:\\\/\\\/www.facebook.com\\\/foodbanking\",\"https:\\\/\\\/x.com\\\/foodbanking\",\"https:\\\/\\\/www.instagram.com\\\/foodbanking\",\"https:\\\/\\\/www.linkedin.com\\\/company\\\/the-global-foodbanking-network\\\/\"],\"ownershipFundingInfo\":\"https:\\\/\\\/www.foodbanking.org\\\/annual-reports-and-financials\\\/\",\"actionableFeedbackPolicy\":\"https:\\\/\\\/www.foodbanking.org\\\/contact-us\\\/\"}]}<\/script>","yoast_head_json":{"title":"Qu\u1ef9 Rockefeller t\u00e0i tr\u1ee3 gi\u00fap GFN v\u00e0 c\u00e1c ng\u00e2n h\u00e0ng th\u1ef1c ph\u1ea9m gi\u1ea3i quy\u1ebft kh\u1ee7ng ho\u1ea3ng chi ph\u00ed sinh ho\u1ea1t | M\u1ea1ng l\u01b0\u1edbi Ng\u00e2n h\u00e0ng Th\u1ef1c ph\u1ea9m To\u00e0n c\u1ea7u","description":"V\u00e0o th\u00e1ng 5 n\u0103m 2023, Qu\u1ef9 Rockefeller \u0111\u00e3 t\u00e0i tr\u1ee3 $2,8 tri\u1ec7u cho GFN \u0111\u1ec3 gi\u1ea3i quy\u1ebft t\u00ecnh tr\u1ea1ng m\u1ea5t an ninh l\u01b0\u01a1ng th\u1ef1c v\u00e0 gi\u1ea3m th\u1ea5t tho\u00e1t v\u00e0 l\u00e3ng ph\u00ed th\u1ef1c ph\u1ea9m t\u1ea1i 10 qu\u1ed1c gia tr\u00ean kh\u1eafp Ch\u00e2u Phi, Ch\u00e2u \u00c1 v\u00e0 Ch\u00e2u M\u1ef9 Latinh.","robots":{"index":"index","follow":"follow","max-snippet":"max-snippet:-1","max-image-preview":"max-image-preview:large","max-video-preview":"max-video-preview:-1"},"canonical":"https:\/\/www.foodbanking.org\/vi\/rockefeller-gfn-address-cost-of-living\/","og_locale":"vi_VN","og_type":"article","og_title":"Rockefeller Grant Helps GFN, Food Banks Address Cost-of-Living Crisis","og_description":"In May 2023, The Rockefeller Foundation granted $2.8 million to GFN to address food insecurity and reduce food loss and waste in 10 countries across Africa, Asia, and Latin America.","og_url":"https:\/\/www.foodbanking.org\/vi\/rockefeller-gfn-address-cost-of-living\/","og_site_name":"The Global FoodBanking Network","article_publisher":"https:\/\/www.facebook.com\/foodbanking","article_modified_time":"2024-05-13T15:49:40+00:00","og_image":[{"width":799,"height":533,"url":"https:\/\/www.foodbanking.org\/wp-content\/uploads\/2024\/02\/53531097512_ee7045645b_c.jpg","type":"image\/jpeg"}],"twitter_card":"summary_large_image","twitter_title":"Rockefeller Grant Helps GFN, Food Banks Address Cost-of-Living Crisis","twitter_image":"https:\/\/www.foodbanking.org\/wp-content\/uploads\/2024\/02\/53531097512_ee7045645b_c.jpg","twitter_site":"@foodbanking","twitter_misc":{"\u01af\u1edbc t\u00ednh th\u1eddi gian \u0111\u1ecdc":"6 ph\u00fat"},"schema":{"@context":"https:\/\/schema.org","@graph":[{"@type":"WebPage","@id":"https:\/\/www.foodbanking.org\/rockefeller-gfn-address-cost-of-living\/","url":"https:\/\/www.foodbanking.org\/rockefeller-gfn-address-cost-of-living\/","name":"Qu\u1ef9 Rockefeller t\u00e0i tr\u1ee3 gi\u00fap GFN v\u00e0 c\u00e1c ng\u00e2n h\u00e0ng th\u1ef1c ph\u1ea9m gi\u1ea3i quy\u1ebft kh\u1ee7ng ho\u1ea3ng chi ph\u00ed sinh ho\u1ea1t | M\u1ea1ng l\u01b0\u1edbi Ng\u00e2n h\u00e0ng Th\u1ef1c ph\u1ea9m To\u00e0n c\u1ea7u","isPartOf":{"@id":"https:\/\/www.foodbanking.org\/#website"},"datePublished":"2023-12-19T20:28:30+00:00","dateModified":"2024-05-13T15:49:40+00:00","description":"V\u00e0o th\u00e1ng 5 n\u0103m 2023, Qu\u1ef9 Rockefeller \u0111\u00e3 t\u00e0i tr\u1ee3 $2,8 tri\u1ec7u cho GFN \u0111\u1ec3 gi\u1ea3i quy\u1ebft t\u00ecnh tr\u1ea1ng m\u1ea5t an ninh l\u01b0\u01a1ng th\u1ef1c v\u00e0 gi\u1ea3m th\u1ea5t tho\u00e1t v\u00e0 l\u00e3ng ph\u00ed th\u1ef1c ph\u1ea9m t\u1ea1i 10 qu\u1ed1c gia tr\u00ean kh\u1eafp Ch\u00e2u Phi, Ch\u00e2u \u00c1 v\u00e0 Ch\u00e2u M\u1ef9 Latinh.","breadcrumb":{"@id":"https:\/\/www.foodbanking.org\/rockefeller-gfn-address-cost-of-living\/#breadcrumb"},"inLanguage":"vi","potentialAction":[{"@type":"ReadAction","target":["https:\/\/www.foodbanking.org\/rockefeller-gfn-address-cost-of-living\/"]}]},{"@type":"BreadcrumbList","@id":"https:\/\/www.foodbanking.org\/rockefeller-gfn-address-cost-of-living\/#breadcrumb","itemListElement":[{"@type":"ListItem","position":1,"name":"Home","item":"https:\/\/www.foodbanking.org\/"},{"@type":"ListItem","position":2,"name":"Rockefeller Grant Helps GFN, Food Banks Address Cost-of-Living Crisis"}]},{"@type":"WebSite","@id":"https:\/\/www.foodbanking.org\/#website","url":"https:\/\/www.foodbanking.org\/","name":"M\u1ea1ng l\u01b0\u1edbi Ng\u00e2n h\u00e0ng Th\u1ef1c ph\u1ea9m To\u00e0n c\u1ea7u","description":"","publisher":{"@id":"https:\/\/www.foodbanking.org\/#organization"},"alternateName":"GFN","potentialAction":[{"@type":"SearchAction","target":{"@type":"EntryPoint","urlTemplate":"https:\/\/www.foodbanking.org\/?s={search_term_string}"},"query-input":{"@type":"PropertyValueSpecification","valueRequired":true,"valueName":"search_term_string"}}],"inLanguage":"vi"},{"@type":"Organization","@id":"https:\/\/www.foodbanking.org\/#organization","name":"M\u1ea1ng l\u01b0\u1edbi Ng\u00e2n h\u00e0ng Th\u1ef1c ph\u1ea9m To\u00e0n c\u1ea7u","alternateName":"GFN","url":"https:\/\/www.foodbanking.org\/","logo":{"@type":"ImageObject","inLanguage":"vi","@id":"https:\/\/www.foodbanking.org\/#\/schema\/logo\/image\/","url":"https:\/\/www.foodbanking.org\/wp-content\/uploads\/2023\/05\/GFN_Logo_Teal.png","contentUrl":"https:\/\/www.foodbanking.org\/wp-content\/uploads\/2023\/05\/GFN_Logo_Teal.png","width":1000,"height":296,"caption":"The Global FoodBanking Network"},"image":{"@id":"https:\/\/www.foodbanking.org\/#\/schema\/logo\/image\/"},"sameAs":["https:\/\/www.facebook.com\/foodbanking","https:\/\/x.com\/foodbanking","https:\/\/www.instagram.com\/foodbanking","https:\/\/www.linkedin.com\/company\/the-global-foodbanking-network\/"],"ownershipFundingInfo":"https:\/\/www.foodbanking.org\/annual-reports-and-financials\/","actionableFeedbackPolicy":"https:\/\/www.foodbanking.org\/contact-us\/"}]}},"_links":{"self":[{"href":"https:\/\/www.foodbanking.org\/vi\/wp-json\/wp\/v2\/pages\/4017","targetHints":{"allow":["GET"]}}],"collection":[{"href":"https:\/\/www.foodbanking.org\/vi\/wp-json\/wp\/v2\/pages"}],"about":[{"href":"https:\/\/www.foodbanking.org\/vi\/wp-json\/wp\/v2\/types\/page"}],"author":[{"embeddable":true,"href":"https:\/\/www.foodbanking.org\/vi\/wp-json\/wp\/v2\/users\/17"}],"replies":[{"embeddable":true,"href":"https:\/\/www.foodbanking.org\/vi\/wp-json\/wp\/v2\/comments?post=4017"}],"version-history":[{"count":0,"href":"https:\/\/www.foodbanking.org\/vi\/wp-json\/wp\/v2\/pages\/4017\/revisions"}],"wp:attachment":[{"href":"https:\/\/www.foodbanking.org\/vi\/wp-json\/wp\/v2\/media?parent=4017"}],"curies":[{"name":"trang web","href":"https:\/\/api.w.org\/{rel}","templated":true}]}}