{"id":3866,"date":"2023-11-06T21:18:01","date_gmt":"2023-11-06T21:18:01","guid":{"rendered":"https:\/\/www.foodbanking.org\/?page_id=3866"},"modified":"2025-11-11T17:48:07","modified_gmt":"2025-11-11T17:48:07","slug":"gfn-at-cop","status":"publish","type":"page","link":"https:\/\/www.foodbanking.org\/vi\/gfn-at-cop\/","title":{"rendered":"GFN t\u1ea1i COP30"},"content":{"rendered":"","protected":false},"excerpt":{"rendered":"","protected":false},"author":17,"featured_media":0,"parent":0,"menu_order":0,"comment_status":"closed","ping_status":"closed","template":"","meta":{"inline_featured_image":false,"footnotes":""},"class_list":["post-3866","page","type-page","status-publish","hentry"],"acf":[],"yoast_head":"<title>GFN at COP30 | The Global FoodBanking Network<\/title>\n<meta name=\"description\" content=\"Explore GFN\u2019s resources, events, and insight from the UN&#039;s 30th climate conference (COP30) this November 10-21, 2025.\" \/>\n<meta name=\"robots\" content=\"index, follow, max-snippet:-1, max-image-preview:large, max-video-preview:-1\" \/>\n<link rel=\"canonical\" href=\"https:\/\/www.foodbanking.org\/vi\/gfn-at-cop\/\" \/>\n<meta property=\"og:locale\" content=\"vi_VN\" \/>\n<meta property=\"og:type\" content=\"article\" \/>\n<meta property=\"og:title\" content=\"GFN at COP30 | Taking Action on Food Loss and Waste\" \/>\n<meta property=\"og:description\" content=\"Explore GFN\u2019s resources, events, and insight from the UN&#039;s 30th climate conference (COP30) this November 10-21, 2025.\" \/>\n<meta property=\"og:url\" content=\"https:\/\/www.foodbanking.org\/vi\/gfn-at-cop\/\" \/>\n<meta property=\"og:site_name\" content=\"The Global FoodBanking Network\" \/>\n<meta property=\"article:publisher\" content=\"https:\/\/www.facebook.com\/foodbanking\" \/>\n<meta property=\"article:modified_time\" content=\"2025-11-11T17:48:07+00:00\" \/>\n<meta property=\"og:image\" content=\"https:\/\/www.foodbanking.org\/wp-content\/uploads\/2024\/11\/Untitled-design-37.png\" \/>\n\t<meta property=\"og:image:width\" content=\"940\" \/>\n\t<meta property=\"og:image:height\" content=\"788\" \/>\n\t<meta property=\"og:image:type\" content=\"image\/png\" \/>\n<meta name=\"twitter:card\" content=\"summary_large_image\" \/>\n<meta name=\"twitter:title\" content=\"GFN at COP30 | Taking Action on Food Loss and Waste\" \/>\n<meta name=\"twitter:description\" content=\"Explore GFN\u2019s resources, events, and insight from the UN&#039;s 30th climate conference (COP30) this November 10-21, 2025.\" \/>\n<meta name=\"twitter:image\" content=\"https:\/\/www.foodbanking.org\/wp-content\/uploads\/2024\/11\/Untitled-design-37.png\" \/>\n<meta name=\"twitter:site\" content=\"@foodbanking\" \/>\n<meta name=\"twitter:label1\" content=\"\u01af\u1edbc t\u00ednh th\u1eddi gian \u0111\u1ecdc\" \/>\n\t<meta name=\"twitter:data1\" content=\"7 ph\u00fat\" \/>\n<script type=\"application\/ld+json\" class=\"yoast-schema-graph\">{\"@context\":\"https:\\\/\\\/schema.org\",\"@graph\":[{\"@type\":\"WebPage\",\"@id\":\"https:\\\/\\\/www.foodbanking.org\\\/gfn-at-cop\\\/\",\"url\":\"https:\\\/\\\/www.foodbanking.org\\\/gfn-at-cop\\\/\",\"name\":\"GFN at COP30 | The Global FoodBanking Network\",\"isPartOf\":{\"@id\":\"https:\\\/\\\/www.foodbanking.org\\\/#website\"},\"datePublished\":\"2023-11-06T21:18:01+00:00\",\"dateModified\":\"2025-11-11T17:48:07+00:00\",\"description\":\"Explore GFN\u2019s resources, events, and insight from the UN's 30th climate conference (COP30) this November 10-21, 2025.\",\"breadcrumb\":{\"@id\":\"https:\\\/\\\/www.foodbanking.org\\\/gfn-at-cop\\\/#breadcrumb\"},\"inLanguage\":\"vi\",\"potentialAction\":[{\"@type\":\"ReadAction\",\"target\":[\"https:\\\/\\\/www.foodbanking.org\\\/gfn-at-cop\\\/\"]}]},{\"@type\":\"BreadcrumbList\",\"@id\":\"https:\\\/\\\/www.foodbanking.org\\\/gfn-at-cop\\\/#breadcrumb\",\"itemListElement\":[{\"@type\":\"ListItem\",\"position\":1,\"name\":\"Home\",\"item\":\"https:\\\/\\\/www.foodbanking.org\\\/\"},{\"@type\":\"ListItem\",\"position\":2,\"name\":\"GFN at COP30\"}]},{\"@type\":\"WebSite\",\"@id\":\"https:\\\/\\\/www.foodbanking.org\\\/#website\",\"url\":\"https:\\\/\\\/www.foodbanking.org\\\/\",\"name\":\"The Global FoodBanking Network\",\"description\":\"\",\"publisher\":{\"@id\":\"https:\\\/\\\/www.foodbanking.org\\\/#organization\"},\"alternateName\":\"GFN\",\"potentialAction\":[{\"@type\":\"SearchAction\",\"target\":{\"@type\":\"EntryPoint\",\"urlTemplate\":\"https:\\\/\\\/www.foodbanking.org\\\/?s={search_term_string}\"},\"query-input\":{\"@type\":\"PropertyValueSpecification\",\"valueRequired\":true,\"valueName\":\"search_term_string\"}}],\"inLanguage\":\"vi\"},{\"@type\":\"Organization\",\"@id\":\"https:\\\/\\\/www.foodbanking.org\\\/#organization\",\"name\":\"The Global FoodBanking Network\",\"alternateName\":\"GFN\",\"url\":\"https:\\\/\\\/www.foodbanking.org\\\/\",\"logo\":{\"@type\":\"ImageObject\",\"inLanguage\":\"vi\",\"@id\":\"https:\\\/\\\/www.foodbanking.org\\\/#\\\/schema\\\/logo\\\/image\\\/\",\"url\":\"https:\\\/\\\/www.foodbanking.org\\\/wp-content\\\/uploads\\\/2023\\\/05\\\/GFN_Logo_Teal.png\",\"contentUrl\":\"https:\\\/\\\/www.foodbanking.org\\\/wp-content\\\/uploads\\\/2023\\\/05\\\/GFN_Logo_Teal.png\",\"width\":1000,\"height\":296,\"caption\":\"The Global FoodBanking Network\"},\"image\":{\"@id\":\"https:\\\/\\\/www.foodbanking.org\\\/#\\\/schema\\\/logo\\\/image\\\/\"},\"sameAs\":[\"https:\\\/\\\/www.facebook.com\\\/foodbanking\",\"https:\\\/\\\/x.com\\\/foodbanking\",\"https:\\\/\\\/www.instagram.com\\\/foodbanking\",\"https:\\\/\\\/www.linkedin.com\\\/company\\\/the-global-foodbanking-network\\\/\"],\"ownershipFundingInfo\":\"https:\\\/\\\/www.foodbanking.org\\\/annual-reports-and-financials\\\/\",\"actionableFeedbackPolicy\":\"https:\\\/\\\/www.foodbanking.org\\\/contact-us\\\/\"}]}<\/script>","yoast_head_json":{"title":"GFN at COP30 | The Global FoodBanking Network","description":"Kh\u00e1m ph\u00e1 c\u00e1c ngu\u1ed3n t\u00e0i li\u1ec7u, s\u1ef1 ki\u1ec7n v\u00e0 th\u00f4ng tin chuy\u00ean s\u00e2u c\u1ee7a GFN t\u1eeb H\u1ed9i ngh\u1ecb kh\u00ed h\u1eadu l\u1ea7n th\u1ee9 30 c\u1ee7a Li\u00ean H\u1ee3p Qu\u1ed1c (COP30) di\u1ec5n ra t\u1eeb ng\u00e0y 10 \u0111\u1ebfn 21 th\u00e1ng 11 n\u0103m 2025.","robots":{"index":"index","follow":"follow","max-snippet":"max-snippet:-1","max-image-preview":"max-image-preview:large","max-video-preview":"max-video-preview:-1"},"canonical":"https:\/\/www.foodbanking.org\/vi\/gfn-at-cop\/","og_locale":"vi_VN","og_type":"article","og_title":"GFN at COP30 | Taking Action on Food Loss and Waste","og_description":"Explore GFN\u2019s resources, events, and insight from the UN's 30th climate conference (COP30) this November 10-21, 2025.","og_url":"https:\/\/www.foodbanking.org\/vi\/gfn-at-cop\/","og_site_name":"The Global FoodBanking Network","article_publisher":"https:\/\/www.facebook.com\/foodbanking","article_modified_time":"2025-11-11T17:48:07+00:00","og_image":[{"width":940,"height":788,"url":"https:\/\/www.foodbanking.org\/wp-content\/uploads\/2024\/11\/Untitled-design-37.png","type":"image\/png"}],"twitter_card":"summary_large_image","twitter_title":"GFN at COP30 | Taking Action on Food Loss and Waste","twitter_description":"Explore GFN\u2019s resources, events, and insight from the UN's 30th climate conference (COP30) this November 10-21, 2025.","twitter_image":"https:\/\/www.foodbanking.org\/wp-content\/uploads\/2024\/11\/Untitled-design-37.png","twitter_site":"@foodbanking","twitter_misc":{"\u01af\u1edbc t\u00ednh th\u1eddi gian \u0111\u1ecdc":"7 ph\u00fat"},"schema":{"@context":"https:\/\/schema.org","@graph":[{"@type":"WebPage","@id":"https:\/\/www.foodbanking.org\/gfn-at-cop\/","url":"https:\/\/www.foodbanking.org\/gfn-at-cop\/","name":"GFN at COP30 | The Global FoodBanking Network","isPartOf":{"@id":"https:\/\/www.foodbanking.org\/#website"},"datePublished":"2023-11-06T21:18:01+00:00","dateModified":"2025-11-11T17:48:07+00:00","description":"Kh\u00e1m ph\u00e1 c\u00e1c ngu\u1ed3n t\u00e0i li\u1ec7u, s\u1ef1 ki\u1ec7n v\u00e0 th\u00f4ng tin chuy\u00ean s\u00e2u c\u1ee7a GFN t\u1eeb H\u1ed9i ngh\u1ecb kh\u00ed h\u1eadu l\u1ea7n th\u1ee9 30 c\u1ee7a Li\u00ean H\u1ee3p Qu\u1ed1c (COP30) di\u1ec5n ra t\u1eeb ng\u00e0y 10 \u0111\u1ebfn 21 th\u00e1ng 11 n\u0103m 2025.","breadcrumb":{"@id":"https:\/\/www.foodbanking.org\/gfn-at-cop\/#breadcrumb"},"inLanguage":"vi","potentialAction":[{"@type":"ReadAction","target":["https:\/\/www.foodbanking.org\/gfn-at-cop\/"]}]},{"@type":"BreadcrumbList","@id":"https:\/\/www.foodbanking.org\/gfn-at-cop\/#breadcrumb","itemListElement":[{"@type":"ListItem","position":1,"name":"Home","item":"https:\/\/www.foodbanking.org\/"},{"@type":"ListItem","position":2,"name":"GFN at COP30"}]},{"@type":"WebSite","@id":"https:\/\/www.foodbanking.org\/#website","url":"https:\/\/www.foodbanking.org\/","name":"M\u1ea1ng l\u01b0\u1edbi Ng\u00e2n h\u00e0ng Th\u1ef1c ph\u1ea9m To\u00e0n c\u1ea7u","description":"","publisher":{"@id":"https:\/\/www.foodbanking.org\/#organization"},"alternateName":"GFN","potentialAction":[{"@type":"SearchAction","target":{"@type":"EntryPoint","urlTemplate":"https:\/\/www.foodbanking.org\/?s={search_term_string}"},"query-input":{"@type":"PropertyValueSpecification","valueRequired":true,"valueName":"search_term_string"}}],"inLanguage":"vi"},{"@type":"Organization","@id":"https:\/\/www.foodbanking.org\/#organization","name":"M\u1ea1ng l\u01b0\u1edbi Ng\u00e2n h\u00e0ng Th\u1ef1c ph\u1ea9m To\u00e0n c\u1ea7u","alternateName":"GFN","url":"https:\/\/www.foodbanking.org\/","logo":{"@type":"ImageObject","inLanguage":"vi","@id":"https:\/\/www.foodbanking.org\/#\/schema\/logo\/image\/","url":"https:\/\/www.foodbanking.org\/wp-content\/uploads\/2023\/05\/GFN_Logo_Teal.png","contentUrl":"https:\/\/www.foodbanking.org\/wp-content\/uploads\/2023\/05\/GFN_Logo_Teal.png","width":1000,"height":296,"caption":"The Global FoodBanking Network"},"image":{"@id":"https:\/\/www.foodbanking.org\/#\/schema\/logo\/image\/"},"sameAs":["https:\/\/www.facebook.com\/foodbanking","https:\/\/x.com\/foodbanking","https:\/\/www.instagram.com\/foodbanking","https:\/\/www.linkedin.com\/company\/the-global-foodbanking-network\/"],"ownershipFundingInfo":"https:\/\/www.foodbanking.org\/annual-reports-and-financials\/","actionableFeedbackPolicy":"https:\/\/www.foodbanking.org\/contact-us\/"}]}},"_links":{"self":[{"href":"https:\/\/www.foodbanking.org\/vi\/wp-json\/wp\/v2\/pages\/3866","targetHints":{"allow":["GET"]}}],"collection":[{"href":"https:\/\/www.foodbanking.org\/vi\/wp-json\/wp\/v2\/pages"}],"about":[{"href":"https:\/\/www.foodbanking.org\/vi\/wp-json\/wp\/v2\/types\/page"}],"author":[{"embeddable":true,"href":"https:\/\/www.foodbanking.org\/vi\/wp-json\/wp\/v2\/users\/17"}],"replies":[{"embeddable":true,"href":"https:\/\/www.foodbanking.org\/vi\/wp-json\/wp\/v2\/comments?post=3866"}],"version-history":[{"count":0,"href":"https:\/\/www.foodbanking.org\/vi\/wp-json\/wp\/v2\/pages\/3866\/revisions"}],"wp:attachment":[{"href":"https:\/\/www.foodbanking.org\/vi\/wp-json\/wp\/v2\/media?parent=3866"}],"curies":[{"name":"trang web","href":"https:\/\/api.w.org\/{rel}","templated":true}]}}