{"id":927,"date":"2022-09-14T17:45:53","date_gmt":"2022-09-14T17:45:53","guid":{"rendered":"https:\/\/www.foodbanking.org\/?page_id=927"},"modified":"2025-11-26T16:04:07","modified_gmt":"2025-11-26T16:04:07","slug":"donate","status":"publish","type":"page","link":"https:\/\/www.foodbanking.org\/pt\/donate\/","title":{"rendered":"Doar"},"content":{"rendered":"","protected":false},"excerpt":{"rendered":"","protected":false},"author":1,"featured_media":0,"parent":0,"menu_order":0,"comment_status":"closed","ping_status":"closed","template":"page-templates\/donate-responsive-blv.php","meta":{"inline_featured_image":false,"footnotes":""},"class_list":["post-927","page","type-page","status-publish","hentry"],"acf":[],"yoast_head":"<title>Donate Today | The Global FoodBanking Network<\/title>\n<meta name=\"description\" content=\"Millions of people need access to safe, wholesome food. With your help, we can alleviate hunger through locally led food banks.\" \/>\n<meta name=\"robots\" content=\"index, follow, max-snippet:-1, max-image-preview:large, max-video-preview:-1\" \/>\n<link rel=\"canonical\" href=\"https:\/\/www.foodbanking.org\/pt\/donate\/\" \/>\n<meta property=\"og:locale\" content=\"pt_BR\" \/>\n<meta property=\"og:type\" content=\"article\" \/>\n<meta property=\"og:title\" content=\"Donate Today: The Global FoodBanking Network\" \/>\n<meta property=\"og:description\" content=\"Millions of people need access to safe, wholesome food. With your help, we can make it happen!\" \/>\n<meta property=\"og:url\" content=\"https:\/\/www.foodbanking.org\/pt\/donate\/\" \/>\n<meta property=\"og:site_name\" content=\"The Global FoodBanking Network\" \/>\n<meta property=\"article:publisher\" content=\"https:\/\/www.facebook.com\/foodbanking\" \/>\n<meta property=\"article:modified_time\" content=\"2025-11-26T16:04:07+00:00\" \/>\n<meta property=\"og:image\" content=\"https:\/\/www.foodbanking.org\/wp-content\/uploads\/2023\/06\/50814134583_34844a5a25_k-2.jpg\" \/>\n\t<meta property=\"og:image:width\" content=\"2048\" \/>\n\t<meta property=\"og:image:height\" content=\"1365\" \/>\n\t<meta property=\"og:image:type\" content=\"image\/jpeg\" \/>\n<meta name=\"twitter:card\" content=\"summary_large_image\" \/>\n<meta name=\"twitter:title\" content=\"Donate Today: The Global FoodBanking Network\" \/>\n<meta name=\"twitter:description\" content=\"Millions of people need access to safe, wholesome food. With your help, we can make it happen!\" \/>\n<meta name=\"twitter:image\" content=\"https:\/\/www.foodbanking.org\/wp-content\/uploads\/2023\/06\/50814134583_34844a5a25_k-2.jpg\" \/>\n<meta name=\"twitter:site\" content=\"@foodbanking\" \/>\n<meta name=\"twitter:label1\" content=\"Est. tempo de leitura\" \/>\n\t<meta name=\"twitter:data1\" content=\"2 minutos\" \/>\n<script type=\"application\/ld+json\" class=\"yoast-schema-graph\">{\"@context\":\"https:\\\/\\\/schema.org\",\"@graph\":[{\"@type\":\"WebPage\",\"@id\":\"https:\\\/\\\/www.foodbanking.org\\\/donate\\\/\",\"url\":\"https:\\\/\\\/www.foodbanking.org\\\/donate\\\/\",\"name\":\"Donate Today | The Global FoodBanking Network\",\"isPartOf\":{\"@id\":\"https:\\\/\\\/www.foodbanking.org\\\/#website\"},\"datePublished\":\"2022-09-14T17:45:53+00:00\",\"dateModified\":\"2025-11-26T16:04:07+00:00\",\"description\":\"Millions of people need access to safe, wholesome food. With your help, we can alleviate hunger through locally led food banks.\",\"breadcrumb\":{\"@id\":\"https:\\\/\\\/www.foodbanking.org\\\/donate\\\/#breadcrumb\"},\"inLanguage\":\"pt-BR\",\"potentialAction\":[{\"@type\":\"ReadAction\",\"target\":[\"https:\\\/\\\/www.foodbanking.org\\\/donate\\\/\"]}]},{\"@type\":\"BreadcrumbList\",\"@id\":\"https:\\\/\\\/www.foodbanking.org\\\/donate\\\/#breadcrumb\",\"itemListElement\":[{\"@type\":\"ListItem\",\"position\":1,\"name\":\"Home\",\"item\":\"https:\\\/\\\/www.foodbanking.org\\\/\"},{\"@type\":\"ListItem\",\"position\":2,\"name\":\"Donate\"}]},{\"@type\":\"WebSite\",\"@id\":\"https:\\\/\\\/www.foodbanking.org\\\/#website\",\"url\":\"https:\\\/\\\/www.foodbanking.org\\\/\",\"name\":\"The Global FoodBanking Network\",\"description\":\"\",\"publisher\":{\"@id\":\"https:\\\/\\\/www.foodbanking.org\\\/#organization\"},\"alternateName\":\"GFN\",\"potentialAction\":[{\"@type\":\"SearchAction\",\"target\":{\"@type\":\"EntryPoint\",\"urlTemplate\":\"https:\\\/\\\/www.foodbanking.org\\\/?s={search_term_string}\"},\"query-input\":{\"@type\":\"PropertyValueSpecification\",\"valueRequired\":true,\"valueName\":\"search_term_string\"}}],\"inLanguage\":\"pt-BR\"},{\"@type\":\"Organization\",\"@id\":\"https:\\\/\\\/www.foodbanking.org\\\/#organization\",\"name\":\"The Global FoodBanking Network\",\"alternateName\":\"GFN\",\"url\":\"https:\\\/\\\/www.foodbanking.org\\\/\",\"logo\":{\"@type\":\"ImageObject\",\"inLanguage\":\"pt-BR\",\"@id\":\"https:\\\/\\\/www.foodbanking.org\\\/#\\\/schema\\\/logo\\\/image\\\/\",\"url\":\"https:\\\/\\\/www.foodbanking.org\\\/wp-content\\\/uploads\\\/2023\\\/05\\\/GFN_Logo_Teal.png\",\"contentUrl\":\"https:\\\/\\\/www.foodbanking.org\\\/wp-content\\\/uploads\\\/2023\\\/05\\\/GFN_Logo_Teal.png\",\"width\":1000,\"height\":296,\"caption\":\"The Global FoodBanking Network\"},\"image\":{\"@id\":\"https:\\\/\\\/www.foodbanking.org\\\/#\\\/schema\\\/logo\\\/image\\\/\"},\"sameAs\":[\"https:\\\/\\\/www.facebook.com\\\/foodbanking\",\"https:\\\/\\\/x.com\\\/foodbanking\",\"https:\\\/\\\/www.instagram.com\\\/foodbanking\",\"https:\\\/\\\/www.linkedin.com\\\/company\\\/the-global-foodbanking-network\\\/\"],\"ownershipFundingInfo\":\"https:\\\/\\\/www.foodbanking.org\\\/annual-reports-and-financials\\\/\",\"actionableFeedbackPolicy\":\"https:\\\/\\\/www.foodbanking.org\\\/contact-us\\\/\"}]}<\/script>","yoast_head_json":{"title":"Fa\u00e7a uma doa\u00e7\u00e3o hoje | A Rede Global de Bancos de Alimentos","description":"Milh\u00f5es de pessoas precisam ter acesso a alimentos seguros e saud\u00e1veis. Com a sua ajuda, podemos aliviar a fome por meio de bancos de alimentos administrados localmente.","robots":{"index":"index","follow":"follow","max-snippet":"max-snippet:-1","max-image-preview":"max-image-preview:large","max-video-preview":"max-video-preview:-1"},"canonical":"https:\/\/www.foodbanking.org\/pt\/donate\/","og_locale":"pt_BR","og_type":"article","og_title":"Donate Today: The Global FoodBanking Network","og_description":"Millions of people need access to safe, wholesome food. With your help, we can make it happen!","og_url":"https:\/\/www.foodbanking.org\/pt\/donate\/","og_site_name":"The Global FoodBanking Network","article_publisher":"https:\/\/www.facebook.com\/foodbanking","article_modified_time":"2025-11-26T16:04:07+00:00","og_image":[{"width":2048,"height":1365,"url":"https:\/\/www.foodbanking.org\/wp-content\/uploads\/2023\/06\/50814134583_34844a5a25_k-2.jpg","type":"image\/jpeg"}],"twitter_card":"summary_large_image","twitter_title":"Donate Today: The Global FoodBanking Network","twitter_description":"Millions of people need access to safe, wholesome food. With your help, we can make it happen!","twitter_image":"https:\/\/www.foodbanking.org\/wp-content\/uploads\/2023\/06\/50814134583_34844a5a25_k-2.jpg","twitter_site":"@foodbanking","twitter_misc":{"Est. tempo de leitura":"2 minutos"},"schema":{"@context":"https:\/\/schema.org","@graph":[{"@type":"WebPage","@id":"https:\/\/www.foodbanking.org\/donate\/","url":"https:\/\/www.foodbanking.org\/donate\/","name":"Fa\u00e7a uma doa\u00e7\u00e3o hoje | A Rede Global de Bancos de Alimentos","isPartOf":{"@id":"https:\/\/www.foodbanking.org\/#website"},"datePublished":"2022-09-14T17:45:53+00:00","dateModified":"2025-11-26T16:04:07+00:00","description":"Milh\u00f5es de pessoas precisam ter acesso a alimentos seguros e saud\u00e1veis. Com a sua ajuda, podemos aliviar a fome por meio de bancos de alimentos administrados localmente.","breadcrumb":{"@id":"https:\/\/www.foodbanking.org\/donate\/#breadcrumb"},"inLanguage":"pt-BR","potentialAction":[{"@type":"ReadAction","target":["https:\/\/www.foodbanking.org\/donate\/"]}]},{"@type":"BreadcrumbList","@id":"https:\/\/www.foodbanking.org\/donate\/#breadcrumb","itemListElement":[{"@type":"ListItem","position":1,"name":"Home","item":"https:\/\/www.foodbanking.org\/"},{"@type":"ListItem","position":2,"name":"Donate"}]},{"@type":"WebSite","@id":"https:\/\/www.foodbanking.org\/#website","url":"https:\/\/www.foodbanking.org\/","name":"A Rede Global de FoodBanking","description":"","publisher":{"@id":"https:\/\/www.foodbanking.org\/#organization"},"alternateName":"GFN","potentialAction":[{"@type":"SearchAction","target":{"@type":"EntryPoint","urlTemplate":"https:\/\/www.foodbanking.org\/?s={search_term_string}"},"query-input":{"@type":"PropertyValueSpecification","valueRequired":true,"valueName":"search_term_string"}}],"inLanguage":"pt-BR"},{"@type":"Organization","@id":"https:\/\/www.foodbanking.org\/#organization","name":"A Rede Global de FoodBanking","alternateName":"GFN","url":"https:\/\/www.foodbanking.org\/","logo":{"@type":"ImageObject","inLanguage":"pt-BR","@id":"https:\/\/www.foodbanking.org\/#\/schema\/logo\/image\/","url":"https:\/\/www.foodbanking.org\/wp-content\/uploads\/2023\/05\/GFN_Logo_Teal.png","contentUrl":"https:\/\/www.foodbanking.org\/wp-content\/uploads\/2023\/05\/GFN_Logo_Teal.png","width":1000,"height":296,"caption":"The Global FoodBanking Network"},"image":{"@id":"https:\/\/www.foodbanking.org\/#\/schema\/logo\/image\/"},"sameAs":["https:\/\/www.facebook.com\/foodbanking","https:\/\/x.com\/foodbanking","https:\/\/www.instagram.com\/foodbanking","https:\/\/www.linkedin.com\/company\/the-global-foodbanking-network\/"],"ownershipFundingInfo":"https:\/\/www.foodbanking.org\/annual-reports-and-financials\/","actionableFeedbackPolicy":"https:\/\/www.foodbanking.org\/contact-us\/"}]}},"_links":{"self":[{"href":"https:\/\/www.foodbanking.org\/pt\/wp-json\/wp\/v2\/pages\/927","targetHints":{"allow":["GET"]}}],"collection":[{"href":"https:\/\/www.foodbanking.org\/pt\/wp-json\/wp\/v2\/pages"}],"about":[{"href":"https:\/\/www.foodbanking.org\/pt\/wp-json\/wp\/v2\/types\/page"}],"author":[{"embeddable":true,"href":"https:\/\/www.foodbanking.org\/pt\/wp-json\/wp\/v2\/users\/1"}],"replies":[{"embeddable":true,"href":"https:\/\/www.foodbanking.org\/pt\/wp-json\/wp\/v2\/comments?post=927"}],"version-history":[{"count":0,"href":"https:\/\/www.foodbanking.org\/pt\/wp-json\/wp\/v2\/pages\/927\/revisions"}],"wp:attachment":[{"href":"https:\/\/www.foodbanking.org\/pt\/wp-json\/wp\/v2\/media?parent=927"}],"curies":[{"name":"wp","href":"https:\/\/api.w.org\/{rel}","templated":true}]}}