{"id":4792,"date":"2024-08-13T20:26:24","date_gmt":"2024-08-13T20:26:24","guid":{"rendered":"https:\/\/www.foodbanking.org\/?page_id=4792"},"modified":"2025-04-16T13:00:49","modified_gmt":"2025-04-16T13:00:49","slug":"frame-methane-methodology","status":"publish","type":"page","link":"https:\/\/www.foodbanking.org\/pt\/mobilizing-food-systems-change\/leading-research-and-policy-recommendations\/frame-methane-methodology\/","title":{"rendered":"Metodologia do Metano"},"content":{"rendered":"","protected":false},"excerpt":{"rendered":"","protected":false},"author":17,"featured_media":0,"parent":750,"menu_order":0,"comment_status":"closed","ping_status":"closed","template":"page-templates\/photo-essay.php","meta":{"inline_featured_image":false,"footnotes":""},"class_list":["post-4792","page","type-page","status-publish","hentry"],"acf":[],"yoast_head":"<title>How Food Recovery Can Reduce Methane Emissions | The Global FoodBanking Network<\/title>\n<meta name=\"description\" content=\"See how the FRAME methodology helps food banks and countries use food recovery to reduce methane emissions and alleviate food insecurity.\" \/>\n<meta name=\"robots\" content=\"index, follow, max-snippet:-1, max-image-preview:large, max-video-preview:-1\" \/>\n<link rel=\"canonical\" href=\"https:\/\/www.foodbanking.org\/pt\/mobilizing-food-systems-change\/leading-research-and-policy-recommendations\/frame-methane-methodology\/\" \/>\n<meta property=\"og:locale\" content=\"pt_BR\" \/>\n<meta property=\"og:type\" content=\"article\" \/>\n<meta property=\"og:title\" content=\"FRAME: Food Recovery to Avoid Methane Emissions Methodology\" \/>\n<meta property=\"og:description\" content=\"The Food Recovery to Avoid Methane Emissions (FRAME) methodology provides credible evidence that food banks help reduce emissions as well as food insecurity and can help countries achieve their climate goals while also reducing food insecurity.\" \/>\n<meta property=\"og:url\" content=\"https:\/\/www.foodbanking.org\/pt\/mobilizing-food-systems-change\/leading-research-and-policy-recommendations\/frame-methane-methodology\/\" \/>\n<meta property=\"og:site_name\" content=\"The Global FoodBanking Network\" \/>\n<meta property=\"article:publisher\" content=\"https:\/\/www.facebook.com\/foodbanking\" \/>\n<meta property=\"article:modified_time\" content=\"2025-04-16T13:00:49+00:00\" \/>\n<meta property=\"og:image\" content=\"https:\/\/www.foodbanking.org\/wp-content\/uploads\/2024\/08\/FRAME-Cover-1.png\" \/>\n\t<meta property=\"og:image:width\" content=\"1280\" \/>\n\t<meta property=\"og:image:height\" content=\"842\" \/>\n\t<meta property=\"og:image:type\" content=\"image\/png\" \/>\n<meta name=\"twitter:card\" content=\"summary_large_image\" \/>\n<meta name=\"twitter:title\" content=\"FRAME: Food Recovery to Avoid Methane Emissions Methodology\" \/>\n<meta name=\"twitter:description\" content=\"The Food Recovery to Avoid Methane Emissions (FRAME) methodology provides credible evidence that food banks help reduce emissions as well as food insecurity and can help countries achieve their climate goals while also reducing food insecurity.\" \/>\n<meta name=\"twitter:image\" content=\"https:\/\/www.foodbanking.org\/wp-content\/uploads\/2024\/08\/51043615438_b2a8592230_k-2.jpg\" \/>\n<meta name=\"twitter:site\" content=\"@foodbanking\" \/>\n<meta name=\"twitter:label1\" content=\"Est. tempo de leitura\" \/>\n\t<meta name=\"twitter:data1\" content=\"3 minutos\" \/>\n<script type=\"application\/ld+json\" class=\"yoast-schema-graph\">{\"@context\":\"https:\\\/\\\/schema.org\",\"@graph\":[{\"@type\":\"WebPage\",\"@id\":\"https:\\\/\\\/www.foodbanking.org\\\/mobilizing-food-systems-change\\\/leading-research-and-policy-recommendations\\\/frame-methane-methodology\\\/\",\"url\":\"https:\\\/\\\/www.foodbanking.org\\\/mobilizing-food-systems-change\\\/leading-research-and-policy-recommendations\\\/frame-methane-methodology\\\/\",\"name\":\"How Food Recovery Can Reduce Methane Emissions | The Global FoodBanking Network\",\"isPartOf\":{\"@id\":\"https:\\\/\\\/www.foodbanking.org\\\/#website\"},\"datePublished\":\"2024-08-13T20:26:24+00:00\",\"dateModified\":\"2025-04-16T13:00:49+00:00\",\"description\":\"See how the FRAME methodology helps food banks and countries use food recovery to reduce methane emissions and alleviate food insecurity.\",\"breadcrumb\":{\"@id\":\"https:\\\/\\\/www.foodbanking.org\\\/mobilizing-food-systems-change\\\/leading-research-and-policy-recommendations\\\/frame-methane-methodology\\\/#breadcrumb\"},\"inLanguage\":\"pt-BR\",\"potentialAction\":[{\"@type\":\"ReadAction\",\"target\":[\"https:\\\/\\\/www.foodbanking.org\\\/mobilizing-food-systems-change\\\/leading-research-and-policy-recommendations\\\/frame-methane-methodology\\\/\"]}]},{\"@type\":\"BreadcrumbList\",\"@id\":\"https:\\\/\\\/www.foodbanking.org\\\/mobilizing-food-systems-change\\\/leading-research-and-policy-recommendations\\\/frame-methane-methodology\\\/#breadcrumb\",\"itemListElement\":[{\"@type\":\"ListItem\",\"position\":1,\"name\":\"Home\",\"item\":\"https:\\\/\\\/www.foodbanking.org\\\/\"},{\"@type\":\"ListItem\",\"position\":2,\"name\":\"Mobilizing Food Systems Change\",\"item\":\"https:\\\/\\\/www.foodbanking.org\\\/mobilizing-food-systems-change\\\/\"},{\"@type\":\"ListItem\",\"position\":3,\"name\":\"Leading Research and Policy Recommendations\",\"item\":\"https:\\\/\\\/www.foodbanking.org\\\/mobilizing-food-systems-change\\\/leading-research-and-policy-recommendations\\\/\"},{\"@type\":\"ListItem\",\"position\":4,\"name\":\"Methane Methodology\"}]},{\"@type\":\"WebSite\",\"@id\":\"https:\\\/\\\/www.foodbanking.org\\\/#website\",\"url\":\"https:\\\/\\\/www.foodbanking.org\\\/\",\"name\":\"The Global FoodBanking Network\",\"description\":\"\",\"publisher\":{\"@id\":\"https:\\\/\\\/www.foodbanking.org\\\/#organization\"},\"alternateName\":\"GFN\",\"potentialAction\":[{\"@type\":\"SearchAction\",\"target\":{\"@type\":\"EntryPoint\",\"urlTemplate\":\"https:\\\/\\\/www.foodbanking.org\\\/?s={search_term_string}\"},\"query-input\":{\"@type\":\"PropertyValueSpecification\",\"valueRequired\":true,\"valueName\":\"search_term_string\"}}],\"inLanguage\":\"pt-BR\"},{\"@type\":\"Organization\",\"@id\":\"https:\\\/\\\/www.foodbanking.org\\\/#organization\",\"name\":\"The Global FoodBanking Network\",\"alternateName\":\"GFN\",\"url\":\"https:\\\/\\\/www.foodbanking.org\\\/\",\"logo\":{\"@type\":\"ImageObject\",\"inLanguage\":\"pt-BR\",\"@id\":\"https:\\\/\\\/www.foodbanking.org\\\/#\\\/schema\\\/logo\\\/image\\\/\",\"url\":\"https:\\\/\\\/www.foodbanking.org\\\/wp-content\\\/uploads\\\/2023\\\/05\\\/GFN_Logo_Teal.png\",\"contentUrl\":\"https:\\\/\\\/www.foodbanking.org\\\/wp-content\\\/uploads\\\/2023\\\/05\\\/GFN_Logo_Teal.png\",\"width\":1000,\"height\":296,\"caption\":\"The Global FoodBanking Network\"},\"image\":{\"@id\":\"https:\\\/\\\/www.foodbanking.org\\\/#\\\/schema\\\/logo\\\/image\\\/\"},\"sameAs\":[\"https:\\\/\\\/www.facebook.com\\\/foodbanking\",\"https:\\\/\\\/x.com\\\/foodbanking\",\"https:\\\/\\\/www.instagram.com\\\/foodbanking\",\"https:\\\/\\\/www.linkedin.com\\\/company\\\/the-global-foodbanking-network\\\/\"],\"ownershipFundingInfo\":\"https:\\\/\\\/www.foodbanking.org\\\/annual-reports-and-financials\\\/\",\"actionableFeedbackPolicy\":\"https:\\\/\\\/www.foodbanking.org\\\/contact-us\\\/\"}]}<\/script>","yoast_head_json":{"title":"Como a recupera\u00e7\u00e3o de alimentos pode reduzir as emiss\u00f5es de metano | A Rede Global de Bancos de Alimentos","description":"Veja como a metodologia FRAME ajuda bancos de alimentos e pa\u00edses a usar a recupera\u00e7\u00e3o de alimentos para reduzir as emiss\u00f5es de metano e aliviar a inseguran\u00e7a alimentar.","robots":{"index":"index","follow":"follow","max-snippet":"max-snippet:-1","max-image-preview":"max-image-preview:large","max-video-preview":"max-video-preview:-1"},"canonical":"https:\/\/www.foodbanking.org\/pt\/mobilizing-food-systems-change\/leading-research-and-policy-recommendations\/frame-methane-methodology\/","og_locale":"pt_BR","og_type":"article","og_title":"FRAME: Food Recovery to Avoid Methane Emissions Methodology","og_description":"The Food Recovery to Avoid Methane Emissions (FRAME) methodology provides credible evidence that food banks help reduce emissions as well as food insecurity and can help countries achieve their climate goals while also reducing food insecurity.","og_url":"https:\/\/www.foodbanking.org\/pt\/mobilizing-food-systems-change\/leading-research-and-policy-recommendations\/frame-methane-methodology\/","og_site_name":"The Global FoodBanking Network","article_publisher":"https:\/\/www.facebook.com\/foodbanking","article_modified_time":"2025-04-16T13:00:49+00:00","og_image":[{"width":1280,"height":842,"url":"https:\/\/www.foodbanking.org\/wp-content\/uploads\/2024\/08\/FRAME-Cover-1.png","type":"image\/png"}],"twitter_card":"summary_large_image","twitter_title":"FRAME: Food Recovery to Avoid Methane Emissions Methodology","twitter_description":"The Food Recovery to Avoid Methane Emissions (FRAME) methodology provides credible evidence that food banks help reduce emissions as well as food insecurity and can help countries achieve their climate goals while also reducing food insecurity.","twitter_image":"https:\/\/www.foodbanking.org\/wp-content\/uploads\/2024\/08\/51043615438_b2a8592230_k-2.jpg","twitter_site":"@foodbanking","twitter_misc":{"Est. tempo de leitura":"3 minutos"},"schema":{"@context":"https:\/\/schema.org","@graph":[{"@type":"WebPage","@id":"https:\/\/www.foodbanking.org\/mobilizing-food-systems-change\/leading-research-and-policy-recommendations\/frame-methane-methodology\/","url":"https:\/\/www.foodbanking.org\/mobilizing-food-systems-change\/leading-research-and-policy-recommendations\/frame-methane-methodology\/","name":"Como a recupera\u00e7\u00e3o de alimentos pode reduzir as emiss\u00f5es de metano | A Rede Global de Bancos de Alimentos","isPartOf":{"@id":"https:\/\/www.foodbanking.org\/#website"},"datePublished":"2024-08-13T20:26:24+00:00","dateModified":"2025-04-16T13:00:49+00:00","description":"Veja como a metodologia FRAME ajuda bancos de alimentos e pa\u00edses a usar a recupera\u00e7\u00e3o de alimentos para reduzir as emiss\u00f5es de metano e aliviar a inseguran\u00e7a alimentar.","breadcrumb":{"@id":"https:\/\/www.foodbanking.org\/mobilizing-food-systems-change\/leading-research-and-policy-recommendations\/frame-methane-methodology\/#breadcrumb"},"inLanguage":"pt-BR","potentialAction":[{"@type":"ReadAction","target":["https:\/\/www.foodbanking.org\/mobilizing-food-systems-change\/leading-research-and-policy-recommendations\/frame-methane-methodology\/"]}]},{"@type":"BreadcrumbList","@id":"https:\/\/www.foodbanking.org\/mobilizing-food-systems-change\/leading-research-and-policy-recommendations\/frame-methane-methodology\/#breadcrumb","itemListElement":[{"@type":"ListItem","position":1,"name":"Home","item":"https:\/\/www.foodbanking.org\/"},{"@type":"ListItem","position":2,"name":"Mobilizing Food Systems Change","item":"https:\/\/www.foodbanking.org\/mobilizing-food-systems-change\/"},{"@type":"ListItem","position":3,"name":"Leading Research and Policy Recommendations","item":"https:\/\/www.foodbanking.org\/mobilizing-food-systems-change\/leading-research-and-policy-recommendations\/"},{"@type":"ListItem","position":4,"name":"Methane Methodology"}]},{"@type":"WebSite","@id":"https:\/\/www.foodbanking.org\/#website","url":"https:\/\/www.foodbanking.org\/","name":"A Rede Global de FoodBanking","description":"","publisher":{"@id":"https:\/\/www.foodbanking.org\/#organization"},"alternateName":"GFN","potentialAction":[{"@type":"SearchAction","target":{"@type":"EntryPoint","urlTemplate":"https:\/\/www.foodbanking.org\/?s={search_term_string}"},"query-input":{"@type":"PropertyValueSpecification","valueRequired":true,"valueName":"search_term_string"}}],"inLanguage":"pt-BR"},{"@type":"Organization","@id":"https:\/\/www.foodbanking.org\/#organization","name":"A Rede Global de FoodBanking","alternateName":"GFN","url":"https:\/\/www.foodbanking.org\/","logo":{"@type":"ImageObject","inLanguage":"pt-BR","@id":"https:\/\/www.foodbanking.org\/#\/schema\/logo\/image\/","url":"https:\/\/www.foodbanking.org\/wp-content\/uploads\/2023\/05\/GFN_Logo_Teal.png","contentUrl":"https:\/\/www.foodbanking.org\/wp-content\/uploads\/2023\/05\/GFN_Logo_Teal.png","width":1000,"height":296,"caption":"The Global FoodBanking Network"},"image":{"@id":"https:\/\/www.foodbanking.org\/#\/schema\/logo\/image\/"},"sameAs":["https:\/\/www.facebook.com\/foodbanking","https:\/\/x.com\/foodbanking","https:\/\/www.instagram.com\/foodbanking","https:\/\/www.linkedin.com\/company\/the-global-foodbanking-network\/"],"ownershipFundingInfo":"https:\/\/www.foodbanking.org\/annual-reports-and-financials\/","actionableFeedbackPolicy":"https:\/\/www.foodbanking.org\/contact-us\/"}]}},"_links":{"self":[{"href":"https:\/\/www.foodbanking.org\/pt\/wp-json\/wp\/v2\/pages\/4792","targetHints":{"allow":["GET"]}}],"collection":[{"href":"https:\/\/www.foodbanking.org\/pt\/wp-json\/wp\/v2\/pages"}],"about":[{"href":"https:\/\/www.foodbanking.org\/pt\/wp-json\/wp\/v2\/types\/page"}],"author":[{"embeddable":true,"href":"https:\/\/www.foodbanking.org\/pt\/wp-json\/wp\/v2\/users\/17"}],"replies":[{"embeddable":true,"href":"https:\/\/www.foodbanking.org\/pt\/wp-json\/wp\/v2\/comments?post=4792"}],"version-history":[{"count":0,"href":"https:\/\/www.foodbanking.org\/pt\/wp-json\/wp\/v2\/pages\/4792\/revisions"}],"up":[{"embeddable":true,"href":"https:\/\/www.foodbanking.org\/pt\/wp-json\/wp\/v2\/pages\/750"}],"wp:attachment":[{"href":"https:\/\/www.foodbanking.org\/pt\/wp-json\/wp\/v2\/media?parent=4792"}],"curies":[{"name":"wp","href":"https:\/\/api.w.org\/{rel}","templated":true}]}}