{"id":3952,"date":"2023-11-21T17:13:04","date_gmt":"2023-11-21T17:13:04","guid":{"rendered":"https:\/\/www.foodbanking.org\/?page_id=3952"},"modified":"2026-02-25T16:49:54","modified_gmt":"2026-02-25T16:49:54","slug":"gfn-global-summit","status":"publish","type":"page","link":"https:\/\/www.foodbanking.org\/pt\/gfn-global-summit\/","title":{"rendered":"Cimeira Global GFN"},"content":{"rendered":"","protected":false},"excerpt":{"rendered":"","protected":false},"author":11,"featured_media":0,"parent":0,"menu_order":0,"comment_status":"closed","ping_status":"closed","template":"page-templates\/photo-essay.php","meta":{"inline_featured_image":false,"footnotes":""},"class_list":["post-3952","page","type-page","status-publish","hentry"],"acf":[],"yoast_head":"<title>GFN Global Summit | The Global FoodBanking Network<\/title>\n<meta name=\"description\" content=\"The GFN Global Summit is a gathering of food system leaders to learn and engage on vital topics surrounding food security and climate change.\" \/>\n<meta name=\"robots\" content=\"index, follow, max-snippet:-1, max-image-preview:large, max-video-preview:-1\" \/>\n<link rel=\"canonical\" href=\"https:\/\/www.foodbanking.org\/pt\/gfn-global-summit\/\" \/>\n<meta property=\"og:locale\" content=\"pt_BR\" \/>\n<meta property=\"og:type\" content=\"article\" \/>\n<meta property=\"og:title\" content=\"GFN Global Summit 2026\" \/>\n<meta property=\"og:description\" content=\"The Global FoodBanking Network (GFN) will host its next Global Summit in Toronto, Canada, in partnership with Food Banks Canada in the fall of 2026.More than 350 food bankers, leaders, experts and partners working across the global food system with gather in Toronto for the 2026 Summit.\" \/>\n<meta property=\"og:url\" content=\"https:\/\/www.foodbanking.org\/pt\/gfn-global-summit\/\" \/>\n<meta property=\"og:site_name\" content=\"The Global FoodBanking Network\" \/>\n<meta property=\"article:publisher\" content=\"https:\/\/www.facebook.com\/foodbanking\" \/>\n<meta property=\"article:modified_time\" content=\"2026-02-25T16:49:54+00:00\" \/>\n<meta property=\"og:image\" content=\"https:\/\/www.foodbanking.org\/wp-content\/uploads\/2025\/11\/mathew-schwartz-nwtJyl-2iMI-unsplash-scaled.jpg\" \/>\n\t<meta property=\"og:image:width\" content=\"2560\" \/>\n\t<meta property=\"og:image:height\" content=\"1032\" \/>\n\t<meta property=\"og:image:type\" content=\"image\/jpeg\" \/>\n<meta name=\"twitter:card\" content=\"summary_large_image\" \/>\n<meta name=\"twitter:title\" content=\"GFN Global Summit 2026\" \/>\n<meta name=\"twitter:description\" content=\"The Global FoodBanking Network (GFN) will host its next Global Summit in Toronto, Canada, in partnership with Food Banks Canada in the fall of 2026. More than 350 food bankers, leaders, experts and partners working across the global food system with gather in Toronto for the 2026 Summit.\" \/>\n<meta name=\"twitter:image\" content=\"https:\/\/www.foodbanking.org\/wp-content\/uploads\/2025\/11\/mathew-schwartz-nwtJyl-2iMI-unsplash-scaled.jpg\" \/>\n<meta name=\"twitter:site\" content=\"@foodbanking\" \/>\n<meta name=\"twitter:label1\" content=\"Est. tempo de leitura\" \/>\n\t<meta name=\"twitter:data1\" content=\"3 minutos\" \/>\n<script type=\"application\/ld+json\" class=\"yoast-schema-graph\">{\"@context\":\"https:\\\/\\\/schema.org\",\"@graph\":[{\"@type\":\"WebPage\",\"@id\":\"https:\\\/\\\/www.foodbanking.org\\\/gfn-global-summit\\\/\",\"url\":\"https:\\\/\\\/www.foodbanking.org\\\/gfn-global-summit\\\/\",\"name\":\"GFN Global Summit | The Global FoodBanking Network\",\"isPartOf\":{\"@id\":\"https:\\\/\\\/www.foodbanking.org\\\/#website\"},\"datePublished\":\"2023-11-21T17:13:04+00:00\",\"dateModified\":\"2026-02-25T16:49:54+00:00\",\"description\":\"The GFN Global Summit is a gathering of food system leaders to learn and engage on vital topics surrounding food security and climate change.\",\"breadcrumb\":{\"@id\":\"https:\\\/\\\/www.foodbanking.org\\\/gfn-global-summit\\\/#breadcrumb\"},\"inLanguage\":\"pt-BR\",\"potentialAction\":[{\"@type\":\"ReadAction\",\"target\":[\"https:\\\/\\\/www.foodbanking.org\\\/gfn-global-summit\\\/\"]}]},{\"@type\":\"BreadcrumbList\",\"@id\":\"https:\\\/\\\/www.foodbanking.org\\\/gfn-global-summit\\\/#breadcrumb\",\"itemListElement\":[{\"@type\":\"ListItem\",\"position\":1,\"name\":\"Home\",\"item\":\"https:\\\/\\\/www.foodbanking.org\\\/\"},{\"@type\":\"ListItem\",\"position\":2,\"name\":\"GFN Global Summit\"}]},{\"@type\":\"WebSite\",\"@id\":\"https:\\\/\\\/www.foodbanking.org\\\/#website\",\"url\":\"https:\\\/\\\/www.foodbanking.org\\\/\",\"name\":\"The Global FoodBanking Network\",\"description\":\"\",\"publisher\":{\"@id\":\"https:\\\/\\\/www.foodbanking.org\\\/#organization\"},\"alternateName\":\"GFN\",\"potentialAction\":[{\"@type\":\"SearchAction\",\"target\":{\"@type\":\"EntryPoint\",\"urlTemplate\":\"https:\\\/\\\/www.foodbanking.org\\\/?s={search_term_string}\"},\"query-input\":{\"@type\":\"PropertyValueSpecification\",\"valueRequired\":true,\"valueName\":\"search_term_string\"}}],\"inLanguage\":\"pt-BR\"},{\"@type\":\"Organization\",\"@id\":\"https:\\\/\\\/www.foodbanking.org\\\/#organization\",\"name\":\"The Global FoodBanking Network\",\"alternateName\":\"GFN\",\"url\":\"https:\\\/\\\/www.foodbanking.org\\\/\",\"logo\":{\"@type\":\"ImageObject\",\"inLanguage\":\"pt-BR\",\"@id\":\"https:\\\/\\\/www.foodbanking.org\\\/#\\\/schema\\\/logo\\\/image\\\/\",\"url\":\"https:\\\/\\\/www.foodbanking.org\\\/wp-content\\\/uploads\\\/2023\\\/05\\\/GFN_Logo_Teal.png\",\"contentUrl\":\"https:\\\/\\\/www.foodbanking.org\\\/wp-content\\\/uploads\\\/2023\\\/05\\\/GFN_Logo_Teal.png\",\"width\":1000,\"height\":296,\"caption\":\"The Global FoodBanking Network\"},\"image\":{\"@id\":\"https:\\\/\\\/www.foodbanking.org\\\/#\\\/schema\\\/logo\\\/image\\\/\"},\"sameAs\":[\"https:\\\/\\\/www.facebook.com\\\/foodbanking\",\"https:\\\/\\\/x.com\\\/foodbanking\",\"https:\\\/\\\/www.instagram.com\\\/foodbanking\",\"https:\\\/\\\/www.linkedin.com\\\/company\\\/the-global-foodbanking-network\\\/\"],\"ownershipFundingInfo\":\"https:\\\/\\\/www.foodbanking.org\\\/annual-reports-and-financials\\\/\",\"actionableFeedbackPolicy\":\"https:\\\/\\\/www.foodbanking.org\\\/contact-us\\\/\"}]}<\/script>","yoast_head_json":{"title":"C\u00fapula Global da GFN | A Rede Global de Bancos de Alimentos","description":"A C\u00fapula Global da GFN \u00e9 um encontro de l\u00edderes do sistema alimentar para aprender e debater temas vitais relacionados \u00e0 seguran\u00e7a alimentar e \u00e0s mudan\u00e7as clim\u00e1ticas.","robots":{"index":"index","follow":"follow","max-snippet":"max-snippet:-1","max-image-preview":"max-image-preview:large","max-video-preview":"max-video-preview:-1"},"canonical":"https:\/\/www.foodbanking.org\/pt\/gfn-global-summit\/","og_locale":"pt_BR","og_type":"article","og_title":"GFN Global Summit 2026","og_description":"The Global FoodBanking Network (GFN) will host its next Global Summit in Toronto, Canada, in partnership with Food Banks Canada in the fall of 2026.More than 350 food bankers, leaders, experts and partners working across the global food system with gather in Toronto for the 2026 Summit.","og_url":"https:\/\/www.foodbanking.org\/pt\/gfn-global-summit\/","og_site_name":"The Global FoodBanking Network","article_publisher":"https:\/\/www.facebook.com\/foodbanking","article_modified_time":"2026-02-25T16:49:54+00:00","og_image":[{"width":2560,"height":1032,"url":"https:\/\/www.foodbanking.org\/wp-content\/uploads\/2025\/11\/mathew-schwartz-nwtJyl-2iMI-unsplash-scaled.jpg","type":"image\/jpeg"}],"twitter_card":"summary_large_image","twitter_title":"GFN Global Summit 2026","twitter_description":"The Global FoodBanking Network (GFN) will host its next Global Summit in Toronto, Canada, in partnership with Food Banks Canada in the fall of 2026. More than 350 food bankers, leaders, experts and partners working across the global food system with gather in Toronto for the 2026 Summit.","twitter_image":"https:\/\/www.foodbanking.org\/wp-content\/uploads\/2025\/11\/mathew-schwartz-nwtJyl-2iMI-unsplash-scaled.jpg","twitter_site":"@foodbanking","twitter_misc":{"Est. tempo de leitura":"3 minutos"},"schema":{"@context":"https:\/\/schema.org","@graph":[{"@type":"WebPage","@id":"https:\/\/www.foodbanking.org\/gfn-global-summit\/","url":"https:\/\/www.foodbanking.org\/gfn-global-summit\/","name":"C\u00fapula Global da GFN | A Rede Global de Bancos de Alimentos","isPartOf":{"@id":"https:\/\/www.foodbanking.org\/#website"},"datePublished":"2023-11-21T17:13:04+00:00","dateModified":"2026-02-25T16:49:54+00:00","description":"A C\u00fapula Global da GFN \u00e9 um encontro de l\u00edderes do sistema alimentar para aprender e debater temas vitais relacionados \u00e0 seguran\u00e7a alimentar e \u00e0s mudan\u00e7as clim\u00e1ticas.","breadcrumb":{"@id":"https:\/\/www.foodbanking.org\/gfn-global-summit\/#breadcrumb"},"inLanguage":"pt-BR","potentialAction":[{"@type":"ReadAction","target":["https:\/\/www.foodbanking.org\/gfn-global-summit\/"]}]},{"@type":"BreadcrumbList","@id":"https:\/\/www.foodbanking.org\/gfn-global-summit\/#breadcrumb","itemListElement":[{"@type":"ListItem","position":1,"name":"Home","item":"https:\/\/www.foodbanking.org\/"},{"@type":"ListItem","position":2,"name":"GFN Global Summit"}]},{"@type":"WebSite","@id":"https:\/\/www.foodbanking.org\/#website","url":"https:\/\/www.foodbanking.org\/","name":"A Rede Global de FoodBanking","description":"","publisher":{"@id":"https:\/\/www.foodbanking.org\/#organization"},"alternateName":"GFN","potentialAction":[{"@type":"SearchAction","target":{"@type":"EntryPoint","urlTemplate":"https:\/\/www.foodbanking.org\/?s={search_term_string}"},"query-input":{"@type":"PropertyValueSpecification","valueRequired":true,"valueName":"search_term_string"}}],"inLanguage":"pt-BR"},{"@type":"Organization","@id":"https:\/\/www.foodbanking.org\/#organization","name":"A Rede Global de FoodBanking","alternateName":"GFN","url":"https:\/\/www.foodbanking.org\/","logo":{"@type":"ImageObject","inLanguage":"pt-BR","@id":"https:\/\/www.foodbanking.org\/#\/schema\/logo\/image\/","url":"https:\/\/www.foodbanking.org\/wp-content\/uploads\/2023\/05\/GFN_Logo_Teal.png","contentUrl":"https:\/\/www.foodbanking.org\/wp-content\/uploads\/2023\/05\/GFN_Logo_Teal.png","width":1000,"height":296,"caption":"The Global FoodBanking Network"},"image":{"@id":"https:\/\/www.foodbanking.org\/#\/schema\/logo\/image\/"},"sameAs":["https:\/\/www.facebook.com\/foodbanking","https:\/\/x.com\/foodbanking","https:\/\/www.instagram.com\/foodbanking","https:\/\/www.linkedin.com\/company\/the-global-foodbanking-network\/"],"ownershipFundingInfo":"https:\/\/www.foodbanking.org\/annual-reports-and-financials\/","actionableFeedbackPolicy":"https:\/\/www.foodbanking.org\/contact-us\/"}]}},"_links":{"self":[{"href":"https:\/\/www.foodbanking.org\/pt\/wp-json\/wp\/v2\/pages\/3952","targetHints":{"allow":["GET"]}}],"collection":[{"href":"https:\/\/www.foodbanking.org\/pt\/wp-json\/wp\/v2\/pages"}],"about":[{"href":"https:\/\/www.foodbanking.org\/pt\/wp-json\/wp\/v2\/types\/page"}],"author":[{"embeddable":true,"href":"https:\/\/www.foodbanking.org\/pt\/wp-json\/wp\/v2\/users\/11"}],"replies":[{"embeddable":true,"href":"https:\/\/www.foodbanking.org\/pt\/wp-json\/wp\/v2\/comments?post=3952"}],"version-history":[{"count":0,"href":"https:\/\/www.foodbanking.org\/pt\/wp-json\/wp\/v2\/pages\/3952\/revisions"}],"wp:attachment":[{"href":"https:\/\/www.foodbanking.org\/pt\/wp-json\/wp\/v2\/media?parent=3952"}],"curies":[{"name":"wp","href":"https:\/\/api.w.org\/{rel}","templated":true}]}}